{"id":2907,"date":"2024-11-04T23:55:47","date_gmt":"2024-11-04T23:55:47","guid":{"rendered":"https:\/\/alpelobydoggyinhome.com\/product\/botiquin-completo\/"},"modified":"2025-02-10T22:41:24","modified_gmt":"2025-02-10T22:41:24","slug":"botiquin-completo","status":"publish","type":"product","link":"https:\/\/alpelobydoggyinhome.com\/?product=botiquin-completo","title":{"rendered":"Botiqu\u00edn Completo"},"content":{"rendered":"<p>Mant\u00e9n a tu amigo peludo seguro en cualquier situaci\u00f3n con este botiqu\u00edn de primeros auxilios para mascotas. Dise\u00f1ado especialmente para brindar los cuidados esenciales a perros y gatos, este pr\u00e1ctico botiqu\u00edn contiene todo lo necesario para tratar heridas menores, cortes, esguinces, y situaciones de emergencia mientras llega la atenci\u00f3n veterinaria.<\/p>\n<p>Es una herramienta indispensable para los due\u00f1os responsables que desean estar preparados para cualquier imprevisto y asegurar el bienestar de sus mascotas.<\/p>\n","protected":false},"excerpt":{"rendered":"<p>Mant\u00e9n a tu amigo peludo seguro en cualquier situaci\u00f3n con este botiqu\u00edn de primeros auxilios para mascotas. Dise\u00f1ado especialmente para brindar los cuidados esenciales a perros y gatos, este pr\u00e1ctico botiqu\u00edn contiene todo lo necesario para tratar heridas menores, cortes, esguinces, y situaciones de emergencia mientras llega la atenci\u00f3n veterinaria.<\/p>\n","protected":false},"featured_media":3584,"comment_status":"open","ping_status":"closed","template":"","meta":{"_uag_custom_page_level_css":"","site-sidebar-layout":"default","site-content-layout":"","ast-site-content-layout":"default","site-content-style":"default","site-sidebar-style":"default","ast-global-header-display":"","ast-banner-title-visibility":"","ast-main-header-display":"","ast-hfb-above-header-display":"","ast-hfb-below-header-display":"","ast-hfb-mobile-header-display":"","site-post-title":"","ast-breadcrumbs-content":"","ast-featured-img":"","footer-sml-layout":"","ast-disable-related-posts":"","theme-transparent-header-meta":"default","adv-header-id-meta":"","stick-header-meta":"","header-above-stick-meta":"","header-main-stick-meta":"","header-below-stick-meta":"","astra-migrate-meta-layouts":"set","ast-page-background-enabled":"default","ast-page-background-meta":{"desktop":{"background-color":"","background-image":"","background-repeat":"repeat","background-position":"center center","background-size":"auto","background-attachment":"scroll","background-type":"","background-media":"","overlay-type":"","overlay-color":"","overlay-opacity":"","overlay-gradient":""},"tablet":{"background-color":"","background-image":"","background-repeat":"repeat","background-position":"center center","background-size":"auto","background-attachment":"scroll","background-type":"","background-media":"","overlay-type":"","overlay-color":"","overlay-opacity":"","overlay-gradient":""},"mobile":{"background-color":"","background-image":"","background-repeat":"repeat","background-position":"center center","background-size":"auto","background-attachment":"scroll","background-type":"","background-media":"","overlay-type":"","overlay-color":"","overlay-opacity":"","overlay-gradient":""}},"ast-content-background-meta":{"desktop":{"background-color":"var(--ast-global-color-4)","background-image":"","background-repeat":"repeat","background-position":"center center","background-size":"auto","background-attachment":"scroll","background-type":"","background-media":"","overlay-type":"","overlay-color":"","overlay-opacity":"","overlay-gradient":""},"tablet":{"background-color":"var(--ast-global-color-4)","background-image":"","background-repeat":"repeat","background-position":"center center","background-size":"auto","background-attachment":"scroll","background-type":"","background-media":"","overlay-type":"","overlay-color":"","overlay-opacity":"","overlay-gradient":""},"mobile":{"background-color":"var(--ast-global-color-4)","background-image":"","background-repeat":"repeat","background-position":"center center","background-size":"auto","background-attachment":"scroll","background-type":"","background-media":"","overlay-type":"","overlay-color":"","overlay-opacity":"","overlay-gradient":""}}},"product_brand":[],"product_cat":[32],"product_tag":[],"class_list":{"0":"post-2907","1":"product","2":"type-product","3":"status-publish","4":"has-post-thumbnail","6":"product_cat-producto-social","7":"desktop-align-left","8":"tablet-align-left","9":"mobile-align-left","11":"first","12":"instock","13":"shipping-taxable","14":"purchasable","15":"product-type-simple"},"yoast_head":"<!-- This site is optimized with the Yoast SEO plugin v27.4 - https:\/\/yoast.com\/product\/yoast-seo-wordpress\/ -->\n<title>Botiqu\u00edn Completo - alpelobydoggyinhome.com<\/title>\n<meta name=\"robots\" content=\"index, follow, max-snippet:-1, max-image-preview:large, max-video-preview:-1\" \/>\n<link rel=\"canonical\" href=\"https:\/\/alpelobydoggyinhome.com\/?product=botiquin-completo\" \/>\n<meta property=\"og:locale\" content=\"es_ES\" \/>\n<meta property=\"og:type\" content=\"article\" \/>\n<meta property=\"og:title\" content=\"Botiqu\u00edn Completo - alpelobydoggyinhome.com\" \/>\n<meta property=\"og:description\" content=\"Mant\u00e9n a tu amigo peludo seguro en cualquier situaci\u00f3n con este botiqu\u00edn de primeros auxilios para mascotas. Dise\u00f1ado especialmente para brindar los cuidados esenciales a perros y gatos, este pr\u00e1ctico botiqu\u00edn contiene todo lo necesario para tratar heridas menores, cortes, esguinces, y situaciones de emergencia mientras llega la atenci\u00f3n veterinaria.\" \/>\n<meta property=\"og:url\" content=\"https:\/\/alpelobydoggyinhome.com\/?product=botiquin-completo\" \/>\n<meta property=\"og:site_name\" content=\"alpelobydoggyinhome.com\" \/>\n<meta property=\"article:modified_time\" content=\"2025-02-10T22:41:24+00:00\" \/>\n<meta property=\"og:image\" content=\"https:\/\/alpelobydoggyinhome.com\/wp-content\/uploads\/2025\/02\/IMG_7900-scaled.jpg\" \/>\n\t<meta property=\"og:image:width\" content=\"2560\" \/>\n\t<meta property=\"og:image:height\" content=\"1867\" \/>\n\t<meta property=\"og:image:type\" content=\"image\/jpeg\" \/>\n<meta name=\"twitter:card\" content=\"summary_large_image\" \/>\n<script type=\"application\/ld+json\" class=\"yoast-schema-graph\">{\"@context\":\"https:\\\/\\\/schema.org\",\"@graph\":[{\"@type\":\"WebPage\",\"@id\":\"https:\\\/\\\/alpelobydoggyinhome.com\\\/?product=botiquin-completo\",\"url\":\"https:\\\/\\\/alpelobydoggyinhome.com\\\/?product=botiquin-completo\",\"name\":\"Botiqu\u00edn Completo - alpelobydoggyinhome.com\",\"isPartOf\":{\"@id\":\"https:\\\/\\\/alpelobydoggyinhome.com\\\/#website\"},\"primaryImageOfPage\":{\"@id\":\"https:\\\/\\\/alpelobydoggyinhome.com\\\/?product=botiquin-completo#primaryimage\"},\"image\":{\"@id\":\"https:\\\/\\\/alpelobydoggyinhome.com\\\/?product=botiquin-completo#primaryimage\"},\"thumbnailUrl\":\"https:\\\/\\\/alpelobydoggyinhome.com\\\/wp-content\\\/uploads\\\/2025\\\/02\\\/IMG_7900-scaled.jpg\",\"datePublished\":\"2024-11-04T23:55:47+00:00\",\"dateModified\":\"2025-02-10T22:41:24+00:00\",\"breadcrumb\":{\"@id\":\"https:\\\/\\\/alpelobydoggyinhome.com\\\/?product=botiquin-completo#breadcrumb\"},\"inLanguage\":\"es-CO\",\"potentialAction\":[{\"@type\":\"ReadAction\",\"target\":[\"https:\\\/\\\/alpelobydoggyinhome.com\\\/?product=botiquin-completo\"]}]},{\"@type\":\"ImageObject\",\"inLanguage\":\"es-CO\",\"@id\":\"https:\\\/\\\/alpelobydoggyinhome.com\\\/?product=botiquin-completo#primaryimage\",\"url\":\"https:\\\/\\\/alpelobydoggyinhome.com\\\/wp-content\\\/uploads\\\/2025\\\/02\\\/IMG_7900-scaled.jpg\",\"contentUrl\":\"https:\\\/\\\/alpelobydoggyinhome.com\\\/wp-content\\\/uploads\\\/2025\\\/02\\\/IMG_7900-scaled.jpg\",\"width\":2560,\"height\":1867},{\"@type\":\"BreadcrumbList\",\"@id\":\"https:\\\/\\\/alpelobydoggyinhome.com\\\/?product=botiquin-completo#breadcrumb\",\"itemListElement\":[{\"@type\":\"ListItem\",\"position\":1,\"name\":\"Home\",\"item\":\"https:\\\/\\\/alpelobydoggyinhome.com\\\/\"},{\"@type\":\"ListItem\",\"position\":2,\"name\":\"PRODUCTOS\",\"item\":\"https:\\\/\\\/alpelobydoggyinhome.com\\\/?page_id=3021\"},{\"@type\":\"ListItem\",\"position\":3,\"name\":\"Botiqu\u00edn Completo\"}]},{\"@type\":\"WebSite\",\"@id\":\"https:\\\/\\\/alpelobydoggyinhome.com\\\/#website\",\"url\":\"https:\\\/\\\/alpelobydoggyinhome.com\\\/\",\"name\":\"alpelobydoggyinhome.com\",\"description\":\"\",\"publisher\":{\"@id\":\"https:\\\/\\\/alpelobydoggyinhome.com\\\/#organization\"},\"potentialAction\":[{\"@type\":\"SearchAction\",\"target\":{\"@type\":\"EntryPoint\",\"urlTemplate\":\"https:\\\/\\\/alpelobydoggyinhome.com\\\/?s={search_term_string}\"},\"query-input\":{\"@type\":\"PropertyValueSpecification\",\"valueRequired\":true,\"valueName\":\"search_term_string\"}}],\"inLanguage\":\"es-CO\"},{\"@type\":\"Organization\",\"@id\":\"https:\\\/\\\/alpelobydoggyinhome.com\\\/#organization\",\"name\":\"alpelobydoggyinhome.com\",\"url\":\"https:\\\/\\\/alpelobydoggyinhome.com\\\/\",\"logo\":{\"@type\":\"ImageObject\",\"inLanguage\":\"es-CO\",\"@id\":\"https:\\\/\\\/alpelobydoggyinhome.com\\\/#\\\/schema\\\/logo\\\/image\\\/\",\"url\":\"https:\\\/\\\/alpelobydoggyinhome.com\\\/wp-content\\\/uploads\\\/2024\\\/10\\\/WhatsApp_Image_2024-10-29_at_2.00.42_PM__2_-removebg-preview.png\",\"contentUrl\":\"https:\\\/\\\/alpelobydoggyinhome.com\\\/wp-content\\\/uploads\\\/2024\\\/10\\\/WhatsApp_Image_2024-10-29_at_2.00.42_PM__2_-removebg-preview.png\",\"width\":500,\"height\":500,\"caption\":\"alpelobydoggyinhome.com\"},\"image\":{\"@id\":\"https:\\\/\\\/alpelobydoggyinhome.com\\\/#\\\/schema\\\/logo\\\/image\\\/\"},\"sameAs\":[\"https:\\\/\\\/www.instagram.com\\\/alpelo_bydoggyinhome\"]}]}<\/script>\n<!-- \/ Yoast SEO plugin. -->","yoast_head_json":{"title":"Botiqu\u00edn Completo - alpelobydoggyinhome.com","robots":{"index":"index","follow":"follow","max-snippet":"max-snippet:-1","max-image-preview":"max-image-preview:large","max-video-preview":"max-video-preview:-1"},"canonical":"https:\/\/alpelobydoggyinhome.com\/?product=botiquin-completo","og_locale":"es_ES","og_type":"article","og_title":"Botiqu\u00edn Completo - alpelobydoggyinhome.com","og_description":"Mant\u00e9n a tu amigo peludo seguro en cualquier situaci\u00f3n con este botiqu\u00edn de primeros auxilios para mascotas. Dise\u00f1ado especialmente para brindar los cuidados esenciales a perros y gatos, este pr\u00e1ctico botiqu\u00edn contiene todo lo necesario para tratar heridas menores, cortes, esguinces, y situaciones de emergencia mientras llega la atenci\u00f3n veterinaria.","og_url":"https:\/\/alpelobydoggyinhome.com\/?product=botiquin-completo","og_site_name":"alpelobydoggyinhome.com","article_modified_time":"2025-02-10T22:41:24+00:00","og_image":[{"width":2560,"height":1867,"url":"https:\/\/alpelobydoggyinhome.com\/wp-content\/uploads\/2025\/02\/IMG_7900-scaled.jpg","type":"image\/jpeg"}],"twitter_card":"summary_large_image","schema":{"@context":"https:\/\/schema.org","@graph":[{"@type":"WebPage","@id":"https:\/\/alpelobydoggyinhome.com\/?product=botiquin-completo","url":"https:\/\/alpelobydoggyinhome.com\/?product=botiquin-completo","name":"Botiqu\u00edn Completo - alpelobydoggyinhome.com","isPartOf":{"@id":"https:\/\/alpelobydoggyinhome.com\/#website"},"primaryImageOfPage":{"@id":"https:\/\/alpelobydoggyinhome.com\/?product=botiquin-completo#primaryimage"},"image":{"@id":"https:\/\/alpelobydoggyinhome.com\/?product=botiquin-completo#primaryimage"},"thumbnailUrl":"https:\/\/alpelobydoggyinhome.com\/wp-content\/uploads\/2025\/02\/IMG_7900-scaled.jpg","datePublished":"2024-11-04T23:55:47+00:00","dateModified":"2025-02-10T22:41:24+00:00","breadcrumb":{"@id":"https:\/\/alpelobydoggyinhome.com\/?product=botiquin-completo#breadcrumb"},"inLanguage":"es-CO","potentialAction":[{"@type":"ReadAction","target":["https:\/\/alpelobydoggyinhome.com\/?product=botiquin-completo"]}]},{"@type":"ImageObject","inLanguage":"es-CO","@id":"https:\/\/alpelobydoggyinhome.com\/?product=botiquin-completo#primaryimage","url":"https:\/\/alpelobydoggyinhome.com\/wp-content\/uploads\/2025\/02\/IMG_7900-scaled.jpg","contentUrl":"https:\/\/alpelobydoggyinhome.com\/wp-content\/uploads\/2025\/02\/IMG_7900-scaled.jpg","width":2560,"height":1867},{"@type":"BreadcrumbList","@id":"https:\/\/alpelobydoggyinhome.com\/?product=botiquin-completo#breadcrumb","itemListElement":[{"@type":"ListItem","position":1,"name":"Home","item":"https:\/\/alpelobydoggyinhome.com\/"},{"@type":"ListItem","position":2,"name":"PRODUCTOS","item":"https:\/\/alpelobydoggyinhome.com\/?page_id=3021"},{"@type":"ListItem","position":3,"name":"Botiqu\u00edn Completo"}]},{"@type":"WebSite","@id":"https:\/\/alpelobydoggyinhome.com\/#website","url":"https:\/\/alpelobydoggyinhome.com\/","name":"alpelobydoggyinhome.com","description":"","publisher":{"@id":"https:\/\/alpelobydoggyinhome.com\/#organization"},"potentialAction":[{"@type":"SearchAction","target":{"@type":"EntryPoint","urlTemplate":"https:\/\/alpelobydoggyinhome.com\/?s={search_term_string}"},"query-input":{"@type":"PropertyValueSpecification","valueRequired":true,"valueName":"search_term_string"}}],"inLanguage":"es-CO"},{"@type":"Organization","@id":"https:\/\/alpelobydoggyinhome.com\/#organization","name":"alpelobydoggyinhome.com","url":"https:\/\/alpelobydoggyinhome.com\/","logo":{"@type":"ImageObject","inLanguage":"es-CO","@id":"https:\/\/alpelobydoggyinhome.com\/#\/schema\/logo\/image\/","url":"https:\/\/alpelobydoggyinhome.com\/wp-content\/uploads\/2024\/10\/WhatsApp_Image_2024-10-29_at_2.00.42_PM__2_-removebg-preview.png","contentUrl":"https:\/\/alpelobydoggyinhome.com\/wp-content\/uploads\/2024\/10\/WhatsApp_Image_2024-10-29_at_2.00.42_PM__2_-removebg-preview.png","width":500,"height":500,"caption":"alpelobydoggyinhome.com"},"image":{"@id":"https:\/\/alpelobydoggyinhome.com\/#\/schema\/logo\/image\/"},"sameAs":["https:\/\/www.instagram.com\/alpelo_bydoggyinhome"]}]}},"uagb_featured_image_src":{"full":["https:\/\/alpelobydoggyinhome.com\/wp-content\/uploads\/2025\/02\/IMG_7900-scaled.jpg",2560,1867,false],"thumbnail":["https:\/\/alpelobydoggyinhome.com\/wp-content\/uploads\/2025\/02\/IMG_7900-150x150.jpg",150,150,true],"medium":["https:\/\/alpelobydoggyinhome.com\/wp-content\/uploads\/2025\/02\/IMG_7900-300x219.jpg",300,219,true],"medium_large":["https:\/\/alpelobydoggyinhome.com\/wp-content\/uploads\/2025\/02\/IMG_7900-768x560.jpg",768,560,true],"large":["https:\/\/alpelobydoggyinhome.com\/wp-content\/uploads\/2025\/02\/IMG_7900-1024x747.jpg",1024,747,true],"1536x1536":["https:\/\/alpelobydoggyinhome.com\/wp-content\/uploads\/2025\/02\/IMG_7900-1536x1120.jpg",1536,1120,true],"2048x2048":["https:\/\/alpelobydoggyinhome.com\/wp-content\/uploads\/2025\/02\/IMG_7900-2048x1494.jpg",2048,1494,true],"woocommerce_thumbnail":["https:\/\/alpelobydoggyinhome.com\/wp-content\/uploads\/2025\/02\/IMG_7900-300x300.jpg",300,300,true],"woocommerce_single":["https:\/\/alpelobydoggyinhome.com\/wp-content\/uploads\/2025\/02\/IMG_7900-600x438.jpg",600,438,true],"woocommerce_gallery_thumbnail":["https:\/\/alpelobydoggyinhome.com\/wp-content\/uploads\/2025\/02\/IMG_7900-100x100.jpg",100,100,true]},"uagb_author_info":{"display_name":"David Casta\u00f1eda","author_link":"https:\/\/alpelobydoggyinhome.com\/?author=0"},"uagb_comment_info":0,"uagb_excerpt":"Mant\u00e9n a tu amigo peludo seguro en cualquier situaci\u00f3n con este botiqu\u00edn de primeros auxilios para mascotas. Dise\u00f1ado especialmente para brindar los cuidados esenciales a perros y gatos, este pr\u00e1ctico botiqu\u00edn contiene todo lo necesario para tratar heridas menores, cortes, esguinces, y situaciones de emergencia mientras llega la atenci\u00f3n veterinaria.","_links":{"self":[{"href":"https:\/\/alpelobydoggyinhome.com\/index.php?rest_route=\/wp\/v2\/product\/2907","targetHints":{"allow":["GET"]}}],"collection":[{"href":"https:\/\/alpelobydoggyinhome.com\/index.php?rest_route=\/wp\/v2\/product"}],"about":[{"href":"https:\/\/alpelobydoggyinhome.com\/index.php?rest_route=\/wp\/v2\/types\/product"}],"replies":[{"embeddable":true,"href":"https:\/\/alpelobydoggyinhome.com\/index.php?rest_route=%2Fwp%2Fv2%2Fcomments&post=2907"}],"version-history":[{"count":2,"href":"https:\/\/alpelobydoggyinhome.com\/index.php?rest_route=\/wp\/v2\/product\/2907\/revisions"}],"predecessor-version":[{"id":3931,"href":"https:\/\/alpelobydoggyinhome.com\/index.php?rest_route=\/wp\/v2\/product\/2907\/revisions\/3931"}],"wp:featuredmedia":[{"embeddable":true,"href":"https:\/\/alpelobydoggyinhome.com\/index.php?rest_route=\/wp\/v2\/media\/3584"}],"wp:attachment":[{"href":"https:\/\/alpelobydoggyinhome.com\/index.php?rest_route=%2Fwp%2Fv2%2Fmedia&parent=2907"}],"wp:term":[{"taxonomy":"product_brand","embeddable":true,"href":"https:\/\/alpelobydoggyinhome.com\/index.php?rest_route=%2Fwp%2Fv2%2Fproduct_brand&post=2907"},{"taxonomy":"product_cat","embeddable":true,"href":"https:\/\/alpelobydoggyinhome.com\/index.php?rest_route=%2Fwp%2Fv2%2Fproduct_cat&post=2907"},{"taxonomy":"product_tag","embeddable":true,"href":"https:\/\/alpelobydoggyinhome.com\/index.php?rest_route=%2Fwp%2Fv2%2Fproduct_tag&post=2907"}],"curies":[{"name":"wp","href":"https:\/\/api.w.org\/{rel}","templated":true}]}}