{"id":2908,"date":"2024-11-04T23:55:47","date_gmt":"2024-11-04T23:55:47","guid":{"rendered":"https:\/\/alpelobydoggyinhome.com\/product\/buso-mama\/"},"modified":"2024-11-04T23:55:47","modified_gmt":"2024-11-04T23:55:47","slug":"buso-mama","status":"publish","type":"product","link":"https:\/\/alpelobydoggyinhome.com\/?product=buso-mama","title":{"rendered":"Buso Mam\u00e1"},"content":{"rendered":"<p>Celebra el amor incondicional que sientes por tu compa\u00f1ero peludo con nuestro buso para mam\u00e1s de mascotas. Confeccionado con una mezcla suave y acogedora de materiales de alta calidad, este buso es perfecto para esos d\u00edas de paseo o para relajarte en casa con tu amigo de cuatro patas. Su dise\u00f1o c\u00f3modo y moderno incluye un mensaje cari\u00f1oso y un divertido estampado que celebra el orgullo de ser una mam\u00e1 de mascota.<\/p>\n<p> Disponible en varios colores y tallas, este buso es ideal para quienes ven en sus mascotas a un miembro m\u00e1s de la familia. \u00a1Expr\u00e9sate con estilo y calidez mientras muestras al mundo el amor que sientes por tu fiel compa\u00f1ero!<\/p>\n","protected":false},"excerpt":{"rendered":"<p>Celebra el amor incondicional que sientes por tu compa\u00f1ero peludo con nuestro buso para mam\u00e1s de mascotas.<\/p>\n","protected":false},"featured_media":2738,"comment_status":"open","ping_status":"closed","template":"Talla","meta":{"_uag_custom_page_level_css":"","site-sidebar-layout":"","site-content-layout":"","ast-site-content-layout":"","site-content-style":"","site-sidebar-style":"","ast-global-header-display":"","ast-banner-title-visibility":"","ast-main-header-display":"","ast-hfb-above-header-display":"","ast-hfb-below-header-display":"","ast-hfb-mobile-header-display":"","site-post-title":"","ast-breadcrumbs-content":"","ast-featured-img":"","footer-sml-layout":"","ast-disable-related-posts":"","theme-transparent-header-meta":"","adv-header-id-meta":"","stick-header-meta":"","header-above-stick-meta":"","header-main-stick-meta":"","header-below-stick-meta":"","astra-migrate-meta-layouts":"","ast-page-background-enabled":"default","ast-page-background-meta":{"desktop":{"background-color":"","background-image":"","background-repeat":"repeat","background-position":"center center","background-size":"auto","background-attachment":"scroll","background-type":"","background-media":"","overlay-type":"","overlay-color":"","overlay-opacity":"","overlay-gradient":""},"tablet":{"background-color":"","background-image":"","background-repeat":"repeat","background-position":"center center","background-size":"auto","background-attachment":"scroll","background-type":"","background-media":"","overlay-type":"","overlay-color":"","overlay-opacity":"","overlay-gradient":""},"mobile":{"background-color":"","background-image":"","background-repeat":"repeat","background-position":"center center","background-size":"auto","background-attachment":"scroll","background-type":"","background-media":"","overlay-type":"","overlay-color":"","overlay-opacity":"","overlay-gradient":""}},"ast-content-background-meta":{"desktop":{"background-color":"var(--ast-global-color-4)","background-image":"","background-repeat":"repeat","background-position":"center center","background-size":"auto","background-attachment":"scroll","background-type":"","background-media":"","overlay-type":"","overlay-color":"","overlay-opacity":"","overlay-gradient":""},"tablet":{"background-color":"var(--ast-global-color-4)","background-image":"","background-repeat":"repeat","background-position":"center center","background-size":"auto","background-attachment":"scroll","background-type":"","background-media":"","overlay-type":"","overlay-color":"","overlay-opacity":"","overlay-gradient":""},"mobile":{"background-color":"var(--ast-global-color-4)","background-image":"","background-repeat":"repeat","background-position":"center center","background-size":"auto","background-attachment":"scroll","background-type":"","background-media":"","overlay-type":"","overlay-color":"","overlay-opacity":"","overlay-gradient":""}}},"product_brand":[],"product_cat":[32],"product_tag":[],"class_list":{"0":"post-2908","1":"product","2":"type-product","3":"status-publish","4":"has-post-thumbnail","6":"product_cat-producto-social","7":"desktop-align-left","8":"tablet-align-left","9":"mobile-align-left","11":"first","12":"outofstock","13":"shipping-taxable","14":"product-type-variable"},"yoast_head":"<!-- This site is optimized with the Yoast SEO plugin v27.4 - https:\/\/yoast.com\/product\/yoast-seo-wordpress\/ -->\n<title>Buso Mam\u00e1 - alpelobydoggyinhome.com<\/title>\n<meta name=\"robots\" content=\"index, follow, max-snippet:-1, max-image-preview:large, max-video-preview:-1\" \/>\n<link rel=\"canonical\" href=\"https:\/\/alpelobydoggyinhome.com\/?product=buso-mama\" \/>\n<meta property=\"og:locale\" content=\"es_ES\" \/>\n<meta property=\"og:type\" content=\"article\" \/>\n<meta property=\"og:title\" content=\"Buso Mam\u00e1 - alpelobydoggyinhome.com\" \/>\n<meta property=\"og:description\" content=\"Celebra el amor incondicional que sientes por tu compa\u00f1ero peludo con nuestro buso para mam\u00e1s de mascotas.\" \/>\n<meta property=\"og:url\" content=\"https:\/\/alpelobydoggyinhome.com\/?product=buso-mama\" \/>\n<meta property=\"og:site_name\" content=\"alpelobydoggyinhome.com\" \/>\n<meta property=\"og:image\" content=\"https:\/\/alpelobydoggyinhome.com\/wp-content\/uploads\/2024\/11\/buso.jpeg\" \/>\n\t<meta property=\"og:image:width\" content=\"1242\" \/>\n\t<meta property=\"og:image:height\" content=\"1215\" \/>\n\t<meta property=\"og:image:type\" content=\"image\/jpeg\" \/>\n<meta name=\"twitter:card\" content=\"summary_large_image\" \/>\n<meta name=\"twitter:label1\" content=\"Tiempo de lectura\" \/>\n\t<meta name=\"twitter:data1\" content=\"1 minuto\" \/>\n<script type=\"application\/ld+json\" class=\"yoast-schema-graph\">{\"@context\":\"https:\\\/\\\/schema.org\",\"@graph\":[{\"@type\":\"WebPage\",\"@id\":\"https:\\\/\\\/alpelobydoggyinhome.com\\\/?product=buso-mama\",\"url\":\"https:\\\/\\\/alpelobydoggyinhome.com\\\/?product=buso-mama\",\"name\":\"Buso Mam\u00e1 - alpelobydoggyinhome.com\",\"isPartOf\":{\"@id\":\"https:\\\/\\\/alpelobydoggyinhome.com\\\/#website\"},\"primaryImageOfPage\":{\"@id\":\"https:\\\/\\\/alpelobydoggyinhome.com\\\/?product=buso-mama#primaryimage\"},\"image\":{\"@id\":\"https:\\\/\\\/alpelobydoggyinhome.com\\\/?product=buso-mama#primaryimage\"},\"thumbnailUrl\":\"https:\\\/\\\/alpelobydoggyinhome.com\\\/wp-content\\\/uploads\\\/2024\\\/11\\\/buso.jpeg\",\"datePublished\":\"2024-11-04T23:55:47+00:00\",\"breadcrumb\":{\"@id\":\"https:\\\/\\\/alpelobydoggyinhome.com\\\/?product=buso-mama#breadcrumb\"},\"inLanguage\":\"es-CO\",\"potentialAction\":[{\"@type\":\"ReadAction\",\"target\":[\"https:\\\/\\\/alpelobydoggyinhome.com\\\/?product=buso-mama\"]}]},{\"@type\":\"ImageObject\",\"inLanguage\":\"es-CO\",\"@id\":\"https:\\\/\\\/alpelobydoggyinhome.com\\\/?product=buso-mama#primaryimage\",\"url\":\"https:\\\/\\\/alpelobydoggyinhome.com\\\/wp-content\\\/uploads\\\/2024\\\/11\\\/buso.jpeg\",\"contentUrl\":\"https:\\\/\\\/alpelobydoggyinhome.com\\\/wp-content\\\/uploads\\\/2024\\\/11\\\/buso.jpeg\",\"width\":1242,\"height\":1215},{\"@type\":\"BreadcrumbList\",\"@id\":\"https:\\\/\\\/alpelobydoggyinhome.com\\\/?product=buso-mama#breadcrumb\",\"itemListElement\":[{\"@type\":\"ListItem\",\"position\":1,\"name\":\"Home\",\"item\":\"https:\\\/\\\/alpelobydoggyinhome.com\\\/\"},{\"@type\":\"ListItem\",\"position\":2,\"name\":\"PRODUCTOS\",\"item\":\"https:\\\/\\\/alpelobydoggyinhome.com\\\/?page_id=3021\"},{\"@type\":\"ListItem\",\"position\":3,\"name\":\"Buso Mam\u00e1\"}]},{\"@type\":\"WebSite\",\"@id\":\"https:\\\/\\\/alpelobydoggyinhome.com\\\/#website\",\"url\":\"https:\\\/\\\/alpelobydoggyinhome.com\\\/\",\"name\":\"alpelobydoggyinhome.com\",\"description\":\"\",\"publisher\":{\"@id\":\"https:\\\/\\\/alpelobydoggyinhome.com\\\/#organization\"},\"potentialAction\":[{\"@type\":\"SearchAction\",\"target\":{\"@type\":\"EntryPoint\",\"urlTemplate\":\"https:\\\/\\\/alpelobydoggyinhome.com\\\/?s={search_term_string}\"},\"query-input\":{\"@type\":\"PropertyValueSpecification\",\"valueRequired\":true,\"valueName\":\"search_term_string\"}}],\"inLanguage\":\"es-CO\"},{\"@type\":\"Organization\",\"@id\":\"https:\\\/\\\/alpelobydoggyinhome.com\\\/#organization\",\"name\":\"alpelobydoggyinhome.com\",\"url\":\"https:\\\/\\\/alpelobydoggyinhome.com\\\/\",\"logo\":{\"@type\":\"ImageObject\",\"inLanguage\":\"es-CO\",\"@id\":\"https:\\\/\\\/alpelobydoggyinhome.com\\\/#\\\/schema\\\/logo\\\/image\\\/\",\"url\":\"https:\\\/\\\/alpelobydoggyinhome.com\\\/wp-content\\\/uploads\\\/2024\\\/10\\\/WhatsApp_Image_2024-10-29_at_2.00.42_PM__2_-removebg-preview.png\",\"contentUrl\":\"https:\\\/\\\/alpelobydoggyinhome.com\\\/wp-content\\\/uploads\\\/2024\\\/10\\\/WhatsApp_Image_2024-10-29_at_2.00.42_PM__2_-removebg-preview.png\",\"width\":500,\"height\":500,\"caption\":\"alpelobydoggyinhome.com\"},\"image\":{\"@id\":\"https:\\\/\\\/alpelobydoggyinhome.com\\\/#\\\/schema\\\/logo\\\/image\\\/\"},\"sameAs\":[\"https:\\\/\\\/www.instagram.com\\\/alpelo_bydoggyinhome\"]}]}<\/script>\n<!-- \/ Yoast SEO plugin. -->","yoast_head_json":{"title":"Buso Mam\u00e1 - alpelobydoggyinhome.com","robots":{"index":"index","follow":"follow","max-snippet":"max-snippet:-1","max-image-preview":"max-image-preview:large","max-video-preview":"max-video-preview:-1"},"canonical":"https:\/\/alpelobydoggyinhome.com\/?product=buso-mama","og_locale":"es_ES","og_type":"article","og_title":"Buso Mam\u00e1 - alpelobydoggyinhome.com","og_description":"Celebra el amor incondicional que sientes por tu compa\u00f1ero peludo con nuestro buso para mam\u00e1s de mascotas.","og_url":"https:\/\/alpelobydoggyinhome.com\/?product=buso-mama","og_site_name":"alpelobydoggyinhome.com","og_image":[{"width":1242,"height":1215,"url":"https:\/\/alpelobydoggyinhome.com\/wp-content\/uploads\/2024\/11\/buso.jpeg","type":"image\/jpeg"}],"twitter_card":"summary_large_image","twitter_misc":{"Tiempo de lectura":"1 minuto"},"schema":{"@context":"https:\/\/schema.org","@graph":[{"@type":"WebPage","@id":"https:\/\/alpelobydoggyinhome.com\/?product=buso-mama","url":"https:\/\/alpelobydoggyinhome.com\/?product=buso-mama","name":"Buso Mam\u00e1 - alpelobydoggyinhome.com","isPartOf":{"@id":"https:\/\/alpelobydoggyinhome.com\/#website"},"primaryImageOfPage":{"@id":"https:\/\/alpelobydoggyinhome.com\/?product=buso-mama#primaryimage"},"image":{"@id":"https:\/\/alpelobydoggyinhome.com\/?product=buso-mama#primaryimage"},"thumbnailUrl":"https:\/\/alpelobydoggyinhome.com\/wp-content\/uploads\/2024\/11\/buso.jpeg","datePublished":"2024-11-04T23:55:47+00:00","breadcrumb":{"@id":"https:\/\/alpelobydoggyinhome.com\/?product=buso-mama#breadcrumb"},"inLanguage":"es-CO","potentialAction":[{"@type":"ReadAction","target":["https:\/\/alpelobydoggyinhome.com\/?product=buso-mama"]}]},{"@type":"ImageObject","inLanguage":"es-CO","@id":"https:\/\/alpelobydoggyinhome.com\/?product=buso-mama#primaryimage","url":"https:\/\/alpelobydoggyinhome.com\/wp-content\/uploads\/2024\/11\/buso.jpeg","contentUrl":"https:\/\/alpelobydoggyinhome.com\/wp-content\/uploads\/2024\/11\/buso.jpeg","width":1242,"height":1215},{"@type":"BreadcrumbList","@id":"https:\/\/alpelobydoggyinhome.com\/?product=buso-mama#breadcrumb","itemListElement":[{"@type":"ListItem","position":1,"name":"Home","item":"https:\/\/alpelobydoggyinhome.com\/"},{"@type":"ListItem","position":2,"name":"PRODUCTOS","item":"https:\/\/alpelobydoggyinhome.com\/?page_id=3021"},{"@type":"ListItem","position":3,"name":"Buso Mam\u00e1"}]},{"@type":"WebSite","@id":"https:\/\/alpelobydoggyinhome.com\/#website","url":"https:\/\/alpelobydoggyinhome.com\/","name":"alpelobydoggyinhome.com","description":"","publisher":{"@id":"https:\/\/alpelobydoggyinhome.com\/#organization"},"potentialAction":[{"@type":"SearchAction","target":{"@type":"EntryPoint","urlTemplate":"https:\/\/alpelobydoggyinhome.com\/?s={search_term_string}"},"query-input":{"@type":"PropertyValueSpecification","valueRequired":true,"valueName":"search_term_string"}}],"inLanguage":"es-CO"},{"@type":"Organization","@id":"https:\/\/alpelobydoggyinhome.com\/#organization","name":"alpelobydoggyinhome.com","url":"https:\/\/alpelobydoggyinhome.com\/","logo":{"@type":"ImageObject","inLanguage":"es-CO","@id":"https:\/\/alpelobydoggyinhome.com\/#\/schema\/logo\/image\/","url":"https:\/\/alpelobydoggyinhome.com\/wp-content\/uploads\/2024\/10\/WhatsApp_Image_2024-10-29_at_2.00.42_PM__2_-removebg-preview.png","contentUrl":"https:\/\/alpelobydoggyinhome.com\/wp-content\/uploads\/2024\/10\/WhatsApp_Image_2024-10-29_at_2.00.42_PM__2_-removebg-preview.png","width":500,"height":500,"caption":"alpelobydoggyinhome.com"},"image":{"@id":"https:\/\/alpelobydoggyinhome.com\/#\/schema\/logo\/image\/"},"sameAs":["https:\/\/www.instagram.com\/alpelo_bydoggyinhome"]}]}},"uagb_featured_image_src":{"full":["https:\/\/alpelobydoggyinhome.com\/wp-content\/uploads\/2024\/11\/buso.jpeg",1242,1215,false],"thumbnail":["https:\/\/alpelobydoggyinhome.com\/wp-content\/uploads\/2024\/11\/buso-150x150.jpeg",150,150,true],"medium":["https:\/\/alpelobydoggyinhome.com\/wp-content\/uploads\/2024\/11\/buso-300x293.jpeg",300,293,true],"medium_large":["https:\/\/alpelobydoggyinhome.com\/wp-content\/uploads\/2024\/11\/buso-768x751.jpeg",768,751,true],"large":["https:\/\/alpelobydoggyinhome.com\/wp-content\/uploads\/2024\/11\/buso-1024x1002.jpeg",1024,1002,true],"1536x1536":["https:\/\/alpelobydoggyinhome.com\/wp-content\/uploads\/2024\/11\/buso.jpeg",1242,1215,false],"2048x2048":["https:\/\/alpelobydoggyinhome.com\/wp-content\/uploads\/2024\/11\/buso.jpeg",1242,1215,false],"woocommerce_thumbnail":["https:\/\/alpelobydoggyinhome.com\/wp-content\/uploads\/2024\/11\/buso-300x300.jpeg",300,300,true],"woocommerce_single":["https:\/\/alpelobydoggyinhome.com\/wp-content\/uploads\/2024\/11\/buso-600x587.jpeg",600,587,true],"woocommerce_gallery_thumbnail":["https:\/\/alpelobydoggyinhome.com\/wp-content\/uploads\/2024\/11\/buso-100x100.jpeg",100,100,true]},"uagb_author_info":{"display_name":"David Casta\u00f1eda","author_link":"https:\/\/alpelobydoggyinhome.com\/?author=0"},"uagb_comment_info":0,"uagb_excerpt":"Celebra el amor incondicional que sientes por tu compa\u00f1ero peludo con nuestro buso para mam\u00e1s de mascotas.","_links":{"self":[{"href":"https:\/\/alpelobydoggyinhome.com\/index.php?rest_route=\/wp\/v2\/product\/2908","targetHints":{"allow":["GET"]}}],"collection":[{"href":"https:\/\/alpelobydoggyinhome.com\/index.php?rest_route=\/wp\/v2\/product"}],"about":[{"href":"https:\/\/alpelobydoggyinhome.com\/index.php?rest_route=\/wp\/v2\/types\/product"}],"replies":[{"embeddable":true,"href":"https:\/\/alpelobydoggyinhome.com\/index.php?rest_route=%2Fwp%2Fv2%2Fcomments&post=2908"}],"version-history":[{"count":0,"href":"https:\/\/alpelobydoggyinhome.com\/index.php?rest_route=\/wp\/v2\/product\/2908\/revisions"}],"wp:featuredmedia":[{"embeddable":true,"href":"https:\/\/alpelobydoggyinhome.com\/index.php?rest_route=\/wp\/v2\/media\/2738"}],"wp:attachment":[{"href":"https:\/\/alpelobydoggyinhome.com\/index.php?rest_route=%2Fwp%2Fv2%2Fmedia&parent=2908"}],"wp:term":[{"taxonomy":"product_brand","embeddable":true,"href":"https:\/\/alpelobydoggyinhome.com\/index.php?rest_route=%2Fwp%2Fv2%2Fproduct_brand&post=2908"},{"taxonomy":"product_cat","embeddable":true,"href":"https:\/\/alpelobydoggyinhome.com\/index.php?rest_route=%2Fwp%2Fv2%2Fproduct_cat&post=2908"},{"taxonomy":"product_tag","embeddable":true,"href":"https:\/\/alpelobydoggyinhome.com\/index.php?rest_route=%2Fwp%2Fv2%2Fproduct_tag&post=2908"}],"curies":[{"name":"wp","href":"https:\/\/api.w.org\/{rel}","templated":true}]}}