{"id":2918,"date":"2024-11-04T23:55:48","date_gmt":"2024-11-04T23:55:48","guid":{"rendered":"https:\/\/alpelobydoggyinhome.com\/product\/consulta-general\/"},"modified":"2025-01-15T19:49:31","modified_gmt":"2025-01-15T19:49:31","slug":"consulta-general","status":"publish","type":"product","link":"https:\/\/alpelobydoggyinhome.com\/?product=consulta-general","title":{"rendered":"Consulta General"},"content":{"rendered":"<p>\u00a1Cuida la salud de tu mascota con nuestras consultas generales de veterinaria en Al Pelo! Nuestro servicio est\u00e1 dise\u00f1ado para brindar atenci\u00f3n integral a tus compa\u00f1eros peludos, asegurando que reciban el cuidado que merecen. Ofrecemos un examen f\u00edsico exhaustivo que incluye la evaluaci\u00f3n del estado general de salud de tu mascota, control de peso, auscultaci\u00f3n card\u00edaca y pulmonar, y revisi\u00f3n de la piel y pelaje. Detectamos cualquier problema potencial de manera temprana para asegurar una intervenci\u00f3n oportuna. Puedes agendar tu consulta de manera f\u00e1cil y r\u00e1pida, ya sea en nuestra tienda o a trav\u00e9s de nuestra p\u00e1gina web. Ofrecemos horarios flexibles para adaptarnos a tus necesidades.<\/p>\n","protected":false},"excerpt":{"rendered":"<p>\u00a1Cuida la salud de tu mascota con nuestras consultas generales de veterinaria en Al Pelo! Nuestro servicio est\u00e1 dise\u00f1ado para brindar atenci\u00f3n integral a tus compa\u00f1eros peludos, asegurando que reciban el cuidado que merecen.<\/p>\n","protected":false},"featured_media":2725,"comment_status":"open","ping_status":"closed","template":"","meta":{"_uag_custom_page_level_css":"","site-sidebar-layout":"default","site-content-layout":"","ast-site-content-layout":"default","site-content-style":"default","site-sidebar-style":"default","ast-global-header-display":"","ast-banner-title-visibility":"","ast-main-header-display":"","ast-hfb-above-header-display":"","ast-hfb-below-header-display":"","ast-hfb-mobile-header-display":"","site-post-title":"","ast-breadcrumbs-content":"","ast-featured-img":"","footer-sml-layout":"","ast-disable-related-posts":"","theme-transparent-header-meta":"default","adv-header-id-meta":"","stick-header-meta":"","header-above-stick-meta":"","header-main-stick-meta":"","header-below-stick-meta":"","astra-migrate-meta-layouts":"set","ast-page-background-enabled":"default","ast-page-background-meta":{"desktop":{"background-color":"","background-image":"","background-repeat":"repeat","background-position":"center center","background-size":"auto","background-attachment":"scroll","background-type":"","background-media":"","overlay-type":"","overlay-color":"","overlay-opacity":"","overlay-gradient":""},"tablet":{"background-color":"","background-image":"","background-repeat":"repeat","background-position":"center center","background-size":"auto","background-attachment":"scroll","background-type":"","background-media":"","overlay-type":"","overlay-color":"","overlay-opacity":"","overlay-gradient":""},"mobile":{"background-color":"","background-image":"","background-repeat":"repeat","background-position":"center center","background-size":"auto","background-attachment":"scroll","background-type":"","background-media":"","overlay-type":"","overlay-color":"","overlay-opacity":"","overlay-gradient":""}},"ast-content-background-meta":{"desktop":{"background-color":"var(--ast-global-color-4)","background-image":"","background-repeat":"repeat","background-position":"center center","background-size":"auto","background-attachment":"scroll","background-type":"","background-media":"","overlay-type":"","overlay-color":"","overlay-opacity":"","overlay-gradient":""},"tablet":{"background-color":"var(--ast-global-color-4)","background-image":"","background-repeat":"repeat","background-position":"center center","background-size":"auto","background-attachment":"scroll","background-type":"","background-media":"","overlay-type":"","overlay-color":"","overlay-opacity":"","overlay-gradient":""},"mobile":{"background-color":"var(--ast-global-color-4)","background-image":"","background-repeat":"repeat","background-position":"center center","background-size":"auto","background-attachment":"scroll","background-type":"","background-media":"","overlay-type":"","overlay-color":"","overlay-opacity":"","overlay-gradient":""}}},"product_brand":[],"product_cat":[37],"product_tag":[],"class_list":{"0":"post-2918","1":"product","2":"type-product","3":"status-publish","4":"has-post-thumbnail","6":"product_cat-servicios","7":"desktop-align-left","8":"tablet-align-left","9":"mobile-align-left","11":"first","12":"instock","13":"shipping-taxable","14":"purchasable","15":"product-type-simple"},"yoast_head":"<!-- This site is optimized with the Yoast SEO plugin v27.4 - https:\/\/yoast.com\/product\/yoast-seo-wordpress\/ -->\n<title>Consulta General - alpelobydoggyinhome.com<\/title>\n<meta name=\"robots\" content=\"index, follow, max-snippet:-1, max-image-preview:large, max-video-preview:-1\" \/>\n<link rel=\"canonical\" href=\"https:\/\/alpelobydoggyinhome.com\/?product=consulta-general\" \/>\n<meta property=\"og:locale\" content=\"es_ES\" \/>\n<meta property=\"og:type\" content=\"article\" \/>\n<meta property=\"og:title\" content=\"Consulta General - alpelobydoggyinhome.com\" \/>\n<meta property=\"og:description\" content=\"\u00a1Cuida la salud de tu mascota con nuestras consultas generales de veterinaria en Al Pelo! Nuestro servicio est\u00e1 dise\u00f1ado para brindar atenci\u00f3n integral a tus compa\u00f1eros peludos, asegurando que reciban el cuidado que merecen.\" \/>\n<meta property=\"og:url\" content=\"https:\/\/alpelobydoggyinhome.com\/?product=consulta-general\" \/>\n<meta property=\"og:site_name\" content=\"alpelobydoggyinhome.com\" \/>\n<meta property=\"article:modified_time\" content=\"2025-01-15T19:49:31+00:00\" \/>\n<meta property=\"og:image\" content=\"https:\/\/alpelobydoggyinhome.com\/wp-content\/uploads\/2024\/11\/Imagen-de-WhatsApp-2024-09-11-a-las-19.50.57_e3a6f67f.jpg\" \/>\n\t<meta property=\"og:image:width\" content=\"1280\" \/>\n\t<meta property=\"og:image:height\" content=\"1280\" \/>\n\t<meta property=\"og:image:type\" content=\"image\/jpeg\" \/>\n<meta name=\"twitter:card\" content=\"summary_large_image\" \/>\n<meta name=\"twitter:label1\" content=\"Tiempo de lectura\" \/>\n\t<meta name=\"twitter:data1\" content=\"1 minuto\" \/>\n<script type=\"application\/ld+json\" class=\"yoast-schema-graph\">{\"@context\":\"https:\\\/\\\/schema.org\",\"@graph\":[{\"@type\":\"WebPage\",\"@id\":\"https:\\\/\\\/alpelobydoggyinhome.com\\\/?product=consulta-general\",\"url\":\"https:\\\/\\\/alpelobydoggyinhome.com\\\/?product=consulta-general\",\"name\":\"Consulta General - alpelobydoggyinhome.com\",\"isPartOf\":{\"@id\":\"https:\\\/\\\/alpelobydoggyinhome.com\\\/#website\"},\"primaryImageOfPage\":{\"@id\":\"https:\\\/\\\/alpelobydoggyinhome.com\\\/?product=consulta-general#primaryimage\"},\"image\":{\"@id\":\"https:\\\/\\\/alpelobydoggyinhome.com\\\/?product=consulta-general#primaryimage\"},\"thumbnailUrl\":\"https:\\\/\\\/alpelobydoggyinhome.com\\\/wp-content\\\/uploads\\\/2024\\\/11\\\/Imagen-de-WhatsApp-2024-09-11-a-las-19.50.57_e3a6f67f.jpg\",\"datePublished\":\"2024-11-04T23:55:48+00:00\",\"dateModified\":\"2025-01-15T19:49:31+00:00\",\"breadcrumb\":{\"@id\":\"https:\\\/\\\/alpelobydoggyinhome.com\\\/?product=consulta-general#breadcrumb\"},\"inLanguage\":\"es-CO\",\"potentialAction\":[{\"@type\":\"ReadAction\",\"target\":[\"https:\\\/\\\/alpelobydoggyinhome.com\\\/?product=consulta-general\"]}]},{\"@type\":\"ImageObject\",\"inLanguage\":\"es-CO\",\"@id\":\"https:\\\/\\\/alpelobydoggyinhome.com\\\/?product=consulta-general#primaryimage\",\"url\":\"https:\\\/\\\/alpelobydoggyinhome.com\\\/wp-content\\\/uploads\\\/2024\\\/11\\\/Imagen-de-WhatsApp-2024-09-11-a-las-19.50.57_e3a6f67f.jpg\",\"contentUrl\":\"https:\\\/\\\/alpelobydoggyinhome.com\\\/wp-content\\\/uploads\\\/2024\\\/11\\\/Imagen-de-WhatsApp-2024-09-11-a-las-19.50.57_e3a6f67f.jpg\",\"width\":1280,\"height\":1280},{\"@type\":\"BreadcrumbList\",\"@id\":\"https:\\\/\\\/alpelobydoggyinhome.com\\\/?product=consulta-general#breadcrumb\",\"itemListElement\":[{\"@type\":\"ListItem\",\"position\":1,\"name\":\"Home\",\"item\":\"https:\\\/\\\/alpelobydoggyinhome.com\\\/\"},{\"@type\":\"ListItem\",\"position\":2,\"name\":\"PRODUCTOS\",\"item\":\"https:\\\/\\\/alpelobydoggyinhome.com\\\/?page_id=3021\"},{\"@type\":\"ListItem\",\"position\":3,\"name\":\"Consulta General\"}]},{\"@type\":\"WebSite\",\"@id\":\"https:\\\/\\\/alpelobydoggyinhome.com\\\/#website\",\"url\":\"https:\\\/\\\/alpelobydoggyinhome.com\\\/\",\"name\":\"alpelobydoggyinhome.com\",\"description\":\"\",\"publisher\":{\"@id\":\"https:\\\/\\\/alpelobydoggyinhome.com\\\/#organization\"},\"potentialAction\":[{\"@type\":\"SearchAction\",\"target\":{\"@type\":\"EntryPoint\",\"urlTemplate\":\"https:\\\/\\\/alpelobydoggyinhome.com\\\/?s={search_term_string}\"},\"query-input\":{\"@type\":\"PropertyValueSpecification\",\"valueRequired\":true,\"valueName\":\"search_term_string\"}}],\"inLanguage\":\"es-CO\"},{\"@type\":\"Organization\",\"@id\":\"https:\\\/\\\/alpelobydoggyinhome.com\\\/#organization\",\"name\":\"alpelobydoggyinhome.com\",\"url\":\"https:\\\/\\\/alpelobydoggyinhome.com\\\/\",\"logo\":{\"@type\":\"ImageObject\",\"inLanguage\":\"es-CO\",\"@id\":\"https:\\\/\\\/alpelobydoggyinhome.com\\\/#\\\/schema\\\/logo\\\/image\\\/\",\"url\":\"https:\\\/\\\/alpelobydoggyinhome.com\\\/wp-content\\\/uploads\\\/2024\\\/10\\\/WhatsApp_Image_2024-10-29_at_2.00.42_PM__2_-removebg-preview.png\",\"contentUrl\":\"https:\\\/\\\/alpelobydoggyinhome.com\\\/wp-content\\\/uploads\\\/2024\\\/10\\\/WhatsApp_Image_2024-10-29_at_2.00.42_PM__2_-removebg-preview.png\",\"width\":500,\"height\":500,\"caption\":\"alpelobydoggyinhome.com\"},\"image\":{\"@id\":\"https:\\\/\\\/alpelobydoggyinhome.com\\\/#\\\/schema\\\/logo\\\/image\\\/\"},\"sameAs\":[\"https:\\\/\\\/www.instagram.com\\\/alpelo_bydoggyinhome\"]}]}<\/script>\n<!-- \/ Yoast SEO plugin. -->","yoast_head_json":{"title":"Consulta General - alpelobydoggyinhome.com","robots":{"index":"index","follow":"follow","max-snippet":"max-snippet:-1","max-image-preview":"max-image-preview:large","max-video-preview":"max-video-preview:-1"},"canonical":"https:\/\/alpelobydoggyinhome.com\/?product=consulta-general","og_locale":"es_ES","og_type":"article","og_title":"Consulta General - alpelobydoggyinhome.com","og_description":"\u00a1Cuida la salud de tu mascota con nuestras consultas generales de veterinaria en Al Pelo! Nuestro servicio est\u00e1 dise\u00f1ado para brindar atenci\u00f3n integral a tus compa\u00f1eros peludos, asegurando que reciban el cuidado que merecen.","og_url":"https:\/\/alpelobydoggyinhome.com\/?product=consulta-general","og_site_name":"alpelobydoggyinhome.com","article_modified_time":"2025-01-15T19:49:31+00:00","og_image":[{"width":1280,"height":1280,"url":"https:\/\/alpelobydoggyinhome.com\/wp-content\/uploads\/2024\/11\/Imagen-de-WhatsApp-2024-09-11-a-las-19.50.57_e3a6f67f.jpg","type":"image\/jpeg"}],"twitter_card":"summary_large_image","twitter_misc":{"Tiempo de lectura":"1 minuto"},"schema":{"@context":"https:\/\/schema.org","@graph":[{"@type":"WebPage","@id":"https:\/\/alpelobydoggyinhome.com\/?product=consulta-general","url":"https:\/\/alpelobydoggyinhome.com\/?product=consulta-general","name":"Consulta General - alpelobydoggyinhome.com","isPartOf":{"@id":"https:\/\/alpelobydoggyinhome.com\/#website"},"primaryImageOfPage":{"@id":"https:\/\/alpelobydoggyinhome.com\/?product=consulta-general#primaryimage"},"image":{"@id":"https:\/\/alpelobydoggyinhome.com\/?product=consulta-general#primaryimage"},"thumbnailUrl":"https:\/\/alpelobydoggyinhome.com\/wp-content\/uploads\/2024\/11\/Imagen-de-WhatsApp-2024-09-11-a-las-19.50.57_e3a6f67f.jpg","datePublished":"2024-11-04T23:55:48+00:00","dateModified":"2025-01-15T19:49:31+00:00","breadcrumb":{"@id":"https:\/\/alpelobydoggyinhome.com\/?product=consulta-general#breadcrumb"},"inLanguage":"es-CO","potentialAction":[{"@type":"ReadAction","target":["https:\/\/alpelobydoggyinhome.com\/?product=consulta-general"]}]},{"@type":"ImageObject","inLanguage":"es-CO","@id":"https:\/\/alpelobydoggyinhome.com\/?product=consulta-general#primaryimage","url":"https:\/\/alpelobydoggyinhome.com\/wp-content\/uploads\/2024\/11\/Imagen-de-WhatsApp-2024-09-11-a-las-19.50.57_e3a6f67f.jpg","contentUrl":"https:\/\/alpelobydoggyinhome.com\/wp-content\/uploads\/2024\/11\/Imagen-de-WhatsApp-2024-09-11-a-las-19.50.57_e3a6f67f.jpg","width":1280,"height":1280},{"@type":"BreadcrumbList","@id":"https:\/\/alpelobydoggyinhome.com\/?product=consulta-general#breadcrumb","itemListElement":[{"@type":"ListItem","position":1,"name":"Home","item":"https:\/\/alpelobydoggyinhome.com\/"},{"@type":"ListItem","position":2,"name":"PRODUCTOS","item":"https:\/\/alpelobydoggyinhome.com\/?page_id=3021"},{"@type":"ListItem","position":3,"name":"Consulta General"}]},{"@type":"WebSite","@id":"https:\/\/alpelobydoggyinhome.com\/#website","url":"https:\/\/alpelobydoggyinhome.com\/","name":"alpelobydoggyinhome.com","description":"","publisher":{"@id":"https:\/\/alpelobydoggyinhome.com\/#organization"},"potentialAction":[{"@type":"SearchAction","target":{"@type":"EntryPoint","urlTemplate":"https:\/\/alpelobydoggyinhome.com\/?s={search_term_string}"},"query-input":{"@type":"PropertyValueSpecification","valueRequired":true,"valueName":"search_term_string"}}],"inLanguage":"es-CO"},{"@type":"Organization","@id":"https:\/\/alpelobydoggyinhome.com\/#organization","name":"alpelobydoggyinhome.com","url":"https:\/\/alpelobydoggyinhome.com\/","logo":{"@type":"ImageObject","inLanguage":"es-CO","@id":"https:\/\/alpelobydoggyinhome.com\/#\/schema\/logo\/image\/","url":"https:\/\/alpelobydoggyinhome.com\/wp-content\/uploads\/2024\/10\/WhatsApp_Image_2024-10-29_at_2.00.42_PM__2_-removebg-preview.png","contentUrl":"https:\/\/alpelobydoggyinhome.com\/wp-content\/uploads\/2024\/10\/WhatsApp_Image_2024-10-29_at_2.00.42_PM__2_-removebg-preview.png","width":500,"height":500,"caption":"alpelobydoggyinhome.com"},"image":{"@id":"https:\/\/alpelobydoggyinhome.com\/#\/schema\/logo\/image\/"},"sameAs":["https:\/\/www.instagram.com\/alpelo_bydoggyinhome"]}]}},"uagb_featured_image_src":{"full":["https:\/\/alpelobydoggyinhome.com\/wp-content\/uploads\/2024\/11\/Imagen-de-WhatsApp-2024-09-11-a-las-19.50.57_e3a6f67f.jpg",1280,1280,false],"thumbnail":["https:\/\/alpelobydoggyinhome.com\/wp-content\/uploads\/2024\/11\/Imagen-de-WhatsApp-2024-09-11-a-las-19.50.57_e3a6f67f-150x150.jpg",150,150,true],"medium":["https:\/\/alpelobydoggyinhome.com\/wp-content\/uploads\/2024\/11\/Imagen-de-WhatsApp-2024-09-11-a-las-19.50.57_e3a6f67f-300x300.jpg",300,300,true],"medium_large":["https:\/\/alpelobydoggyinhome.com\/wp-content\/uploads\/2024\/11\/Imagen-de-WhatsApp-2024-09-11-a-las-19.50.57_e3a6f67f-768x768.jpg",768,768,true],"large":["https:\/\/alpelobydoggyinhome.com\/wp-content\/uploads\/2024\/11\/Imagen-de-WhatsApp-2024-09-11-a-las-19.50.57_e3a6f67f-1024x1024.jpg",1024,1024,true],"1536x1536":["https:\/\/alpelobydoggyinhome.com\/wp-content\/uploads\/2024\/11\/Imagen-de-WhatsApp-2024-09-11-a-las-19.50.57_e3a6f67f.jpg",1280,1280,false],"2048x2048":["https:\/\/alpelobydoggyinhome.com\/wp-content\/uploads\/2024\/11\/Imagen-de-WhatsApp-2024-09-11-a-las-19.50.57_e3a6f67f.jpg",1280,1280,false],"woocommerce_thumbnail":["https:\/\/alpelobydoggyinhome.com\/wp-content\/uploads\/2024\/11\/Imagen-de-WhatsApp-2024-09-11-a-las-19.50.57_e3a6f67f-300x300.jpg",300,300,true],"woocommerce_single":["https:\/\/alpelobydoggyinhome.com\/wp-content\/uploads\/2024\/11\/Imagen-de-WhatsApp-2024-09-11-a-las-19.50.57_e3a6f67f-600x600.jpg",600,600,true],"woocommerce_gallery_thumbnail":["https:\/\/alpelobydoggyinhome.com\/wp-content\/uploads\/2024\/11\/Imagen-de-WhatsApp-2024-09-11-a-las-19.50.57_e3a6f67f-100x100.jpg",100,100,true]},"uagb_author_info":{"display_name":"David Casta\u00f1eda","author_link":"https:\/\/alpelobydoggyinhome.com\/?author=0"},"uagb_comment_info":0,"uagb_excerpt":"\u00a1Cuida la salud de tu mascota con nuestras consultas generales de veterinaria en Al Pelo! Nuestro servicio est\u00e1 dise\u00f1ado para brindar atenci\u00f3n integral a tus compa\u00f1eros peludos, asegurando que reciban el cuidado que merecen.","_links":{"self":[{"href":"https:\/\/alpelobydoggyinhome.com\/index.php?rest_route=\/wp\/v2\/product\/2918","targetHints":{"allow":["GET"]}}],"collection":[{"href":"https:\/\/alpelobydoggyinhome.com\/index.php?rest_route=\/wp\/v2\/product"}],"about":[{"href":"https:\/\/alpelobydoggyinhome.com\/index.php?rest_route=\/wp\/v2\/types\/product"}],"replies":[{"embeddable":true,"href":"https:\/\/alpelobydoggyinhome.com\/index.php?rest_route=%2Fwp%2Fv2%2Fcomments&post=2918"}],"version-history":[{"count":1,"href":"https:\/\/alpelobydoggyinhome.com\/index.php?rest_route=\/wp\/v2\/product\/2918\/revisions"}],"predecessor-version":[{"id":3413,"href":"https:\/\/alpelobydoggyinhome.com\/index.php?rest_route=\/wp\/v2\/product\/2918\/revisions\/3413"}],"wp:featuredmedia":[{"embeddable":true,"href":"https:\/\/alpelobydoggyinhome.com\/index.php?rest_route=\/wp\/v2\/media\/2725"}],"wp:attachment":[{"href":"https:\/\/alpelobydoggyinhome.com\/index.php?rest_route=%2Fwp%2Fv2%2Fmedia&parent=2918"}],"wp:term":[{"taxonomy":"product_brand","embeddable":true,"href":"https:\/\/alpelobydoggyinhome.com\/index.php?rest_route=%2Fwp%2Fv2%2Fproduct_brand&post=2918"},{"taxonomy":"product_cat","embeddable":true,"href":"https:\/\/alpelobydoggyinhome.com\/index.php?rest_route=%2Fwp%2Fv2%2Fproduct_cat&post=2918"},{"taxonomy":"product_tag","embeddable":true,"href":"https:\/\/alpelobydoggyinhome.com\/index.php?rest_route=%2Fwp%2Fv2%2Fproduct_tag&post=2918"}],"curies":[{"name":"wp","href":"https:\/\/api.w.org\/{rel}","templated":true}]}}