{"id":2925,"date":"2024-11-04T23:55:48","date_gmt":"2024-11-04T23:55:48","guid":{"rendered":"https:\/\/alpelobydoggyinhome.com\/product\/medicina-integrativa\/"},"modified":"2024-11-04T23:55:48","modified_gmt":"2024-11-04T23:55:48","slug":"medicina-integrativa","status":"publish","type":"product","link":"https:\/\/alpelobydoggyinhome.com\/?product=medicina-integrativa","title":{"rendered":"Medicina Integrativa"},"content":{"rendered":"<p>Ofrecemos un enfoque hol\u00edstico para la salud de tu mascota con nuestras consultas de medicina integrativa en Al Pelo. Este servicio combina la medicina tradicional con terapias complementarias, brindando un cuidado integral que promueve el bienestar f\u00edsico, emocional y mental de tu compa\u00f1ero peludo. En Al Pelo, estamos dedicados a brindar un cuidado excepcional a todas las mascotas. Nuestra consulta de medicina integrativa est\u00e1 dise\u00f1ada para mejorar su calidad de vida y fomentar una relaci\u00f3n m\u00e1s profunda entre t\u00fa y tu compa\u00f1ero.<\/p>\n","protected":false},"excerpt":{"rendered":"<p>Ofrecemos un enfoque hol\u00edstico para la salud de tu mascota con nuestras consultas de medicina integrativa en Al Pelo. Este servicio combina la medicina tradicional con terapias complementarias, brindando un cuidado integral que promueve el bienestar f\u00edsico, emocional y mental de tu compa\u00f1ero peludo.<\/p>\n","protected":false},"featured_media":2726,"comment_status":"open","ping_status":"closed","template":"","meta":{"_uag_custom_page_level_css":"","site-sidebar-layout":"","site-content-layout":"","ast-site-content-layout":"","site-content-style":"","site-sidebar-style":"","ast-global-header-display":"","ast-banner-title-visibility":"","ast-main-header-display":"","ast-hfb-above-header-display":"","ast-hfb-below-header-display":"","ast-hfb-mobile-header-display":"","site-post-title":"","ast-breadcrumbs-content":"","ast-featured-img":"","footer-sml-layout":"","ast-disable-related-posts":"","theme-transparent-header-meta":"","adv-header-id-meta":"","stick-header-meta":"","header-above-stick-meta":"","header-main-stick-meta":"","header-below-stick-meta":"","astra-migrate-meta-layouts":"","ast-page-background-enabled":"default","ast-page-background-meta":{"desktop":{"background-color":"","background-image":"","background-repeat":"repeat","background-position":"center center","background-size":"auto","background-attachment":"scroll","background-type":"","background-media":"","overlay-type":"","overlay-color":"","overlay-opacity":"","overlay-gradient":""},"tablet":{"background-color":"","background-image":"","background-repeat":"repeat","background-position":"center center","background-size":"auto","background-attachment":"scroll","background-type":"","background-media":"","overlay-type":"","overlay-color":"","overlay-opacity":"","overlay-gradient":""},"mobile":{"background-color":"","background-image":"","background-repeat":"repeat","background-position":"center center","background-size":"auto","background-attachment":"scroll","background-type":"","background-media":"","overlay-type":"","overlay-color":"","overlay-opacity":"","overlay-gradient":""}},"ast-content-background-meta":{"desktop":{"background-color":"var(--ast-global-color-4)","background-image":"","background-repeat":"repeat","background-position":"center center","background-size":"auto","background-attachment":"scroll","background-type":"","background-media":"","overlay-type":"","overlay-color":"","overlay-opacity":"","overlay-gradient":""},"tablet":{"background-color":"var(--ast-global-color-4)","background-image":"","background-repeat":"repeat","background-position":"center center","background-size":"auto","background-attachment":"scroll","background-type":"","background-media":"","overlay-type":"","overlay-color":"","overlay-opacity":"","overlay-gradient":""},"mobile":{"background-color":"var(--ast-global-color-4)","background-image":"","background-repeat":"repeat","background-position":"center center","background-size":"auto","background-attachment":"scroll","background-type":"","background-media":"","overlay-type":"","overlay-color":"","overlay-opacity":"","overlay-gradient":""}}},"product_brand":[],"product_cat":[37],"product_tag":[],"class_list":{"0":"post-2925","1":"product","2":"type-product","3":"status-publish","4":"has-post-thumbnail","6":"product_cat-servicios","7":"desktop-align-left","8":"tablet-align-left","9":"mobile-align-left","11":"first","12":"instock","13":"shipping-taxable","14":"product-type-simple"},"yoast_head":"<!-- This site is optimized with the Yoast SEO plugin v27.4 - https:\/\/yoast.com\/product\/yoast-seo-wordpress\/ -->\n<title>Medicina Integrativa - alpelobydoggyinhome.com<\/title>\n<meta name=\"robots\" content=\"index, follow, max-snippet:-1, max-image-preview:large, max-video-preview:-1\" \/>\n<link rel=\"canonical\" href=\"https:\/\/alpelobydoggyinhome.com\/?product=medicina-integrativa\" \/>\n<meta property=\"og:locale\" content=\"es_ES\" \/>\n<meta property=\"og:type\" content=\"article\" \/>\n<meta property=\"og:title\" content=\"Medicina Integrativa - alpelobydoggyinhome.com\" \/>\n<meta property=\"og:description\" content=\"Ofrecemos un enfoque hol\u00edstico para la salud de tu mascota con nuestras consultas de medicina integrativa en Al Pelo. Este servicio combina la medicina tradicional con terapias complementarias, brindando un cuidado integral que promueve el bienestar f\u00edsico, emocional y mental de tu compa\u00f1ero peludo.\" \/>\n<meta property=\"og:url\" content=\"https:\/\/alpelobydoggyinhome.com\/?product=medicina-integrativa\" \/>\n<meta property=\"og:site_name\" content=\"alpelobydoggyinhome.com\" \/>\n<meta property=\"og:image\" content=\"https:\/\/alpelobydoggyinhome.com\/wp-content\/uploads\/2024\/11\/Imagen-de-WhatsApp-2024-09-11-a-las-19.47.44_37dfb269.jpg\" \/>\n\t<meta property=\"og:image:width\" content=\"1280\" \/>\n\t<meta property=\"og:image:height\" content=\"1280\" \/>\n\t<meta property=\"og:image:type\" content=\"image\/jpeg\" \/>\n<meta name=\"twitter:card\" content=\"summary_large_image\" \/>\n<script type=\"application\/ld+json\" class=\"yoast-schema-graph\">{\"@context\":\"https:\\\/\\\/schema.org\",\"@graph\":[{\"@type\":\"WebPage\",\"@id\":\"https:\\\/\\\/alpelobydoggyinhome.com\\\/?product=medicina-integrativa\",\"url\":\"https:\\\/\\\/alpelobydoggyinhome.com\\\/?product=medicina-integrativa\",\"name\":\"Medicina Integrativa - alpelobydoggyinhome.com\",\"isPartOf\":{\"@id\":\"https:\\\/\\\/alpelobydoggyinhome.com\\\/#website\"},\"primaryImageOfPage\":{\"@id\":\"https:\\\/\\\/alpelobydoggyinhome.com\\\/?product=medicina-integrativa#primaryimage\"},\"image\":{\"@id\":\"https:\\\/\\\/alpelobydoggyinhome.com\\\/?product=medicina-integrativa#primaryimage\"},\"thumbnailUrl\":\"https:\\\/\\\/alpelobydoggyinhome.com\\\/wp-content\\\/uploads\\\/2024\\\/11\\\/Imagen-de-WhatsApp-2024-09-11-a-las-19.47.44_37dfb269.jpg\",\"datePublished\":\"2024-11-04T23:55:48+00:00\",\"breadcrumb\":{\"@id\":\"https:\\\/\\\/alpelobydoggyinhome.com\\\/?product=medicina-integrativa#breadcrumb\"},\"inLanguage\":\"es-CO\",\"potentialAction\":[{\"@type\":\"ReadAction\",\"target\":[\"https:\\\/\\\/alpelobydoggyinhome.com\\\/?product=medicina-integrativa\"]}]},{\"@type\":\"ImageObject\",\"inLanguage\":\"es-CO\",\"@id\":\"https:\\\/\\\/alpelobydoggyinhome.com\\\/?product=medicina-integrativa#primaryimage\",\"url\":\"https:\\\/\\\/alpelobydoggyinhome.com\\\/wp-content\\\/uploads\\\/2024\\\/11\\\/Imagen-de-WhatsApp-2024-09-11-a-las-19.47.44_37dfb269.jpg\",\"contentUrl\":\"https:\\\/\\\/alpelobydoggyinhome.com\\\/wp-content\\\/uploads\\\/2024\\\/11\\\/Imagen-de-WhatsApp-2024-09-11-a-las-19.47.44_37dfb269.jpg\",\"width\":1280,\"height\":1280},{\"@type\":\"BreadcrumbList\",\"@id\":\"https:\\\/\\\/alpelobydoggyinhome.com\\\/?product=medicina-integrativa#breadcrumb\",\"itemListElement\":[{\"@type\":\"ListItem\",\"position\":1,\"name\":\"Home\",\"item\":\"https:\\\/\\\/alpelobydoggyinhome.com\\\/\"},{\"@type\":\"ListItem\",\"position\":2,\"name\":\"PRODUCTOS\",\"item\":\"https:\\\/\\\/alpelobydoggyinhome.com\\\/?page_id=3021\"},{\"@type\":\"ListItem\",\"position\":3,\"name\":\"Medicina Integrativa\"}]},{\"@type\":\"WebSite\",\"@id\":\"https:\\\/\\\/alpelobydoggyinhome.com\\\/#website\",\"url\":\"https:\\\/\\\/alpelobydoggyinhome.com\\\/\",\"name\":\"alpelobydoggyinhome.com\",\"description\":\"\",\"publisher\":{\"@id\":\"https:\\\/\\\/alpelobydoggyinhome.com\\\/#organization\"},\"potentialAction\":[{\"@type\":\"SearchAction\",\"target\":{\"@type\":\"EntryPoint\",\"urlTemplate\":\"https:\\\/\\\/alpelobydoggyinhome.com\\\/?s={search_term_string}\"},\"query-input\":{\"@type\":\"PropertyValueSpecification\",\"valueRequired\":true,\"valueName\":\"search_term_string\"}}],\"inLanguage\":\"es-CO\"},{\"@type\":\"Organization\",\"@id\":\"https:\\\/\\\/alpelobydoggyinhome.com\\\/#organization\",\"name\":\"alpelobydoggyinhome.com\",\"url\":\"https:\\\/\\\/alpelobydoggyinhome.com\\\/\",\"logo\":{\"@type\":\"ImageObject\",\"inLanguage\":\"es-CO\",\"@id\":\"https:\\\/\\\/alpelobydoggyinhome.com\\\/#\\\/schema\\\/logo\\\/image\\\/\",\"url\":\"https:\\\/\\\/alpelobydoggyinhome.com\\\/wp-content\\\/uploads\\\/2024\\\/10\\\/WhatsApp_Image_2024-10-29_at_2.00.42_PM__2_-removebg-preview.png\",\"contentUrl\":\"https:\\\/\\\/alpelobydoggyinhome.com\\\/wp-content\\\/uploads\\\/2024\\\/10\\\/WhatsApp_Image_2024-10-29_at_2.00.42_PM__2_-removebg-preview.png\",\"width\":500,\"height\":500,\"caption\":\"alpelobydoggyinhome.com\"},\"image\":{\"@id\":\"https:\\\/\\\/alpelobydoggyinhome.com\\\/#\\\/schema\\\/logo\\\/image\\\/\"},\"sameAs\":[\"https:\\\/\\\/www.instagram.com\\\/alpelo_bydoggyinhome\"]}]}<\/script>\n<!-- \/ Yoast SEO plugin. -->","yoast_head_json":{"title":"Medicina Integrativa - alpelobydoggyinhome.com","robots":{"index":"index","follow":"follow","max-snippet":"max-snippet:-1","max-image-preview":"max-image-preview:large","max-video-preview":"max-video-preview:-1"},"canonical":"https:\/\/alpelobydoggyinhome.com\/?product=medicina-integrativa","og_locale":"es_ES","og_type":"article","og_title":"Medicina Integrativa - alpelobydoggyinhome.com","og_description":"Ofrecemos un enfoque hol\u00edstico para la salud de tu mascota con nuestras consultas de medicina integrativa en Al Pelo. Este servicio combina la medicina tradicional con terapias complementarias, brindando un cuidado integral que promueve el bienestar f\u00edsico, emocional y mental de tu compa\u00f1ero peludo.","og_url":"https:\/\/alpelobydoggyinhome.com\/?product=medicina-integrativa","og_site_name":"alpelobydoggyinhome.com","og_image":[{"width":1280,"height":1280,"url":"https:\/\/alpelobydoggyinhome.com\/wp-content\/uploads\/2024\/11\/Imagen-de-WhatsApp-2024-09-11-a-las-19.47.44_37dfb269.jpg","type":"image\/jpeg"}],"twitter_card":"summary_large_image","schema":{"@context":"https:\/\/schema.org","@graph":[{"@type":"WebPage","@id":"https:\/\/alpelobydoggyinhome.com\/?product=medicina-integrativa","url":"https:\/\/alpelobydoggyinhome.com\/?product=medicina-integrativa","name":"Medicina Integrativa - alpelobydoggyinhome.com","isPartOf":{"@id":"https:\/\/alpelobydoggyinhome.com\/#website"},"primaryImageOfPage":{"@id":"https:\/\/alpelobydoggyinhome.com\/?product=medicina-integrativa#primaryimage"},"image":{"@id":"https:\/\/alpelobydoggyinhome.com\/?product=medicina-integrativa#primaryimage"},"thumbnailUrl":"https:\/\/alpelobydoggyinhome.com\/wp-content\/uploads\/2024\/11\/Imagen-de-WhatsApp-2024-09-11-a-las-19.47.44_37dfb269.jpg","datePublished":"2024-11-04T23:55:48+00:00","breadcrumb":{"@id":"https:\/\/alpelobydoggyinhome.com\/?product=medicina-integrativa#breadcrumb"},"inLanguage":"es-CO","potentialAction":[{"@type":"ReadAction","target":["https:\/\/alpelobydoggyinhome.com\/?product=medicina-integrativa"]}]},{"@type":"ImageObject","inLanguage":"es-CO","@id":"https:\/\/alpelobydoggyinhome.com\/?product=medicina-integrativa#primaryimage","url":"https:\/\/alpelobydoggyinhome.com\/wp-content\/uploads\/2024\/11\/Imagen-de-WhatsApp-2024-09-11-a-las-19.47.44_37dfb269.jpg","contentUrl":"https:\/\/alpelobydoggyinhome.com\/wp-content\/uploads\/2024\/11\/Imagen-de-WhatsApp-2024-09-11-a-las-19.47.44_37dfb269.jpg","width":1280,"height":1280},{"@type":"BreadcrumbList","@id":"https:\/\/alpelobydoggyinhome.com\/?product=medicina-integrativa#breadcrumb","itemListElement":[{"@type":"ListItem","position":1,"name":"Home","item":"https:\/\/alpelobydoggyinhome.com\/"},{"@type":"ListItem","position":2,"name":"PRODUCTOS","item":"https:\/\/alpelobydoggyinhome.com\/?page_id=3021"},{"@type":"ListItem","position":3,"name":"Medicina Integrativa"}]},{"@type":"WebSite","@id":"https:\/\/alpelobydoggyinhome.com\/#website","url":"https:\/\/alpelobydoggyinhome.com\/","name":"alpelobydoggyinhome.com","description":"","publisher":{"@id":"https:\/\/alpelobydoggyinhome.com\/#organization"},"potentialAction":[{"@type":"SearchAction","target":{"@type":"EntryPoint","urlTemplate":"https:\/\/alpelobydoggyinhome.com\/?s={search_term_string}"},"query-input":{"@type":"PropertyValueSpecification","valueRequired":true,"valueName":"search_term_string"}}],"inLanguage":"es-CO"},{"@type":"Organization","@id":"https:\/\/alpelobydoggyinhome.com\/#organization","name":"alpelobydoggyinhome.com","url":"https:\/\/alpelobydoggyinhome.com\/","logo":{"@type":"ImageObject","inLanguage":"es-CO","@id":"https:\/\/alpelobydoggyinhome.com\/#\/schema\/logo\/image\/","url":"https:\/\/alpelobydoggyinhome.com\/wp-content\/uploads\/2024\/10\/WhatsApp_Image_2024-10-29_at_2.00.42_PM__2_-removebg-preview.png","contentUrl":"https:\/\/alpelobydoggyinhome.com\/wp-content\/uploads\/2024\/10\/WhatsApp_Image_2024-10-29_at_2.00.42_PM__2_-removebg-preview.png","width":500,"height":500,"caption":"alpelobydoggyinhome.com"},"image":{"@id":"https:\/\/alpelobydoggyinhome.com\/#\/schema\/logo\/image\/"},"sameAs":["https:\/\/www.instagram.com\/alpelo_bydoggyinhome"]}]}},"uagb_featured_image_src":{"full":["https:\/\/alpelobydoggyinhome.com\/wp-content\/uploads\/2024\/11\/Imagen-de-WhatsApp-2024-09-11-a-las-19.47.44_37dfb269.jpg",1280,1280,false],"thumbnail":["https:\/\/alpelobydoggyinhome.com\/wp-content\/uploads\/2024\/11\/Imagen-de-WhatsApp-2024-09-11-a-las-19.47.44_37dfb269-150x150.jpg",150,150,true],"medium":["https:\/\/alpelobydoggyinhome.com\/wp-content\/uploads\/2024\/11\/Imagen-de-WhatsApp-2024-09-11-a-las-19.47.44_37dfb269-300x300.jpg",300,300,true],"medium_large":["https:\/\/alpelobydoggyinhome.com\/wp-content\/uploads\/2024\/11\/Imagen-de-WhatsApp-2024-09-11-a-las-19.47.44_37dfb269-768x768.jpg",768,768,true],"large":["https:\/\/alpelobydoggyinhome.com\/wp-content\/uploads\/2024\/11\/Imagen-de-WhatsApp-2024-09-11-a-las-19.47.44_37dfb269-1024x1024.jpg",1024,1024,true],"1536x1536":["https:\/\/alpelobydoggyinhome.com\/wp-content\/uploads\/2024\/11\/Imagen-de-WhatsApp-2024-09-11-a-las-19.47.44_37dfb269.jpg",1280,1280,false],"2048x2048":["https:\/\/alpelobydoggyinhome.com\/wp-content\/uploads\/2024\/11\/Imagen-de-WhatsApp-2024-09-11-a-las-19.47.44_37dfb269.jpg",1280,1280,false],"woocommerce_thumbnail":["https:\/\/alpelobydoggyinhome.com\/wp-content\/uploads\/2024\/11\/Imagen-de-WhatsApp-2024-09-11-a-las-19.47.44_37dfb269-300x300.jpg",300,300,true],"woocommerce_single":["https:\/\/alpelobydoggyinhome.com\/wp-content\/uploads\/2024\/11\/Imagen-de-WhatsApp-2024-09-11-a-las-19.47.44_37dfb269-600x600.jpg",600,600,true],"woocommerce_gallery_thumbnail":["https:\/\/alpelobydoggyinhome.com\/wp-content\/uploads\/2024\/11\/Imagen-de-WhatsApp-2024-09-11-a-las-19.47.44_37dfb269-100x100.jpg",100,100,true]},"uagb_author_info":{"display_name":"David Casta\u00f1eda","author_link":"https:\/\/alpelobydoggyinhome.com\/?author=0"},"uagb_comment_info":0,"uagb_excerpt":"Ofrecemos un enfoque hol\u00edstico para la salud de tu mascota con nuestras consultas de medicina integrativa en Al Pelo. Este servicio combina la medicina tradicional con terapias complementarias, brindando un cuidado integral que promueve el bienestar f\u00edsico, emocional y mental de tu compa\u00f1ero peludo.","_links":{"self":[{"href":"https:\/\/alpelobydoggyinhome.com\/index.php?rest_route=\/wp\/v2\/product\/2925","targetHints":{"allow":["GET"]}}],"collection":[{"href":"https:\/\/alpelobydoggyinhome.com\/index.php?rest_route=\/wp\/v2\/product"}],"about":[{"href":"https:\/\/alpelobydoggyinhome.com\/index.php?rest_route=\/wp\/v2\/types\/product"}],"replies":[{"embeddable":true,"href":"https:\/\/alpelobydoggyinhome.com\/index.php?rest_route=%2Fwp%2Fv2%2Fcomments&post=2925"}],"version-history":[{"count":0,"href":"https:\/\/alpelobydoggyinhome.com\/index.php?rest_route=\/wp\/v2\/product\/2925\/revisions"}],"wp:featuredmedia":[{"embeddable":true,"href":"https:\/\/alpelobydoggyinhome.com\/index.php?rest_route=\/wp\/v2\/media\/2726"}],"wp:attachment":[{"href":"https:\/\/alpelobydoggyinhome.com\/index.php?rest_route=%2Fwp%2Fv2%2Fmedia&parent=2925"}],"wp:term":[{"taxonomy":"product_brand","embeddable":true,"href":"https:\/\/alpelobydoggyinhome.com\/index.php?rest_route=%2Fwp%2Fv2%2Fproduct_brand&post=2925"},{"taxonomy":"product_cat","embeddable":true,"href":"https:\/\/alpelobydoggyinhome.com\/index.php?rest_route=%2Fwp%2Fv2%2Fproduct_cat&post=2925"},{"taxonomy":"product_tag","embeddable":true,"href":"https:\/\/alpelobydoggyinhome.com\/index.php?rest_route=%2Fwp%2Fv2%2Fproduct_tag&post=2925"}],"curies":[{"name":"wp","href":"https:\/\/api.w.org\/{rel}","templated":true}]}}