{"id":3657,"date":"2025-02-03T19:32:44","date_gmt":"2025-02-03T19:32:44","guid":{"rendered":"https:\/\/alpelobydoggyinhome.com\/?post_type=product&#038;p=3657"},"modified":"2025-03-01T19:05:37","modified_gmt":"2025-03-01T19:05:37","slug":"gorra-be-brave","status":"publish","type":"product","link":"https:\/\/alpelobydoggyinhome.com\/?product=gorra-be-brave","title":{"rendered":"Gorra &#8220;Be Brave&#8221;"},"content":{"rendered":"<p>La valent\u00eda es un legado que trasciende generaciones. Nuestra <strong>gorra rosada &#8220;Be Brave&#8221;<\/strong> es un homenaje especial a la mam\u00e1 de la directora Paola Castillo, una mujer cuya fortaleza y amor dejaron huella en el prop\u00f3sito de Doggy in Home.<\/p>\n<p>\u2728 <strong>Caracter\u00edsticas:<\/strong><br \/>\n\u2714\ufe0f Color rosado con dise\u00f1o exclusivo.<br \/>\n\u2714\ufe0f Ajustable y c\u00f3moda, ideal para el d\u00eda a d\u00eda.<br \/>\n\u2714\ufe0f Un mensaje poderoso: s\u00e9 valiente, sigue adelante, nunca te rindas.<br \/>\n\u2714\ufe0f <strong>Cada compra apoya nuestra labor de rescate y cuidado de peludos en situaci\u00f3n de vulnerabilidad.<\/strong><\/p>\n<p>Lleva contigo este mensaje de fuerza y amor. <strong>\u00a1\u00danete a la causa y luce tu valent\u00eda con orgullo!<\/strong> \ud83d\udc96\ud83d\udc3e<\/p>\n","protected":false},"excerpt":{"rendered":"<p>La valent\u00eda es un legado que trasciende generaciones. Nuestra <strong>gorra rosada &#8220;Be Brave&#8221;<\/strong> es un homenaje especial a la mam\u00e1 de la directora Paola Castillo, una mujer cuya fortaleza y amor dejaron huella en el prop\u00f3sito de Doggy in Home.<\/p>\n","protected":false},"featured_media":3586,"comment_status":"open","ping_status":"closed","template":"","meta":{"_uag_custom_page_level_css":"","site-sidebar-layout":"default","site-content-layout":"","ast-site-content-layout":"default","site-content-style":"default","site-sidebar-style":"default","ast-global-header-display":"","ast-banner-title-visibility":"","ast-main-header-display":"","ast-hfb-above-header-display":"","ast-hfb-below-header-display":"","ast-hfb-mobile-header-display":"","site-post-title":"","ast-breadcrumbs-content":"","ast-featured-img":"","footer-sml-layout":"","ast-disable-related-posts":"","theme-transparent-header-meta":"default","adv-header-id-meta":"","stick-header-meta":"","header-above-stick-meta":"","header-main-stick-meta":"","header-below-stick-meta":"","astra-migrate-meta-layouts":"set","ast-page-background-enabled":"default","ast-page-background-meta":{"desktop":{"background-color":"","background-image":"","background-repeat":"repeat","background-position":"center center","background-size":"auto","background-attachment":"scroll","background-type":"","background-media":"","overlay-type":"","overlay-color":"","overlay-opacity":"","overlay-gradient":""},"tablet":{"background-color":"","background-image":"","background-repeat":"repeat","background-position":"center center","background-size":"auto","background-attachment":"scroll","background-type":"","background-media":"","overlay-type":"","overlay-color":"","overlay-opacity":"","overlay-gradient":""},"mobile":{"background-color":"","background-image":"","background-repeat":"repeat","background-position":"center center","background-size":"auto","background-attachment":"scroll","background-type":"","background-media":"","overlay-type":"","overlay-color":"","overlay-opacity":"","overlay-gradient":""}},"ast-content-background-meta":{"desktop":{"background-color":"var(--ast-global-color-4)","background-image":"","background-repeat":"repeat","background-position":"center center","background-size":"auto","background-attachment":"scroll","background-type":"","background-media":"","overlay-type":"","overlay-color":"","overlay-opacity":"","overlay-gradient":""},"tablet":{"background-color":"var(--ast-global-color-4)","background-image":"","background-repeat":"repeat","background-position":"center center","background-size":"auto","background-attachment":"scroll","background-type":"","background-media":"","overlay-type":"","overlay-color":"","overlay-opacity":"","overlay-gradient":""},"mobile":{"background-color":"var(--ast-global-color-4)","background-image":"","background-repeat":"repeat","background-position":"center center","background-size":"auto","background-attachment":"scroll","background-type":"","background-media":"","overlay-type":"","overlay-color":"","overlay-opacity":"","overlay-gradient":""}}},"product_brand":[],"product_cat":[113],"product_tag":[52,49,58],"class_list":{"0":"post-3657","1":"product","2":"type-product","3":"status-publish","4":"has-post-thumbnail","6":"product_cat-modaalpelo","7":"product_tag-cachucha","8":"product_tag-gorra","9":"product_tag-valentia","10":"desktop-align-left","11":"tablet-align-left","12":"mobile-align-left","14":"first","15":"instock","16":"shipping-taxable","17":"purchasable","18":"product-type-simple"},"yoast_head":"<!-- This site is optimized with the Yoast SEO plugin v27.4 - https:\/\/yoast.com\/product\/yoast-seo-wordpress\/ -->\n<title>Gorra &quot;Be Brave&quot; - alpelobydoggyinhome.com<\/title>\n<meta name=\"robots\" content=\"index, follow, max-snippet:-1, max-image-preview:large, max-video-preview:-1\" \/>\n<link rel=\"canonical\" href=\"https:\/\/alpelobydoggyinhome.com\/?product=gorra-be-brave\" \/>\n<meta property=\"og:locale\" content=\"es_ES\" \/>\n<meta property=\"og:type\" content=\"article\" \/>\n<meta property=\"og:title\" content=\"Gorra &quot;Be Brave&quot; - alpelobydoggyinhome.com\" \/>\n<meta property=\"og:description\" content=\"La valent\u00eda es un legado que trasciende generaciones. Nuestra gorra rosada &quot;Be Brave&quot; es un homenaje especial a la mam\u00e1 de la directora Paola Castillo, una mujer cuya fortaleza y amor dejaron huella en el prop\u00f3sito de Doggy in Home.\" \/>\n<meta property=\"og:url\" content=\"https:\/\/alpelobydoggyinhome.com\/?product=gorra-be-brave\" \/>\n<meta property=\"og:site_name\" content=\"alpelobydoggyinhome.com\" \/>\n<meta property=\"article:modified_time\" content=\"2025-03-01T19:05:37+00:00\" \/>\n<meta property=\"og:image\" content=\"https:\/\/alpelobydoggyinhome.com\/wp-content\/uploads\/2025\/02\/IMG_7913-scaled.jpg\" \/>\n\t<meta property=\"og:image:width\" content=\"2560\" \/>\n\t<meta property=\"og:image:height\" content=\"1922\" \/>\n\t<meta property=\"og:image:type\" content=\"image\/jpeg\" \/>\n<meta name=\"twitter:card\" content=\"summary_large_image\" \/>\n<meta name=\"twitter:label1\" content=\"Tiempo de lectura\" \/>\n\t<meta name=\"twitter:data1\" content=\"1 minuto\" \/>\n<script type=\"application\/ld+json\" class=\"yoast-schema-graph\">{\"@context\":\"https:\\\/\\\/schema.org\",\"@graph\":[{\"@type\":\"WebPage\",\"@id\":\"https:\\\/\\\/alpelobydoggyinhome.com\\\/?product=gorra-be-brave\",\"url\":\"https:\\\/\\\/alpelobydoggyinhome.com\\\/?product=gorra-be-brave\",\"name\":\"Gorra \\\"Be Brave\\\" - alpelobydoggyinhome.com\",\"isPartOf\":{\"@id\":\"https:\\\/\\\/alpelobydoggyinhome.com\\\/#website\"},\"primaryImageOfPage\":{\"@id\":\"https:\\\/\\\/alpelobydoggyinhome.com\\\/?product=gorra-be-brave#primaryimage\"},\"image\":{\"@id\":\"https:\\\/\\\/alpelobydoggyinhome.com\\\/?product=gorra-be-brave#primaryimage\"},\"thumbnailUrl\":\"https:\\\/\\\/alpelobydoggyinhome.com\\\/wp-content\\\/uploads\\\/2025\\\/02\\\/IMG_7913-scaled.jpg\",\"datePublished\":\"2025-02-03T19:32:44+00:00\",\"dateModified\":\"2025-03-01T19:05:37+00:00\",\"breadcrumb\":{\"@id\":\"https:\\\/\\\/alpelobydoggyinhome.com\\\/?product=gorra-be-brave#breadcrumb\"},\"inLanguage\":\"es-CO\",\"potentialAction\":[{\"@type\":\"ReadAction\",\"target\":[\"https:\\\/\\\/alpelobydoggyinhome.com\\\/?product=gorra-be-brave\"]}]},{\"@type\":\"ImageObject\",\"inLanguage\":\"es-CO\",\"@id\":\"https:\\\/\\\/alpelobydoggyinhome.com\\\/?product=gorra-be-brave#primaryimage\",\"url\":\"https:\\\/\\\/alpelobydoggyinhome.com\\\/wp-content\\\/uploads\\\/2025\\\/02\\\/IMG_7913-scaled.jpg\",\"contentUrl\":\"https:\\\/\\\/alpelobydoggyinhome.com\\\/wp-content\\\/uploads\\\/2025\\\/02\\\/IMG_7913-scaled.jpg\",\"width\":2560,\"height\":1922},{\"@type\":\"BreadcrumbList\",\"@id\":\"https:\\\/\\\/alpelobydoggyinhome.com\\\/?product=gorra-be-brave#breadcrumb\",\"itemListElement\":[{\"@type\":\"ListItem\",\"position\":1,\"name\":\"Home\",\"item\":\"https:\\\/\\\/alpelobydoggyinhome.com\\\/\"},{\"@type\":\"ListItem\",\"position\":2,\"name\":\"PRODUCTOS\",\"item\":\"https:\\\/\\\/alpelobydoggyinhome.com\\\/?page_id=3021\"},{\"@type\":\"ListItem\",\"position\":3,\"name\":\"Gorra &#8220;Be Brave&#8221;\"}]},{\"@type\":\"WebSite\",\"@id\":\"https:\\\/\\\/alpelobydoggyinhome.com\\\/#website\",\"url\":\"https:\\\/\\\/alpelobydoggyinhome.com\\\/\",\"name\":\"alpelobydoggyinhome.com\",\"description\":\"\",\"publisher\":{\"@id\":\"https:\\\/\\\/alpelobydoggyinhome.com\\\/#organization\"},\"potentialAction\":[{\"@type\":\"SearchAction\",\"target\":{\"@type\":\"EntryPoint\",\"urlTemplate\":\"https:\\\/\\\/alpelobydoggyinhome.com\\\/?s={search_term_string}\"},\"query-input\":{\"@type\":\"PropertyValueSpecification\",\"valueRequired\":true,\"valueName\":\"search_term_string\"}}],\"inLanguage\":\"es-CO\"},{\"@type\":\"Organization\",\"@id\":\"https:\\\/\\\/alpelobydoggyinhome.com\\\/#organization\",\"name\":\"alpelobydoggyinhome.com\",\"url\":\"https:\\\/\\\/alpelobydoggyinhome.com\\\/\",\"logo\":{\"@type\":\"ImageObject\",\"inLanguage\":\"es-CO\",\"@id\":\"https:\\\/\\\/alpelobydoggyinhome.com\\\/#\\\/schema\\\/logo\\\/image\\\/\",\"url\":\"https:\\\/\\\/alpelobydoggyinhome.com\\\/wp-content\\\/uploads\\\/2024\\\/10\\\/WhatsApp_Image_2024-10-29_at_2.00.42_PM__2_-removebg-preview.png\",\"contentUrl\":\"https:\\\/\\\/alpelobydoggyinhome.com\\\/wp-content\\\/uploads\\\/2024\\\/10\\\/WhatsApp_Image_2024-10-29_at_2.00.42_PM__2_-removebg-preview.png\",\"width\":500,\"height\":500,\"caption\":\"alpelobydoggyinhome.com\"},\"image\":{\"@id\":\"https:\\\/\\\/alpelobydoggyinhome.com\\\/#\\\/schema\\\/logo\\\/image\\\/\"},\"sameAs\":[\"https:\\\/\\\/www.instagram.com\\\/alpelo_bydoggyinhome\"]}]}<\/script>\n<!-- \/ Yoast SEO plugin. -->","yoast_head_json":{"title":"Gorra \"Be Brave\" - alpelobydoggyinhome.com","robots":{"index":"index","follow":"follow","max-snippet":"max-snippet:-1","max-image-preview":"max-image-preview:large","max-video-preview":"max-video-preview:-1"},"canonical":"https:\/\/alpelobydoggyinhome.com\/?product=gorra-be-brave","og_locale":"es_ES","og_type":"article","og_title":"Gorra \"Be Brave\" - alpelobydoggyinhome.com","og_description":"La valent\u00eda es un legado que trasciende generaciones. Nuestra gorra rosada \"Be Brave\" es un homenaje especial a la mam\u00e1 de la directora Paola Castillo, una mujer cuya fortaleza y amor dejaron huella en el prop\u00f3sito de Doggy in Home.","og_url":"https:\/\/alpelobydoggyinhome.com\/?product=gorra-be-brave","og_site_name":"alpelobydoggyinhome.com","article_modified_time":"2025-03-01T19:05:37+00:00","og_image":[{"width":2560,"height":1922,"url":"https:\/\/alpelobydoggyinhome.com\/wp-content\/uploads\/2025\/02\/IMG_7913-scaled.jpg","type":"image\/jpeg"}],"twitter_card":"summary_large_image","twitter_misc":{"Tiempo de lectura":"1 minuto"},"schema":{"@context":"https:\/\/schema.org","@graph":[{"@type":"WebPage","@id":"https:\/\/alpelobydoggyinhome.com\/?product=gorra-be-brave","url":"https:\/\/alpelobydoggyinhome.com\/?product=gorra-be-brave","name":"Gorra \"Be Brave\" - alpelobydoggyinhome.com","isPartOf":{"@id":"https:\/\/alpelobydoggyinhome.com\/#website"},"primaryImageOfPage":{"@id":"https:\/\/alpelobydoggyinhome.com\/?product=gorra-be-brave#primaryimage"},"image":{"@id":"https:\/\/alpelobydoggyinhome.com\/?product=gorra-be-brave#primaryimage"},"thumbnailUrl":"https:\/\/alpelobydoggyinhome.com\/wp-content\/uploads\/2025\/02\/IMG_7913-scaled.jpg","datePublished":"2025-02-03T19:32:44+00:00","dateModified":"2025-03-01T19:05:37+00:00","breadcrumb":{"@id":"https:\/\/alpelobydoggyinhome.com\/?product=gorra-be-brave#breadcrumb"},"inLanguage":"es-CO","potentialAction":[{"@type":"ReadAction","target":["https:\/\/alpelobydoggyinhome.com\/?product=gorra-be-brave"]}]},{"@type":"ImageObject","inLanguage":"es-CO","@id":"https:\/\/alpelobydoggyinhome.com\/?product=gorra-be-brave#primaryimage","url":"https:\/\/alpelobydoggyinhome.com\/wp-content\/uploads\/2025\/02\/IMG_7913-scaled.jpg","contentUrl":"https:\/\/alpelobydoggyinhome.com\/wp-content\/uploads\/2025\/02\/IMG_7913-scaled.jpg","width":2560,"height":1922},{"@type":"BreadcrumbList","@id":"https:\/\/alpelobydoggyinhome.com\/?product=gorra-be-brave#breadcrumb","itemListElement":[{"@type":"ListItem","position":1,"name":"Home","item":"https:\/\/alpelobydoggyinhome.com\/"},{"@type":"ListItem","position":2,"name":"PRODUCTOS","item":"https:\/\/alpelobydoggyinhome.com\/?page_id=3021"},{"@type":"ListItem","position":3,"name":"Gorra &#8220;Be Brave&#8221;"}]},{"@type":"WebSite","@id":"https:\/\/alpelobydoggyinhome.com\/#website","url":"https:\/\/alpelobydoggyinhome.com\/","name":"alpelobydoggyinhome.com","description":"","publisher":{"@id":"https:\/\/alpelobydoggyinhome.com\/#organization"},"potentialAction":[{"@type":"SearchAction","target":{"@type":"EntryPoint","urlTemplate":"https:\/\/alpelobydoggyinhome.com\/?s={search_term_string}"},"query-input":{"@type":"PropertyValueSpecification","valueRequired":true,"valueName":"search_term_string"}}],"inLanguage":"es-CO"},{"@type":"Organization","@id":"https:\/\/alpelobydoggyinhome.com\/#organization","name":"alpelobydoggyinhome.com","url":"https:\/\/alpelobydoggyinhome.com\/","logo":{"@type":"ImageObject","inLanguage":"es-CO","@id":"https:\/\/alpelobydoggyinhome.com\/#\/schema\/logo\/image\/","url":"https:\/\/alpelobydoggyinhome.com\/wp-content\/uploads\/2024\/10\/WhatsApp_Image_2024-10-29_at_2.00.42_PM__2_-removebg-preview.png","contentUrl":"https:\/\/alpelobydoggyinhome.com\/wp-content\/uploads\/2024\/10\/WhatsApp_Image_2024-10-29_at_2.00.42_PM__2_-removebg-preview.png","width":500,"height":500,"caption":"alpelobydoggyinhome.com"},"image":{"@id":"https:\/\/alpelobydoggyinhome.com\/#\/schema\/logo\/image\/"},"sameAs":["https:\/\/www.instagram.com\/alpelo_bydoggyinhome"]}]}},"uagb_featured_image_src":{"full":["https:\/\/alpelobydoggyinhome.com\/wp-content\/uploads\/2025\/02\/IMG_7913-scaled.jpg",2560,1922,false],"thumbnail":["https:\/\/alpelobydoggyinhome.com\/wp-content\/uploads\/2025\/02\/IMG_7913-150x150.jpg",150,150,true],"medium":["https:\/\/alpelobydoggyinhome.com\/wp-content\/uploads\/2025\/02\/IMG_7913-300x225.jpg",300,225,true],"medium_large":["https:\/\/alpelobydoggyinhome.com\/wp-content\/uploads\/2025\/02\/IMG_7913-768x577.jpg",768,577,true],"large":["https:\/\/alpelobydoggyinhome.com\/wp-content\/uploads\/2025\/02\/IMG_7913-1024x769.jpg",1024,769,true],"1536x1536":["https:\/\/alpelobydoggyinhome.com\/wp-content\/uploads\/2025\/02\/IMG_7913-1536x1153.jpg",1536,1153,true],"2048x2048":["https:\/\/alpelobydoggyinhome.com\/wp-content\/uploads\/2025\/02\/IMG_7913-2048x1537.jpg",2048,1537,true],"woocommerce_thumbnail":["https:\/\/alpelobydoggyinhome.com\/wp-content\/uploads\/2025\/02\/IMG_7913-300x300.jpg",300,300,true],"woocommerce_single":["https:\/\/alpelobydoggyinhome.com\/wp-content\/uploads\/2025\/02\/IMG_7913-600x450.jpg",600,450,true],"woocommerce_gallery_thumbnail":["https:\/\/alpelobydoggyinhome.com\/wp-content\/uploads\/2025\/02\/IMG_7913-100x100.jpg",100,100,true]},"uagb_author_info":{"display_name":"David Casta\u00f1eda","author_link":"https:\/\/alpelobydoggyinhome.com\/?author=0"},"uagb_comment_info":0,"uagb_excerpt":"La valent\u00eda es un legado que trasciende generaciones. Nuestra gorra rosada \"Be Brave\" es un homenaje especial a la mam\u00e1 de la directora Paola Castillo, una mujer cuya fortaleza y amor dejaron huella en el prop\u00f3sito de Doggy in Home.","_links":{"self":[{"href":"https:\/\/alpelobydoggyinhome.com\/index.php?rest_route=\/wp\/v2\/product\/3657","targetHints":{"allow":["GET"]}}],"collection":[{"href":"https:\/\/alpelobydoggyinhome.com\/index.php?rest_route=\/wp\/v2\/product"}],"about":[{"href":"https:\/\/alpelobydoggyinhome.com\/index.php?rest_route=\/wp\/v2\/types\/product"}],"replies":[{"embeddable":true,"href":"https:\/\/alpelobydoggyinhome.com\/index.php?rest_route=%2Fwp%2Fv2%2Fcomments&post=3657"}],"version-history":[{"count":3,"href":"https:\/\/alpelobydoggyinhome.com\/index.php?rest_route=\/wp\/v2\/product\/3657\/revisions"}],"predecessor-version":[{"id":3660,"href":"https:\/\/alpelobydoggyinhome.com\/index.php?rest_route=\/wp\/v2\/product\/3657\/revisions\/3660"}],"wp:featuredmedia":[{"embeddable":true,"href":"https:\/\/alpelobydoggyinhome.com\/index.php?rest_route=\/wp\/v2\/media\/3586"}],"wp:attachment":[{"href":"https:\/\/alpelobydoggyinhome.com\/index.php?rest_route=%2Fwp%2Fv2%2Fmedia&parent=3657"}],"wp:term":[{"taxonomy":"product_brand","embeddable":true,"href":"https:\/\/alpelobydoggyinhome.com\/index.php?rest_route=%2Fwp%2Fv2%2Fproduct_brand&post=3657"},{"taxonomy":"product_cat","embeddable":true,"href":"https:\/\/alpelobydoggyinhome.com\/index.php?rest_route=%2Fwp%2Fv2%2Fproduct_cat&post=3657"},{"taxonomy":"product_tag","embeddable":true,"href":"https:\/\/alpelobydoggyinhome.com\/index.php?rest_route=%2Fwp%2Fv2%2Fproduct_tag&post=3657"}],"curies":[{"name":"wp","href":"https:\/\/api.w.org\/{rel}","templated":true}]}}