{"id":3729,"date":"2025-02-06T16:10:03","date_gmt":"2025-02-06T16:10:03","guid":{"rendered":"https:\/\/alpelobydoggyinhome.com\/?post_type=product&#038;p=3729"},"modified":"2025-02-06T16:10:03","modified_gmt":"2025-02-06T16:10:03","slug":"cobija-premium","status":"publish","type":"product","link":"https:\/\/alpelobydoggyinhome.com\/?product=cobija-premium","title":{"rendered":"Cobija Premium"},"content":{"rendered":"<p>Dale a tu peludo el abrigo perfecto con nuestra <strong>cobija premium<\/strong>, dise\u00f1ada para envolverlo en <strong>calidez y comodidad<\/strong> sin importar d\u00f3nde descanse. Con una combinaci\u00f3n ideal de <strong>durabilidad y suavidad<\/strong>, esta cobija se convertir\u00e1 en su compa\u00f1era favorita para dormir, acurrucarse y relajarse.<\/p>\n<p>\ud83d\udd39 <strong>Doble textura para mayor confort<\/strong>: Un lado est\u00e1 confeccionado con una <strong>tela resistente y f\u00e1cil de mantener<\/strong>, perfecta para combinar con colchones y camas sin perder estilo. El otro lado, <strong>suave y afelpado<\/strong>, proporciona un abrazo c\u00e1lido y reconfortante, ideal para los d\u00edas fr\u00edos.<\/p>\n<p>\ud83d\udd39 <strong>Vers\u00e1til y pr\u00e1ctica<\/strong>: Perfecta para la cama, el sof\u00e1 o incluso para llevar en viajes, asegurando que tu mascota siempre tenga su <strong>rinc\u00f3n acogedor<\/strong> donde sea que vaya.<\/p>\n<p>\ud83d\udd39 <strong>F\u00e1cil de limpiar y de gran durabilidad<\/strong>, dise\u00f1ada para resistir el uso diario sin perder suavidad ni calidad.<\/p>\n<p>Reg\u00e1lale a tu mascota la comodidad que se merece con una cobija que no solo la mantendr\u00e1 abrigada, sino que tambi\u00e9n le brindar\u00e1 una sensaci\u00f3n de <strong>seguridad y bienestar<\/strong>. \u00a1Una caricia en forma de cobija para su descanso perfecto! \ud83d\udc36\ud83d\udc31\ud83d\udc96<\/p>\n","protected":false},"excerpt":{"rendered":"<p>Dale a tu peludo el abrigo perfecto con nuestra cobija premium, dise\u00f1ada para envolverlo en calidez y comodidad sin importar d\u00f3nde descanse. Con una combinaci\u00f3n ideal de durabilidad y suavidad, esta cobija se convertir\u00e1 en su compa\u00f1era favorita para dormir, acurrucarse y relajarse. \ud83d\udd39 Doble textura para mayor confort: Un lado est\u00e1 confeccionado con una tela resistente y f\u00e1cil de mantener, perfecta para combinar con colchones y camas sin perder estilo. El otro lado, suave y afelpado, proporciona un abrazo c\u00e1lido y reconfortante, ideal para los d\u00edas fr\u00edos. \ud83d\udd39 Vers\u00e1til y pr\u00e1ctica: Perfecta para la cama, el sof\u00e1 o incluso para llevar en viajes, asegurando que tu mascota siempre tenga su rinc\u00f3n acogedor donde sea que vaya. \ud83d\udd39 F\u00e1cil de limpiar y de gran durabilidad, dise\u00f1ada para resistir el uso diario sin perder suavidad ni calidad. Reg\u00e1lale a tu mascota la comodidad que se merece con una cobija que no solo la mantendr\u00e1 abrigada, sino que tambi\u00e9n le brindar\u00e1 una sensaci\u00f3n de seguridad y bienestar. \u00a1Una caricia en forma de cobija para su descanso perfecto! \ud83d\udc36\ud83d\udc31\ud83d\udc96<\/p>\n","protected":false},"featured_media":3733,"comment_status":"open","ping_status":"closed","template":"","meta":{"_uag_custom_page_level_css":"","site-sidebar-layout":"default","site-content-layout":"","ast-site-content-layout":"default","site-content-style":"default","site-sidebar-style":"default","ast-global-header-display":"","ast-banner-title-visibility":"","ast-main-header-display":"","ast-hfb-above-header-display":"","ast-hfb-below-header-display":"","ast-hfb-mobile-header-display":"","site-post-title":"","ast-breadcrumbs-content":"","ast-featured-img":"","footer-sml-layout":"","ast-disable-related-posts":"","theme-transparent-header-meta":"default","adv-header-id-meta":"","stick-header-meta":"","header-above-stick-meta":"","header-main-stick-meta":"","header-below-stick-meta":"","astra-migrate-meta-layouts":"set","ast-page-background-enabled":"default","ast-page-background-meta":{"desktop":{"background-color":"","background-image":"","background-repeat":"repeat","background-position":"center center","background-size":"auto","background-attachment":"scroll","background-type":"","background-media":"","overlay-type":"","overlay-color":"","overlay-opacity":"","overlay-gradient":""},"tablet":{"background-color":"","background-image":"","background-repeat":"repeat","background-position":"center center","background-size":"auto","background-attachment":"scroll","background-type":"","background-media":"","overlay-type":"","overlay-color":"","overlay-opacity":"","overlay-gradient":""},"mobile":{"background-color":"","background-image":"","background-repeat":"repeat","background-position":"center center","background-size":"auto","background-attachment":"scroll","background-type":"","background-media":"","overlay-type":"","overlay-color":"","overlay-opacity":"","overlay-gradient":""}},"ast-content-background-meta":{"desktop":{"background-color":"var(--ast-global-color-4)","background-image":"","background-repeat":"repeat","background-position":"center center","background-size":"auto","background-attachment":"scroll","background-type":"","background-media":"","overlay-type":"","overlay-color":"","overlay-opacity":"","overlay-gradient":""},"tablet":{"background-color":"var(--ast-global-color-4)","background-image":"","background-repeat":"repeat","background-position":"center center","background-size":"auto","background-attachment":"scroll","background-type":"","background-media":"","overlay-type":"","overlay-color":"","overlay-opacity":"","overlay-gradient":""},"mobile":{"background-color":"var(--ast-global-color-4)","background-image":"","background-repeat":"repeat","background-position":"center center","background-size":"auto","background-attachment":"scroll","background-type":"","background-media":"","overlay-type":"","overlay-color":"","overlay-opacity":"","overlay-gradient":""}}},"product_brand":[],"product_cat":[45],"product_tag":[],"class_list":{"0":"post-3729","1":"product","2":"type-product","3":"status-publish","4":"has-post-thumbnail","6":"product_cat-accesorios","7":"desktop-align-left","8":"tablet-align-left","9":"mobile-align-left","11":"first","12":"instock","13":"sale","14":"shipping-taxable","15":"purchasable","16":"product-type-variable"},"yoast_head":"<!-- This site is optimized with the Yoast SEO plugin v27.4 - https:\/\/yoast.com\/product\/yoast-seo-wordpress\/ -->\n<title>Cobija Premium - alpelobydoggyinhome.com<\/title>\n<meta name=\"robots\" content=\"index, follow, max-snippet:-1, max-image-preview:large, max-video-preview:-1\" \/>\n<link rel=\"canonical\" href=\"https:\/\/alpelobydoggyinhome.com\/?product=cobija-premium\" \/>\n<meta property=\"og:locale\" content=\"es_ES\" \/>\n<meta property=\"og:type\" content=\"article\" \/>\n<meta property=\"og:title\" content=\"Cobija Premium - alpelobydoggyinhome.com\" \/>\n<meta property=\"og:description\" content=\"Dale a tu peludo el abrigo perfecto con nuestra cobija premium, dise\u00f1ada para envolverlo en calidez y comodidad sin importar d\u00f3nde descanse. Con una combinaci\u00f3n ideal de durabilidad y suavidad, esta cobija se convertir\u00e1 en su compa\u00f1era favorita para dormir, acurrucarse y relajarse. \ud83d\udd39 Doble textura para mayor confort: Un lado est\u00e1 confeccionado con una tela resistente y f\u00e1cil de mantener, perfecta para combinar con colchones y camas sin perder estilo. El otro lado, suave y afelpado, proporciona un abrazo c\u00e1lido y reconfortante, ideal para los d\u00edas fr\u00edos. \ud83d\udd39 Vers\u00e1til y pr\u00e1ctica: Perfecta para la cama, el sof\u00e1 o incluso para llevar en viajes, asegurando que tu mascota siempre tenga su rinc\u00f3n acogedor donde sea que vaya. \ud83d\udd39 F\u00e1cil de limpiar y de gran durabilidad, dise\u00f1ada para resistir el uso diario sin perder suavidad ni calidad. Reg\u00e1lale a tu mascota la comodidad que se merece con una cobija que no solo la mantendr\u00e1 abrigada, sino que tambi\u00e9n le brindar\u00e1 una sensaci\u00f3n de seguridad y bienestar. \u00a1Una caricia en forma de cobija para su descanso perfecto! \ud83d\udc36\ud83d\udc31\ud83d\udc96\" \/>\n<meta property=\"og:url\" content=\"https:\/\/alpelobydoggyinhome.com\/?product=cobija-premium\" \/>\n<meta property=\"og:site_name\" content=\"alpelobydoggyinhome.com\" \/>\n<meta property=\"og:image\" content=\"https:\/\/alpelobydoggyinhome.com\/wp-content\/uploads\/2025\/02\/29.png\" \/>\n\t<meta property=\"og:image:width\" content=\"800\" \/>\n\t<meta property=\"og:image:height\" content=\"800\" \/>\n\t<meta property=\"og:image:type\" content=\"image\/png\" \/>\n<meta name=\"twitter:card\" content=\"summary_large_image\" \/>\n<meta name=\"twitter:label1\" content=\"Tiempo de lectura\" \/>\n\t<meta name=\"twitter:data1\" content=\"1 minuto\" \/>\n<script type=\"application\/ld+json\" class=\"yoast-schema-graph\">{\"@context\":\"https:\\\/\\\/schema.org\",\"@graph\":[{\"@type\":\"WebPage\",\"@id\":\"https:\\\/\\\/alpelobydoggyinhome.com\\\/?product=cobija-premium\",\"url\":\"https:\\\/\\\/alpelobydoggyinhome.com\\\/?product=cobija-premium\",\"name\":\"Cobija Premium - alpelobydoggyinhome.com\",\"isPartOf\":{\"@id\":\"https:\\\/\\\/alpelobydoggyinhome.com\\\/#website\"},\"primaryImageOfPage\":{\"@id\":\"https:\\\/\\\/alpelobydoggyinhome.com\\\/?product=cobija-premium#primaryimage\"},\"image\":{\"@id\":\"https:\\\/\\\/alpelobydoggyinhome.com\\\/?product=cobija-premium#primaryimage\"},\"thumbnailUrl\":\"https:\\\/\\\/alpelobydoggyinhome.com\\\/wp-content\\\/uploads\\\/2025\\\/02\\\/29.png\",\"datePublished\":\"2025-02-06T16:10:03+00:00\",\"breadcrumb\":{\"@id\":\"https:\\\/\\\/alpelobydoggyinhome.com\\\/?product=cobija-premium#breadcrumb\"},\"inLanguage\":\"es-CO\",\"potentialAction\":[{\"@type\":\"ReadAction\",\"target\":[\"https:\\\/\\\/alpelobydoggyinhome.com\\\/?product=cobija-premium\"]}]},{\"@type\":\"ImageObject\",\"inLanguage\":\"es-CO\",\"@id\":\"https:\\\/\\\/alpelobydoggyinhome.com\\\/?product=cobija-premium#primaryimage\",\"url\":\"https:\\\/\\\/alpelobydoggyinhome.com\\\/wp-content\\\/uploads\\\/2025\\\/02\\\/29.png\",\"contentUrl\":\"https:\\\/\\\/alpelobydoggyinhome.com\\\/wp-content\\\/uploads\\\/2025\\\/02\\\/29.png\",\"width\":800,\"height\":800},{\"@type\":\"BreadcrumbList\",\"@id\":\"https:\\\/\\\/alpelobydoggyinhome.com\\\/?product=cobija-premium#breadcrumb\",\"itemListElement\":[{\"@type\":\"ListItem\",\"position\":1,\"name\":\"Home\",\"item\":\"https:\\\/\\\/alpelobydoggyinhome.com\\\/\"},{\"@type\":\"ListItem\",\"position\":2,\"name\":\"PRODUCTOS\",\"item\":\"https:\\\/\\\/alpelobydoggyinhome.com\\\/?page_id=3021\"},{\"@type\":\"ListItem\",\"position\":3,\"name\":\"Cobija Premium\"}]},{\"@type\":\"WebSite\",\"@id\":\"https:\\\/\\\/alpelobydoggyinhome.com\\\/#website\",\"url\":\"https:\\\/\\\/alpelobydoggyinhome.com\\\/\",\"name\":\"alpelobydoggyinhome.com\",\"description\":\"\",\"publisher\":{\"@id\":\"https:\\\/\\\/alpelobydoggyinhome.com\\\/#organization\"},\"potentialAction\":[{\"@type\":\"SearchAction\",\"target\":{\"@type\":\"EntryPoint\",\"urlTemplate\":\"https:\\\/\\\/alpelobydoggyinhome.com\\\/?s={search_term_string}\"},\"query-input\":{\"@type\":\"PropertyValueSpecification\",\"valueRequired\":true,\"valueName\":\"search_term_string\"}}],\"inLanguage\":\"es-CO\"},{\"@type\":\"Organization\",\"@id\":\"https:\\\/\\\/alpelobydoggyinhome.com\\\/#organization\",\"name\":\"alpelobydoggyinhome.com\",\"url\":\"https:\\\/\\\/alpelobydoggyinhome.com\\\/\",\"logo\":{\"@type\":\"ImageObject\",\"inLanguage\":\"es-CO\",\"@id\":\"https:\\\/\\\/alpelobydoggyinhome.com\\\/#\\\/schema\\\/logo\\\/image\\\/\",\"url\":\"https:\\\/\\\/alpelobydoggyinhome.com\\\/wp-content\\\/uploads\\\/2024\\\/10\\\/WhatsApp_Image_2024-10-29_at_2.00.42_PM__2_-removebg-preview.png\",\"contentUrl\":\"https:\\\/\\\/alpelobydoggyinhome.com\\\/wp-content\\\/uploads\\\/2024\\\/10\\\/WhatsApp_Image_2024-10-29_at_2.00.42_PM__2_-removebg-preview.png\",\"width\":500,\"height\":500,\"caption\":\"alpelobydoggyinhome.com\"},\"image\":{\"@id\":\"https:\\\/\\\/alpelobydoggyinhome.com\\\/#\\\/schema\\\/logo\\\/image\\\/\"},\"sameAs\":[\"https:\\\/\\\/www.instagram.com\\\/alpelo_bydoggyinhome\"]}]}<\/script>\n<!-- \/ Yoast SEO plugin. -->","yoast_head_json":{"title":"Cobija Premium - alpelobydoggyinhome.com","robots":{"index":"index","follow":"follow","max-snippet":"max-snippet:-1","max-image-preview":"max-image-preview:large","max-video-preview":"max-video-preview:-1"},"canonical":"https:\/\/alpelobydoggyinhome.com\/?product=cobija-premium","og_locale":"es_ES","og_type":"article","og_title":"Cobija Premium - alpelobydoggyinhome.com","og_description":"Dale a tu peludo el abrigo perfecto con nuestra cobija premium, dise\u00f1ada para envolverlo en calidez y comodidad sin importar d\u00f3nde descanse. Con una combinaci\u00f3n ideal de durabilidad y suavidad, esta cobija se convertir\u00e1 en su compa\u00f1era favorita para dormir, acurrucarse y relajarse. \ud83d\udd39 Doble textura para mayor confort: Un lado est\u00e1 confeccionado con una tela resistente y f\u00e1cil de mantener, perfecta para combinar con colchones y camas sin perder estilo. El otro lado, suave y afelpado, proporciona un abrazo c\u00e1lido y reconfortante, ideal para los d\u00edas fr\u00edos. \ud83d\udd39 Vers\u00e1til y pr\u00e1ctica: Perfecta para la cama, el sof\u00e1 o incluso para llevar en viajes, asegurando que tu mascota siempre tenga su rinc\u00f3n acogedor donde sea que vaya. \ud83d\udd39 F\u00e1cil de limpiar y de gran durabilidad, dise\u00f1ada para resistir el uso diario sin perder suavidad ni calidad. Reg\u00e1lale a tu mascota la comodidad que se merece con una cobija que no solo la mantendr\u00e1 abrigada, sino que tambi\u00e9n le brindar\u00e1 una sensaci\u00f3n de seguridad y bienestar. \u00a1Una caricia en forma de cobija para su descanso perfecto! \ud83d\udc36\ud83d\udc31\ud83d\udc96","og_url":"https:\/\/alpelobydoggyinhome.com\/?product=cobija-premium","og_site_name":"alpelobydoggyinhome.com","og_image":[{"width":800,"height":800,"url":"https:\/\/alpelobydoggyinhome.com\/wp-content\/uploads\/2025\/02\/29.png","type":"image\/png"}],"twitter_card":"summary_large_image","twitter_misc":{"Tiempo de lectura":"1 minuto"},"schema":{"@context":"https:\/\/schema.org","@graph":[{"@type":"WebPage","@id":"https:\/\/alpelobydoggyinhome.com\/?product=cobija-premium","url":"https:\/\/alpelobydoggyinhome.com\/?product=cobija-premium","name":"Cobija Premium - alpelobydoggyinhome.com","isPartOf":{"@id":"https:\/\/alpelobydoggyinhome.com\/#website"},"primaryImageOfPage":{"@id":"https:\/\/alpelobydoggyinhome.com\/?product=cobija-premium#primaryimage"},"image":{"@id":"https:\/\/alpelobydoggyinhome.com\/?product=cobija-premium#primaryimage"},"thumbnailUrl":"https:\/\/alpelobydoggyinhome.com\/wp-content\/uploads\/2025\/02\/29.png","datePublished":"2025-02-06T16:10:03+00:00","breadcrumb":{"@id":"https:\/\/alpelobydoggyinhome.com\/?product=cobija-premium#breadcrumb"},"inLanguage":"es-CO","potentialAction":[{"@type":"ReadAction","target":["https:\/\/alpelobydoggyinhome.com\/?product=cobija-premium"]}]},{"@type":"ImageObject","inLanguage":"es-CO","@id":"https:\/\/alpelobydoggyinhome.com\/?product=cobija-premium#primaryimage","url":"https:\/\/alpelobydoggyinhome.com\/wp-content\/uploads\/2025\/02\/29.png","contentUrl":"https:\/\/alpelobydoggyinhome.com\/wp-content\/uploads\/2025\/02\/29.png","width":800,"height":800},{"@type":"BreadcrumbList","@id":"https:\/\/alpelobydoggyinhome.com\/?product=cobija-premium#breadcrumb","itemListElement":[{"@type":"ListItem","position":1,"name":"Home","item":"https:\/\/alpelobydoggyinhome.com\/"},{"@type":"ListItem","position":2,"name":"PRODUCTOS","item":"https:\/\/alpelobydoggyinhome.com\/?page_id=3021"},{"@type":"ListItem","position":3,"name":"Cobija Premium"}]},{"@type":"WebSite","@id":"https:\/\/alpelobydoggyinhome.com\/#website","url":"https:\/\/alpelobydoggyinhome.com\/","name":"alpelobydoggyinhome.com","description":"","publisher":{"@id":"https:\/\/alpelobydoggyinhome.com\/#organization"},"potentialAction":[{"@type":"SearchAction","target":{"@type":"EntryPoint","urlTemplate":"https:\/\/alpelobydoggyinhome.com\/?s={search_term_string}"},"query-input":{"@type":"PropertyValueSpecification","valueRequired":true,"valueName":"search_term_string"}}],"inLanguage":"es-CO"},{"@type":"Organization","@id":"https:\/\/alpelobydoggyinhome.com\/#organization","name":"alpelobydoggyinhome.com","url":"https:\/\/alpelobydoggyinhome.com\/","logo":{"@type":"ImageObject","inLanguage":"es-CO","@id":"https:\/\/alpelobydoggyinhome.com\/#\/schema\/logo\/image\/","url":"https:\/\/alpelobydoggyinhome.com\/wp-content\/uploads\/2024\/10\/WhatsApp_Image_2024-10-29_at_2.00.42_PM__2_-removebg-preview.png","contentUrl":"https:\/\/alpelobydoggyinhome.com\/wp-content\/uploads\/2024\/10\/WhatsApp_Image_2024-10-29_at_2.00.42_PM__2_-removebg-preview.png","width":500,"height":500,"caption":"alpelobydoggyinhome.com"},"image":{"@id":"https:\/\/alpelobydoggyinhome.com\/#\/schema\/logo\/image\/"},"sameAs":["https:\/\/www.instagram.com\/alpelo_bydoggyinhome"]}]}},"uagb_featured_image_src":{"full":["https:\/\/alpelobydoggyinhome.com\/wp-content\/uploads\/2025\/02\/29.png",800,800,false],"thumbnail":["https:\/\/alpelobydoggyinhome.com\/wp-content\/uploads\/2025\/02\/29-150x150.png",150,150,true],"medium":["https:\/\/alpelobydoggyinhome.com\/wp-content\/uploads\/2025\/02\/29-300x300.png",300,300,true],"medium_large":["https:\/\/alpelobydoggyinhome.com\/wp-content\/uploads\/2025\/02\/29-768x768.png",768,768,true],"large":["https:\/\/alpelobydoggyinhome.com\/wp-content\/uploads\/2025\/02\/29.png",800,800,false],"1536x1536":["https:\/\/alpelobydoggyinhome.com\/wp-content\/uploads\/2025\/02\/29.png",800,800,false],"2048x2048":["https:\/\/alpelobydoggyinhome.com\/wp-content\/uploads\/2025\/02\/29.png",800,800,false],"woocommerce_thumbnail":["https:\/\/alpelobydoggyinhome.com\/wp-content\/uploads\/2025\/02\/29-300x300.png",300,300,true],"woocommerce_single":["https:\/\/alpelobydoggyinhome.com\/wp-content\/uploads\/2025\/02\/29-600x600.png",600,600,true],"woocommerce_gallery_thumbnail":["https:\/\/alpelobydoggyinhome.com\/wp-content\/uploads\/2025\/02\/29-100x100.png",100,100,true]},"uagb_author_info":{"display_name":"David Casta\u00f1eda","author_link":"https:\/\/alpelobydoggyinhome.com\/?author=0"},"uagb_comment_info":0,"uagb_excerpt":"Dale a tu peludo el abrigo perfecto con nuestra cobija premium, dise\u00f1ada para envolverlo en calidez y comodidad sin importar d\u00f3nde descanse. Con una combinaci\u00f3n ideal de durabilidad y suavidad, esta cobija se convertir\u00e1 en su compa\u00f1era favorita para dormir, acurrucarse y relajarse. \ud83d\udd39 Doble textura para mayor confort: Un lado est\u00e1 confeccionado con una&hellip;","_links":{"self":[{"href":"https:\/\/alpelobydoggyinhome.com\/index.php?rest_route=\/wp\/v2\/product\/3729","targetHints":{"allow":["GET"]}}],"collection":[{"href":"https:\/\/alpelobydoggyinhome.com\/index.php?rest_route=\/wp\/v2\/product"}],"about":[{"href":"https:\/\/alpelobydoggyinhome.com\/index.php?rest_route=\/wp\/v2\/types\/product"}],"replies":[{"embeddable":true,"href":"https:\/\/alpelobydoggyinhome.com\/index.php?rest_route=%2Fwp%2Fv2%2Fcomments&post=3729"}],"version-history":[{"count":2,"href":"https:\/\/alpelobydoggyinhome.com\/index.php?rest_route=\/wp\/v2\/product\/3729\/revisions"}],"predecessor-version":[{"id":3741,"href":"https:\/\/alpelobydoggyinhome.com\/index.php?rest_route=\/wp\/v2\/product\/3729\/revisions\/3741"}],"wp:featuredmedia":[{"embeddable":true,"href":"https:\/\/alpelobydoggyinhome.com\/index.php?rest_route=\/wp\/v2\/media\/3733"}],"wp:attachment":[{"href":"https:\/\/alpelobydoggyinhome.com\/index.php?rest_route=%2Fwp%2Fv2%2Fmedia&parent=3729"}],"wp:term":[{"taxonomy":"product_brand","embeddable":true,"href":"https:\/\/alpelobydoggyinhome.com\/index.php?rest_route=%2Fwp%2Fv2%2Fproduct_brand&post=3729"},{"taxonomy":"product_cat","embeddable":true,"href":"https:\/\/alpelobydoggyinhome.com\/index.php?rest_route=%2Fwp%2Fv2%2Fproduct_cat&post=3729"},{"taxonomy":"product_tag","embeddable":true,"href":"https:\/\/alpelobydoggyinhome.com\/index.php?rest_route=%2Fwp%2Fv2%2Fproduct_tag&post=3729"}],"curies":[{"name":"wp","href":"https:\/\/api.w.org\/{rel}","templated":true}]}}