{"id":3742,"date":"2025-02-06T16:15:34","date_gmt":"2025-02-06T16:15:34","guid":{"rendered":"https:\/\/alpelobydoggyinhome.com\/?post_type=product&#038;p=3742"},"modified":"2025-02-06T16:15:34","modified_gmt":"2025-02-06T16:15:34","slug":"manta-premium","status":"publish","type":"product","link":"https:\/\/alpelobydoggyinhome.com\/?product=manta-premium","title":{"rendered":"Manta Premium"},"content":{"rendered":"<div class=\"flex max-w-full flex-col flex-grow\">\n<div class=\"min-h-8 text-message flex w-full flex-col items-end gap-2 whitespace-normal break-words text-start [.text-message+&amp;]:mt-5\" dir=\"auto\" data-message-author-role=\"assistant\" data-message-id=\"84ccfc6a-479d-46e0-aecf-5aa54594e49c\" data-message-model-slug=\"gpt-4o\">\n<div class=\"flex w-full flex-col gap-1 empty:hidden first:pt-[3px]\">\n<div class=\"markdown prose w-full break-words dark:prose-invert light\">\n<p>Dale a tu peludo la comodidad que merece con nuestra <strong>manta premium<\/strong>, dise\u00f1ada para envolverlo en <strong>suavidad y calidez<\/strong> en cualquier momento. Perfecta para usar en su cama, el sof\u00e1 o incluso en viajes, esta manta se convertir\u00e1 en su refugio favorito.<\/p>\n<p>\ud83d\udd39 <strong>Textura extra suave<\/strong>: Ideal para que tu mascota se acurruque y se sienta protegida, proporcionando una sensaci\u00f3n de bienestar y relajaci\u00f3n.<\/p>\n<p>\ud83d\udd39 <strong>Abrigo en climas fr\u00edos<\/strong>: Su dise\u00f1o c\u00e1lido la hace perfecta para las estaciones m\u00e1s fr\u00edas, manteniendo a tu mascota siempre confortable.<\/p>\n<p>\ud83d\udd39 <strong>Materiales de alta calidad<\/strong>: Confeccionada con telas resistentes, duraderas y de f\u00e1cil mantenimiento. Se puede lavar sin perder su suavidad, asegurando <strong>higiene y frescura<\/strong> por m\u00e1s tiempo.<\/p>\n<p>\ud83d\udd39 <strong>Vers\u00e1til y funcional<\/strong>: \u00dasala para proteger muebles, forrar su cama o llevarla a cualquier lugar, asegurando que tu mascota siempre tenga su espacio acogedor.<\/p>\n<p>\u00a1Reg\u00e1lale el descanso que merece con nuestra manta premium, el complemento perfecto para su bienestar diario! \ud83d\udc36\ud83d\udc31\ud83d\udc96<\/p>\n<\/div>\n<\/div>\n<\/div>\n<\/div>\n","protected":false},"excerpt":{"rendered":"<p>Dale a tu peludo la comodidad que merece con nuestra manta premium, dise\u00f1ada para envolverlo en suavidad y calidez en cualquier momento. Perfecta para usar en su cama, el sof\u00e1 o incluso en viajes, esta manta se convertir\u00e1 en su refugio favorito. \ud83d\udd39 Textura extra suave: Ideal para que tu mascota se acurruque y se sienta protegida, proporcionando una sensaci\u00f3n de bienestar y relajaci\u00f3n. \ud83d\udd39 Abrigo en climas fr\u00edos: Su dise\u00f1o c\u00e1lido la hace perfecta para las estaciones m\u00e1s fr\u00edas, manteniendo a tu mascota siempre confortable. \ud83d\udd39 Materiales de alta calidad: Confeccionada con telas resistentes, duraderas y de f\u00e1cil mantenimiento. Se puede lavar sin perder su suavidad, asegurando higiene y frescura por m\u00e1s tiempo. \ud83d\udd39 Vers\u00e1til y funcional: \u00dasala para proteger muebles, forrar su cama o llevarla a cualquier lugar, asegurando que tu mascota siempre tenga su espacio acogedor. \u00a1Reg\u00e1lale el descanso que merece con nuestra manta premium, el complemento perfecto para su bienestar diario! \ud83d\udc36\ud83d\udc31\ud83d\udc96<\/p>\n","protected":false},"featured_media":3746,"comment_status":"open","ping_status":"closed","template":"","meta":{"_uag_custom_page_level_css":"","site-sidebar-layout":"default","site-content-layout":"","ast-site-content-layout":"default","site-content-style":"default","site-sidebar-style":"default","ast-global-header-display":"","ast-banner-title-visibility":"","ast-main-header-display":"","ast-hfb-above-header-display":"","ast-hfb-below-header-display":"","ast-hfb-mobile-header-display":"","site-post-title":"","ast-breadcrumbs-content":"","ast-featured-img":"","footer-sml-layout":"","ast-disable-related-posts":"","theme-transparent-header-meta":"default","adv-header-id-meta":"","stick-header-meta":"","header-above-stick-meta":"","header-main-stick-meta":"","header-below-stick-meta":"","astra-migrate-meta-layouts":"set","ast-page-background-enabled":"default","ast-page-background-meta":{"desktop":{"background-color":"","background-image":"","background-repeat":"repeat","background-position":"center center","background-size":"auto","background-attachment":"scroll","background-type":"","background-media":"","overlay-type":"","overlay-color":"","overlay-opacity":"","overlay-gradient":""},"tablet":{"background-color":"","background-image":"","background-repeat":"repeat","background-position":"center center","background-size":"auto","background-attachment":"scroll","background-type":"","background-media":"","overlay-type":"","overlay-color":"","overlay-opacity":"","overlay-gradient":""},"mobile":{"background-color":"","background-image":"","background-repeat":"repeat","background-position":"center center","background-size":"auto","background-attachment":"scroll","background-type":"","background-media":"","overlay-type":"","overlay-color":"","overlay-opacity":"","overlay-gradient":""}},"ast-content-background-meta":{"desktop":{"background-color":"var(--ast-global-color-4)","background-image":"","background-repeat":"repeat","background-position":"center center","background-size":"auto","background-attachment":"scroll","background-type":"","background-media":"","overlay-type":"","overlay-color":"","overlay-opacity":"","overlay-gradient":""},"tablet":{"background-color":"var(--ast-global-color-4)","background-image":"","background-repeat":"repeat","background-position":"center center","background-size":"auto","background-attachment":"scroll","background-type":"","background-media":"","overlay-type":"","overlay-color":"","overlay-opacity":"","overlay-gradient":""},"mobile":{"background-color":"var(--ast-global-color-4)","background-image":"","background-repeat":"repeat","background-position":"center center","background-size":"auto","background-attachment":"scroll","background-type":"","background-media":"","overlay-type":"","overlay-color":"","overlay-opacity":"","overlay-gradient":""}}},"product_brand":[],"product_cat":[45],"product_tag":[],"class_list":{"0":"post-3742","1":"product","2":"type-product","3":"status-publish","4":"has-post-thumbnail","6":"product_cat-accesorios","7":"desktop-align-left","8":"tablet-align-left","9":"mobile-align-left","11":"first","12":"instock","13":"shipping-taxable","14":"purchasable","15":"product-type-variable"},"yoast_head":"<!-- This site is optimized with the Yoast SEO plugin v27.4 - https:\/\/yoast.com\/product\/yoast-seo-wordpress\/ -->\n<title>Manta Premium - alpelobydoggyinhome.com<\/title>\n<meta name=\"robots\" content=\"index, follow, max-snippet:-1, max-image-preview:large, max-video-preview:-1\" \/>\n<link rel=\"canonical\" href=\"https:\/\/alpelobydoggyinhome.com\/?product=manta-premium\" \/>\n<meta property=\"og:locale\" content=\"es_ES\" \/>\n<meta property=\"og:type\" content=\"article\" \/>\n<meta property=\"og:title\" content=\"Manta Premium - alpelobydoggyinhome.com\" \/>\n<meta property=\"og:description\" content=\"Dale a tu peludo la comodidad que merece con nuestra manta premium, dise\u00f1ada para envolverlo en suavidad y calidez en cualquier momento. Perfecta para usar en su cama, el sof\u00e1 o incluso en viajes, esta manta se convertir\u00e1 en su refugio favorito. \ud83d\udd39 Textura extra suave: Ideal para que tu mascota se acurruque y se sienta protegida, proporcionando una sensaci\u00f3n de bienestar y relajaci\u00f3n. \ud83d\udd39 Abrigo en climas fr\u00edos: Su dise\u00f1o c\u00e1lido la hace perfecta para las estaciones m\u00e1s fr\u00edas, manteniendo a tu mascota siempre confortable. \ud83d\udd39 Materiales de alta calidad: Confeccionada con telas resistentes, duraderas y de f\u00e1cil mantenimiento. Se puede lavar sin perder su suavidad, asegurando higiene y frescura por m\u00e1s tiempo. \ud83d\udd39 Vers\u00e1til y funcional: \u00dasala para proteger muebles, forrar su cama o llevarla a cualquier lugar, asegurando que tu mascota siempre tenga su espacio acogedor. \u00a1Reg\u00e1lale el descanso que merece con nuestra manta premium, el complemento perfecto para su bienestar diario! \ud83d\udc36\ud83d\udc31\ud83d\udc96\" \/>\n<meta property=\"og:url\" content=\"https:\/\/alpelobydoggyinhome.com\/?product=manta-premium\" \/>\n<meta property=\"og:site_name\" content=\"alpelobydoggyinhome.com\" \/>\n<meta property=\"og:image\" content=\"https:\/\/alpelobydoggyinhome.com\/wp-content\/uploads\/2025\/02\/41.png\" \/>\n\t<meta property=\"og:image:width\" content=\"800\" \/>\n\t<meta property=\"og:image:height\" content=\"800\" \/>\n\t<meta property=\"og:image:type\" content=\"image\/png\" \/>\n<meta name=\"twitter:card\" content=\"summary_large_image\" \/>\n<meta name=\"twitter:label1\" content=\"Tiempo de lectura\" \/>\n\t<meta name=\"twitter:data1\" content=\"1 minuto\" \/>\n<script type=\"application\/ld+json\" class=\"yoast-schema-graph\">{\"@context\":\"https:\\\/\\\/schema.org\",\"@graph\":[{\"@type\":\"WebPage\",\"@id\":\"https:\\\/\\\/alpelobydoggyinhome.com\\\/?product=manta-premium\",\"url\":\"https:\\\/\\\/alpelobydoggyinhome.com\\\/?product=manta-premium\",\"name\":\"Manta Premium - alpelobydoggyinhome.com\",\"isPartOf\":{\"@id\":\"https:\\\/\\\/alpelobydoggyinhome.com\\\/#website\"},\"primaryImageOfPage\":{\"@id\":\"https:\\\/\\\/alpelobydoggyinhome.com\\\/?product=manta-premium#primaryimage\"},\"image\":{\"@id\":\"https:\\\/\\\/alpelobydoggyinhome.com\\\/?product=manta-premium#primaryimage\"},\"thumbnailUrl\":\"https:\\\/\\\/alpelobydoggyinhome.com\\\/wp-content\\\/uploads\\\/2025\\\/02\\\/41.png\",\"datePublished\":\"2025-02-06T16:15:34+00:00\",\"breadcrumb\":{\"@id\":\"https:\\\/\\\/alpelobydoggyinhome.com\\\/?product=manta-premium#breadcrumb\"},\"inLanguage\":\"es-CO\",\"potentialAction\":[{\"@type\":\"ReadAction\",\"target\":[\"https:\\\/\\\/alpelobydoggyinhome.com\\\/?product=manta-premium\"]}]},{\"@type\":\"ImageObject\",\"inLanguage\":\"es-CO\",\"@id\":\"https:\\\/\\\/alpelobydoggyinhome.com\\\/?product=manta-premium#primaryimage\",\"url\":\"https:\\\/\\\/alpelobydoggyinhome.com\\\/wp-content\\\/uploads\\\/2025\\\/02\\\/41.png\",\"contentUrl\":\"https:\\\/\\\/alpelobydoggyinhome.com\\\/wp-content\\\/uploads\\\/2025\\\/02\\\/41.png\",\"width\":800,\"height\":800},{\"@type\":\"BreadcrumbList\",\"@id\":\"https:\\\/\\\/alpelobydoggyinhome.com\\\/?product=manta-premium#breadcrumb\",\"itemListElement\":[{\"@type\":\"ListItem\",\"position\":1,\"name\":\"Home\",\"item\":\"https:\\\/\\\/alpelobydoggyinhome.com\\\/\"},{\"@type\":\"ListItem\",\"position\":2,\"name\":\"PRODUCTOS\",\"item\":\"https:\\\/\\\/alpelobydoggyinhome.com\\\/?page_id=3021\"},{\"@type\":\"ListItem\",\"position\":3,\"name\":\"Manta Premium\"}]},{\"@type\":\"WebSite\",\"@id\":\"https:\\\/\\\/alpelobydoggyinhome.com\\\/#website\",\"url\":\"https:\\\/\\\/alpelobydoggyinhome.com\\\/\",\"name\":\"alpelobydoggyinhome.com\",\"description\":\"\",\"publisher\":{\"@id\":\"https:\\\/\\\/alpelobydoggyinhome.com\\\/#organization\"},\"potentialAction\":[{\"@type\":\"SearchAction\",\"target\":{\"@type\":\"EntryPoint\",\"urlTemplate\":\"https:\\\/\\\/alpelobydoggyinhome.com\\\/?s={search_term_string}\"},\"query-input\":{\"@type\":\"PropertyValueSpecification\",\"valueRequired\":true,\"valueName\":\"search_term_string\"}}],\"inLanguage\":\"es-CO\"},{\"@type\":\"Organization\",\"@id\":\"https:\\\/\\\/alpelobydoggyinhome.com\\\/#organization\",\"name\":\"alpelobydoggyinhome.com\",\"url\":\"https:\\\/\\\/alpelobydoggyinhome.com\\\/\",\"logo\":{\"@type\":\"ImageObject\",\"inLanguage\":\"es-CO\",\"@id\":\"https:\\\/\\\/alpelobydoggyinhome.com\\\/#\\\/schema\\\/logo\\\/image\\\/\",\"url\":\"https:\\\/\\\/alpelobydoggyinhome.com\\\/wp-content\\\/uploads\\\/2024\\\/10\\\/WhatsApp_Image_2024-10-29_at_2.00.42_PM__2_-removebg-preview.png\",\"contentUrl\":\"https:\\\/\\\/alpelobydoggyinhome.com\\\/wp-content\\\/uploads\\\/2024\\\/10\\\/WhatsApp_Image_2024-10-29_at_2.00.42_PM__2_-removebg-preview.png\",\"width\":500,\"height\":500,\"caption\":\"alpelobydoggyinhome.com\"},\"image\":{\"@id\":\"https:\\\/\\\/alpelobydoggyinhome.com\\\/#\\\/schema\\\/logo\\\/image\\\/\"},\"sameAs\":[\"https:\\\/\\\/www.instagram.com\\\/alpelo_bydoggyinhome\"]}]}<\/script>\n<!-- \/ Yoast SEO plugin. -->","yoast_head_json":{"title":"Manta Premium - alpelobydoggyinhome.com","robots":{"index":"index","follow":"follow","max-snippet":"max-snippet:-1","max-image-preview":"max-image-preview:large","max-video-preview":"max-video-preview:-1"},"canonical":"https:\/\/alpelobydoggyinhome.com\/?product=manta-premium","og_locale":"es_ES","og_type":"article","og_title":"Manta Premium - alpelobydoggyinhome.com","og_description":"Dale a tu peludo la comodidad que merece con nuestra manta premium, dise\u00f1ada para envolverlo en suavidad y calidez en cualquier momento. Perfecta para usar en su cama, el sof\u00e1 o incluso en viajes, esta manta se convertir\u00e1 en su refugio favorito. \ud83d\udd39 Textura extra suave: Ideal para que tu mascota se acurruque y se sienta protegida, proporcionando una sensaci\u00f3n de bienestar y relajaci\u00f3n. \ud83d\udd39 Abrigo en climas fr\u00edos: Su dise\u00f1o c\u00e1lido la hace perfecta para las estaciones m\u00e1s fr\u00edas, manteniendo a tu mascota siempre confortable. \ud83d\udd39 Materiales de alta calidad: Confeccionada con telas resistentes, duraderas y de f\u00e1cil mantenimiento. Se puede lavar sin perder su suavidad, asegurando higiene y frescura por m\u00e1s tiempo. \ud83d\udd39 Vers\u00e1til y funcional: \u00dasala para proteger muebles, forrar su cama o llevarla a cualquier lugar, asegurando que tu mascota siempre tenga su espacio acogedor. \u00a1Reg\u00e1lale el descanso que merece con nuestra manta premium, el complemento perfecto para su bienestar diario! \ud83d\udc36\ud83d\udc31\ud83d\udc96","og_url":"https:\/\/alpelobydoggyinhome.com\/?product=manta-premium","og_site_name":"alpelobydoggyinhome.com","og_image":[{"width":800,"height":800,"url":"https:\/\/alpelobydoggyinhome.com\/wp-content\/uploads\/2025\/02\/41.png","type":"image\/png"}],"twitter_card":"summary_large_image","twitter_misc":{"Tiempo de lectura":"1 minuto"},"schema":{"@context":"https:\/\/schema.org","@graph":[{"@type":"WebPage","@id":"https:\/\/alpelobydoggyinhome.com\/?product=manta-premium","url":"https:\/\/alpelobydoggyinhome.com\/?product=manta-premium","name":"Manta Premium - alpelobydoggyinhome.com","isPartOf":{"@id":"https:\/\/alpelobydoggyinhome.com\/#website"},"primaryImageOfPage":{"@id":"https:\/\/alpelobydoggyinhome.com\/?product=manta-premium#primaryimage"},"image":{"@id":"https:\/\/alpelobydoggyinhome.com\/?product=manta-premium#primaryimage"},"thumbnailUrl":"https:\/\/alpelobydoggyinhome.com\/wp-content\/uploads\/2025\/02\/41.png","datePublished":"2025-02-06T16:15:34+00:00","breadcrumb":{"@id":"https:\/\/alpelobydoggyinhome.com\/?product=manta-premium#breadcrumb"},"inLanguage":"es-CO","potentialAction":[{"@type":"ReadAction","target":["https:\/\/alpelobydoggyinhome.com\/?product=manta-premium"]}]},{"@type":"ImageObject","inLanguage":"es-CO","@id":"https:\/\/alpelobydoggyinhome.com\/?product=manta-premium#primaryimage","url":"https:\/\/alpelobydoggyinhome.com\/wp-content\/uploads\/2025\/02\/41.png","contentUrl":"https:\/\/alpelobydoggyinhome.com\/wp-content\/uploads\/2025\/02\/41.png","width":800,"height":800},{"@type":"BreadcrumbList","@id":"https:\/\/alpelobydoggyinhome.com\/?product=manta-premium#breadcrumb","itemListElement":[{"@type":"ListItem","position":1,"name":"Home","item":"https:\/\/alpelobydoggyinhome.com\/"},{"@type":"ListItem","position":2,"name":"PRODUCTOS","item":"https:\/\/alpelobydoggyinhome.com\/?page_id=3021"},{"@type":"ListItem","position":3,"name":"Manta Premium"}]},{"@type":"WebSite","@id":"https:\/\/alpelobydoggyinhome.com\/#website","url":"https:\/\/alpelobydoggyinhome.com\/","name":"alpelobydoggyinhome.com","description":"","publisher":{"@id":"https:\/\/alpelobydoggyinhome.com\/#organization"},"potentialAction":[{"@type":"SearchAction","target":{"@type":"EntryPoint","urlTemplate":"https:\/\/alpelobydoggyinhome.com\/?s={search_term_string}"},"query-input":{"@type":"PropertyValueSpecification","valueRequired":true,"valueName":"search_term_string"}}],"inLanguage":"es-CO"},{"@type":"Organization","@id":"https:\/\/alpelobydoggyinhome.com\/#organization","name":"alpelobydoggyinhome.com","url":"https:\/\/alpelobydoggyinhome.com\/","logo":{"@type":"ImageObject","inLanguage":"es-CO","@id":"https:\/\/alpelobydoggyinhome.com\/#\/schema\/logo\/image\/","url":"https:\/\/alpelobydoggyinhome.com\/wp-content\/uploads\/2024\/10\/WhatsApp_Image_2024-10-29_at_2.00.42_PM__2_-removebg-preview.png","contentUrl":"https:\/\/alpelobydoggyinhome.com\/wp-content\/uploads\/2024\/10\/WhatsApp_Image_2024-10-29_at_2.00.42_PM__2_-removebg-preview.png","width":500,"height":500,"caption":"alpelobydoggyinhome.com"},"image":{"@id":"https:\/\/alpelobydoggyinhome.com\/#\/schema\/logo\/image\/"},"sameAs":["https:\/\/www.instagram.com\/alpelo_bydoggyinhome"]}]}},"uagb_featured_image_src":{"full":["https:\/\/alpelobydoggyinhome.com\/wp-content\/uploads\/2025\/02\/41.png",800,800,false],"thumbnail":["https:\/\/alpelobydoggyinhome.com\/wp-content\/uploads\/2025\/02\/41-150x150.png",150,150,true],"medium":["https:\/\/alpelobydoggyinhome.com\/wp-content\/uploads\/2025\/02\/41-300x300.png",300,300,true],"medium_large":["https:\/\/alpelobydoggyinhome.com\/wp-content\/uploads\/2025\/02\/41-768x768.png",768,768,true],"large":["https:\/\/alpelobydoggyinhome.com\/wp-content\/uploads\/2025\/02\/41.png",800,800,false],"1536x1536":["https:\/\/alpelobydoggyinhome.com\/wp-content\/uploads\/2025\/02\/41.png",800,800,false],"2048x2048":["https:\/\/alpelobydoggyinhome.com\/wp-content\/uploads\/2025\/02\/41.png",800,800,false],"woocommerce_thumbnail":["https:\/\/alpelobydoggyinhome.com\/wp-content\/uploads\/2025\/02\/41-300x300.png",300,300,true],"woocommerce_single":["https:\/\/alpelobydoggyinhome.com\/wp-content\/uploads\/2025\/02\/41-600x600.png",600,600,true],"woocommerce_gallery_thumbnail":["https:\/\/alpelobydoggyinhome.com\/wp-content\/uploads\/2025\/02\/41-100x100.png",100,100,true]},"uagb_author_info":{"display_name":"David Casta\u00f1eda","author_link":"https:\/\/alpelobydoggyinhome.com\/?author=0"},"uagb_comment_info":0,"uagb_excerpt":"Dale a tu peludo la comodidad que merece con nuestra manta premium, dise\u00f1ada para envolverlo en suavidad y calidez en cualquier momento. Perfecta para usar en su cama, el sof\u00e1 o incluso en viajes, esta manta se convertir\u00e1 en su refugio favorito. \ud83d\udd39 Textura extra suave: Ideal para que tu mascota se acurruque y se&hellip;","_links":{"self":[{"href":"https:\/\/alpelobydoggyinhome.com\/index.php?rest_route=\/wp\/v2\/product\/3742","targetHints":{"allow":["GET"]}}],"collection":[{"href":"https:\/\/alpelobydoggyinhome.com\/index.php?rest_route=\/wp\/v2\/product"}],"about":[{"href":"https:\/\/alpelobydoggyinhome.com\/index.php?rest_route=\/wp\/v2\/types\/product"}],"replies":[{"embeddable":true,"href":"https:\/\/alpelobydoggyinhome.com\/index.php?rest_route=%2Fwp%2Fv2%2Fcomments&post=3742"}],"version-history":[{"count":2,"href":"https:\/\/alpelobydoggyinhome.com\/index.php?rest_route=\/wp\/v2\/product\/3742\/revisions"}],"predecessor-version":[{"id":3752,"href":"https:\/\/alpelobydoggyinhome.com\/index.php?rest_route=\/wp\/v2\/product\/3742\/revisions\/3752"}],"wp:featuredmedia":[{"embeddable":true,"href":"https:\/\/alpelobydoggyinhome.com\/index.php?rest_route=\/wp\/v2\/media\/3746"}],"wp:attachment":[{"href":"https:\/\/alpelobydoggyinhome.com\/index.php?rest_route=%2Fwp%2Fv2%2Fmedia&parent=3742"}],"wp:term":[{"taxonomy":"product_brand","embeddable":true,"href":"https:\/\/alpelobydoggyinhome.com\/index.php?rest_route=%2Fwp%2Fv2%2Fproduct_brand&post=3742"},{"taxonomy":"product_cat","embeddable":true,"href":"https:\/\/alpelobydoggyinhome.com\/index.php?rest_route=%2Fwp%2Fv2%2Fproduct_cat&post=3742"},{"taxonomy":"product_tag","embeddable":true,"href":"https:\/\/alpelobydoggyinhome.com\/index.php?rest_route=%2Fwp%2Fv2%2Fproduct_tag&post=3742"}],"curies":[{"name":"wp","href":"https:\/\/api.w.org\/{rel}","templated":true}]}}