{"id":3952,"date":"2025-02-12T20:24:01","date_gmt":"2025-02-12T20:24:01","guid":{"rendered":"https:\/\/alpelobydoggyinhome.com\/?post_type=product&#038;p=3952"},"modified":"2025-02-21T14:47:53","modified_gmt":"2025-02-21T14:47:53","slug":"nexgard-antiparasitario-masticable","status":"publish","type":"product","link":"https:\/\/alpelobydoggyinhome.com\/?product=nexgard-antiparasitario-masticable","title":{"rendered":"Nexgard &#8211; Antiparasitario Masticable"},"content":{"rendered":"<p>NexGard\u00ae es el \u00fanico comprimido masticable y con un agradable sabor a carne que contribuye al control de los par\u00e1sitos externos m\u00e1s frecuentes en los perros, su potente base activa Afoxolaner ha sido dise\u00f1ada para matar r\u00e1pidamente pulgas y garrapatas durante un mes completo antes de que tengan la oportunidad de poner sus huevos.<\/p>\n<h3 data-start=\"158\" data-end=\"192\">\ud83d\udc3e <strong data-start=\"165\" data-end=\"190\">Beneficios de NexGard<\/strong><\/h3>\n<ol data-start=\"194\" data-end=\"1261\">\n<li data-start=\"194\" data-end=\"458\">\n<p data-start=\"197\" data-end=\"245\"><strong data-start=\"197\" data-end=\"240\">Elimina pulgas y garrapatas r\u00e1pidamente<\/strong> \ud83e\udd9f<\/p>\n<ul data-start=\"249\" data-end=\"458\">\n<li data-start=\"249\" data-end=\"349\">Mata las pulgas antes de que puedan poner huevos, ayudando a prevenir infestaciones en el hogar.<\/li>\n<li data-start=\"353\" data-end=\"458\">Controla diferentes tipos de garrapatas, reduciendo el riesgo de enfermedades transmitidas por ellas.<\/li>\n<\/ul>\n<\/li>\n<li data-start=\"460\" data-end=\"579\">\n<p data-start=\"463\" data-end=\"492\"><strong data-start=\"463\" data-end=\"488\">Protecci\u00f3n prolongada<\/strong> \u23f3<\/p>\n<ul data-start=\"496\" data-end=\"579\">\n<li data-start=\"496\" data-end=\"579\">Su efecto dura hasta 30 d\u00edas con una sola dosis, brindando protecci\u00f3n continua.<\/li>\n<\/ul>\n<\/li>\n<li data-start=\"581\" data-end=\"758\">\n<p data-start=\"584\" data-end=\"631\"><strong data-start=\"584\" data-end=\"626\">Sabor agradable y f\u00e1cil administraci\u00f3n<\/strong> \ud83c\udf56<\/p>\n<ul data-start=\"635\" data-end=\"758\">\n<li data-start=\"635\" data-end=\"758\">Es un comprimido masticable con sabor a carne que los perros aceptan f\u00e1cilmente, sin necesidad de esconderlo en comida.<\/li>\n<\/ul>\n<\/li>\n<li data-start=\"760\" data-end=\"910\">\n<p data-start=\"763\" data-end=\"810\"><strong data-start=\"763\" data-end=\"805\">Seguro para diferentes tama\u00f1os y razas<\/strong> \ud83d\udc36<\/p>\n<ul data-start=\"814\" data-end=\"910\">\n<li data-start=\"814\" data-end=\"910\">Disponible en distintas dosis seg\u00fan el peso del perro, garantizando su seguridad y eficacia.<\/li>\n<\/ul>\n<\/li>\n<li data-start=\"912\" data-end=\"1104\">\n<p data-start=\"915\" data-end=\"972\"><strong data-start=\"915\" data-end=\"967\">Previene enfermedades transmitidas por par\u00e1sitos<\/strong> \u2695\ufe0f<\/p>\n<ul data-start=\"976\" data-end=\"1104\">\n<li data-start=\"976\" data-end=\"1104\">Ayuda a reducir el riesgo de enfermedades como la babesiosis, ehrlichiosis y la enfermedad de Lyme, causadas por garrapatas.<\/li>\n<\/ul>\n<\/li>\n<li data-start=\"1106\" data-end=\"1261\">\n<p data-start=\"1109\" data-end=\"1146\"><strong data-start=\"1109\" data-end=\"1141\">Resistente al agua y al ba\u00f1o<\/strong> \ud83d\udebf<\/p>\n<ul data-start=\"1150\" data-end=\"1261\">\n<li data-start=\"1150\" data-end=\"1261\">A diferencia de pipetas y collares antipulgas, NexGard no pierde efectividad si el perro se moja o se ba\u00f1a.<\/li>\n<\/ul>\n<\/li>\n<\/ol>\n<h3 data-start=\"1263\" data-end=\"1291\">\ud83d\udccc <strong data-start=\"1270\" data-end=\"1289\">Consideraciones<\/strong><\/h3>\n<ul data-start=\"1292\" data-end=\"1525\">\n<li data-start=\"1292\" data-end=\"1401\">No se recomienda en cachorros menores de 8 semanas o perros con bajo peso (seg\u00fan el producto espec\u00edfico).<\/li>\n<li data-start=\"1402\" data-end=\"1525\">Es importante consultar al veterinario antes de administrarlo, especialmente si el perro tiene alguna condici\u00f3n m\u00e9dica.<\/li>\n<\/ul>\n","protected":false},"excerpt":{"rendered":"<p>NexGard\u00ae es el \u00fanico comprimido masticable y con un agradable sabor a carne que contribuye al control de los par\u00e1sitos externos m\u00e1s frecuentes en los perros, su potente base activa Afoxolaner ha sido dise\u00f1ada para matar r\u00e1pidamente pulgas y garrapatas durante un mes completo antes de que tengan la oportunidad de poner sus huevos. \ud83d\udc3e Beneficios de NexGard Elimina pulgas y garrapatas r\u00e1pidamente \ud83e\udd9f Mata las pulgas antes de que puedan poner huevos, ayudando a prevenir infestaciones en el hogar. Controla diferentes tipos de garrapatas, reduciendo el riesgo de enfermedades transmitidas por ellas. Protecci\u00f3n prolongada \u23f3 Su efecto dura hasta 30 d\u00edas con una sola dosis, brindando protecci\u00f3n continua. Sabor agradable y f\u00e1cil administraci\u00f3n \ud83c\udf56 Es un comprimido masticable con sabor a carne que los perros aceptan f\u00e1cilmente, sin necesidad de esconderlo en comida. Seguro para diferentes tama\u00f1os y razas \ud83d\udc36 Disponible en distintas dosis seg\u00fan el peso del perro, garantizando su seguridad y eficacia. Previene enfermedades transmitidas por par\u00e1sitos \u2695\ufe0f Ayuda a reducir el riesgo de enfermedades como la babesiosis, ehrlichiosis y la enfermedad de Lyme, causadas por garrapatas. Resistente al agua y al ba\u00f1o \ud83d\udebf A diferencia de pipetas y collares antipulgas, NexGard no pierde efectividad si el perro se moja o se ba\u00f1a. \ud83d\udccc Consideraciones No se recomienda en cachorros menores de 8 semanas o perros con bajo peso (seg\u00fan el producto espec\u00edfico). Es importante consultar al veterinario antes de administrarlo, especialmente si el perro tiene alguna condici\u00f3n m\u00e9dica.<\/p>\n","protected":false},"featured_media":3945,"comment_status":"open","ping_status":"closed","template":"","meta":{"_uag_custom_page_level_css":"","site-sidebar-layout":"default","site-content-layout":"","ast-site-content-layout":"default","site-content-style":"default","site-sidebar-style":"default","ast-global-header-display":"","ast-banner-title-visibility":"","ast-main-header-display":"","ast-hfb-above-header-display":"","ast-hfb-below-header-display":"","ast-hfb-mobile-header-display":"","site-post-title":"","ast-breadcrumbs-content":"","ast-featured-img":"","footer-sml-layout":"","ast-disable-related-posts":"","theme-transparent-header-meta":"default","adv-header-id-meta":"","stick-header-meta":"","header-above-stick-meta":"","header-main-stick-meta":"","header-below-stick-meta":"","astra-migrate-meta-layouts":"set","ast-page-background-enabled":"default","ast-page-background-meta":{"desktop":{"background-color":"","background-image":"","background-repeat":"repeat","background-position":"center center","background-size":"auto","background-attachment":"scroll","background-type":"","background-media":"","overlay-type":"","overlay-color":"","overlay-opacity":"","overlay-gradient":""},"tablet":{"background-color":"","background-image":"","background-repeat":"repeat","background-position":"center center","background-size":"auto","background-attachment":"scroll","background-type":"","background-media":"","overlay-type":"","overlay-color":"","overlay-opacity":"","overlay-gradient":""},"mobile":{"background-color":"","background-image":"","background-repeat":"repeat","background-position":"center center","background-size":"auto","background-attachment":"scroll","background-type":"","background-media":"","overlay-type":"","overlay-color":"","overlay-opacity":"","overlay-gradient":""}},"ast-content-background-meta":{"desktop":{"background-color":"var(--ast-global-color-4)","background-image":"","background-repeat":"repeat","background-position":"center center","background-size":"auto","background-attachment":"scroll","background-type":"","background-media":"","overlay-type":"","overlay-color":"","overlay-opacity":"","overlay-gradient":""},"tablet":{"background-color":"var(--ast-global-color-4)","background-image":"","background-repeat":"repeat","background-position":"center center","background-size":"auto","background-attachment":"scroll","background-type":"","background-media":"","overlay-type":"","overlay-color":"","overlay-opacity":"","overlay-gradient":""},"mobile":{"background-color":"var(--ast-global-color-4)","background-image":"","background-repeat":"repeat","background-position":"center center","background-size":"auto","background-attachment":"scroll","background-type":"","background-media":"","overlay-type":"","overlay-color":"","overlay-opacity":"","overlay-gradient":""}}},"product_brand":[],"product_cat":[69],"product_tag":[70,71,72],"class_list":{"0":"post-3952","1":"product","2":"type-product","3":"status-publish","4":"has-post-thumbnail","6":"product_cat-medicamentos","7":"product_tag-antiparasitante","8":"product_tag-desparasitante","9":"product_tag-medicamento","10":"desktop-align-left","11":"tablet-align-left","12":"mobile-align-left","14":"first","15":"instock","16":"shipping-taxable","17":"purchasable","18":"product-type-variable"},"yoast_head":"<!-- This site is optimized with the Yoast SEO plugin v27.4 - https:\/\/yoast.com\/product\/yoast-seo-wordpress\/ -->\n<title>Nexgard - Antiparasitario Masticable - alpelobydoggyinhome.com<\/title>\n<meta name=\"robots\" content=\"index, follow, max-snippet:-1, max-image-preview:large, max-video-preview:-1\" \/>\n<link rel=\"canonical\" href=\"https:\/\/alpelobydoggyinhome.com\/?product=nexgard-antiparasitario-masticable\" \/>\n<meta property=\"og:locale\" content=\"es_ES\" \/>\n<meta property=\"og:type\" content=\"article\" \/>\n<meta property=\"og:title\" content=\"Nexgard - Antiparasitario Masticable - alpelobydoggyinhome.com\" \/>\n<meta property=\"og:description\" content=\"NexGard\u00ae es el \u00fanico comprimido masticable y con un agradable sabor a carne que contribuye al control de los par\u00e1sitos externos m\u00e1s frecuentes en los perros, su potente base activa Afoxolaner ha sido dise\u00f1ada para matar r\u00e1pidamente pulgas y garrapatas durante un mes completo antes de que tengan la oportunidad de poner sus huevos. \ud83d\udc3e Beneficios de NexGard Elimina pulgas y garrapatas r\u00e1pidamente \ud83e\udd9f Mata las pulgas antes de que puedan poner huevos, ayudando a prevenir infestaciones en el hogar. Controla diferentes tipos de garrapatas, reduciendo el riesgo de enfermedades transmitidas por ellas. Protecci\u00f3n prolongada \u23f3 Su efecto dura hasta 30 d\u00edas con una sola dosis, brindando protecci\u00f3n continua. Sabor agradable y f\u00e1cil administraci\u00f3n \ud83c\udf56 Es un comprimido masticable con sabor a carne que los perros aceptan f\u00e1cilmente, sin necesidad de esconderlo en comida. Seguro para diferentes tama\u00f1os y razas \ud83d\udc36 Disponible en distintas dosis seg\u00fan el peso del perro, garantizando su seguridad y eficacia. Previene enfermedades transmitidas por par\u00e1sitos \u2695\ufe0f Ayuda a reducir el riesgo de enfermedades como la babesiosis, ehrlichiosis y la enfermedad de Lyme, causadas por garrapatas. Resistente al agua y al ba\u00f1o \ud83d\udebf A diferencia de pipetas y collares antipulgas, NexGard no pierde efectividad si el perro se moja o se ba\u00f1a. \ud83d\udccc Consideraciones No se recomienda en cachorros menores de 8 semanas o perros con bajo peso (seg\u00fan el producto espec\u00edfico). Es importante consultar al veterinario antes de administrarlo, especialmente si el perro tiene alguna condici\u00f3n m\u00e9dica.\" \/>\n<meta property=\"og:url\" content=\"https:\/\/alpelobydoggyinhome.com\/?product=nexgard-antiparasitario-masticable\" \/>\n<meta property=\"og:site_name\" content=\"alpelobydoggyinhome.com\" \/>\n<meta property=\"article:modified_time\" content=\"2025-02-21T14:47:53+00:00\" \/>\n<meta property=\"og:image\" content=\"https:\/\/alpelobydoggyinhome.com\/wp-content\/uploads\/2025\/02\/Nexgard-25-a-50Kg.jpg\" \/>\n\t<meta property=\"og:image:width\" content=\"440\" \/>\n\t<meta property=\"og:image:height\" content=\"440\" \/>\n\t<meta property=\"og:image:type\" content=\"image\/jpeg\" \/>\n<meta name=\"twitter:card\" content=\"summary_large_image\" \/>\n<meta name=\"twitter:label1\" content=\"Tiempo de lectura\" \/>\n\t<meta name=\"twitter:data1\" content=\"1 minuto\" \/>\n<script type=\"application\/ld+json\" class=\"yoast-schema-graph\">{\"@context\":\"https:\\\/\\\/schema.org\",\"@graph\":[{\"@type\":\"WebPage\",\"@id\":\"https:\\\/\\\/alpelobydoggyinhome.com\\\/?product=nexgard-antiparasitario-masticable\",\"url\":\"https:\\\/\\\/alpelobydoggyinhome.com\\\/?product=nexgard-antiparasitario-masticable\",\"name\":\"Nexgard - Antiparasitario Masticable - alpelobydoggyinhome.com\",\"isPartOf\":{\"@id\":\"https:\\\/\\\/alpelobydoggyinhome.com\\\/#website\"},\"primaryImageOfPage\":{\"@id\":\"https:\\\/\\\/alpelobydoggyinhome.com\\\/?product=nexgard-antiparasitario-masticable#primaryimage\"},\"image\":{\"@id\":\"https:\\\/\\\/alpelobydoggyinhome.com\\\/?product=nexgard-antiparasitario-masticable#primaryimage\"},\"thumbnailUrl\":\"https:\\\/\\\/alpelobydoggyinhome.com\\\/wp-content\\\/uploads\\\/2025\\\/02\\\/Nexgard-25-a-50Kg.jpg\",\"datePublished\":\"2025-02-12T20:24:01+00:00\",\"dateModified\":\"2025-02-21T14:47:53+00:00\",\"breadcrumb\":{\"@id\":\"https:\\\/\\\/alpelobydoggyinhome.com\\\/?product=nexgard-antiparasitario-masticable#breadcrumb\"},\"inLanguage\":\"es-CO\",\"potentialAction\":[{\"@type\":\"ReadAction\",\"target\":[\"https:\\\/\\\/alpelobydoggyinhome.com\\\/?product=nexgard-antiparasitario-masticable\"]}]},{\"@type\":\"ImageObject\",\"inLanguage\":\"es-CO\",\"@id\":\"https:\\\/\\\/alpelobydoggyinhome.com\\\/?product=nexgard-antiparasitario-masticable#primaryimage\",\"url\":\"https:\\\/\\\/alpelobydoggyinhome.com\\\/wp-content\\\/uploads\\\/2025\\\/02\\\/Nexgard-25-a-50Kg.jpg\",\"contentUrl\":\"https:\\\/\\\/alpelobydoggyinhome.com\\\/wp-content\\\/uploads\\\/2025\\\/02\\\/Nexgard-25-a-50Kg.jpg\",\"width\":440,\"height\":440},{\"@type\":\"BreadcrumbList\",\"@id\":\"https:\\\/\\\/alpelobydoggyinhome.com\\\/?product=nexgard-antiparasitario-masticable#breadcrumb\",\"itemListElement\":[{\"@type\":\"ListItem\",\"position\":1,\"name\":\"Home\",\"item\":\"https:\\\/\\\/alpelobydoggyinhome.com\\\/\"},{\"@type\":\"ListItem\",\"position\":2,\"name\":\"PRODUCTOS\",\"item\":\"https:\\\/\\\/alpelobydoggyinhome.com\\\/?page_id=3021\"},{\"@type\":\"ListItem\",\"position\":3,\"name\":\"Nexgard &#8211; Antiparasitario Masticable\"}]},{\"@type\":\"WebSite\",\"@id\":\"https:\\\/\\\/alpelobydoggyinhome.com\\\/#website\",\"url\":\"https:\\\/\\\/alpelobydoggyinhome.com\\\/\",\"name\":\"alpelobydoggyinhome.com\",\"description\":\"\",\"publisher\":{\"@id\":\"https:\\\/\\\/alpelobydoggyinhome.com\\\/#organization\"},\"potentialAction\":[{\"@type\":\"SearchAction\",\"target\":{\"@type\":\"EntryPoint\",\"urlTemplate\":\"https:\\\/\\\/alpelobydoggyinhome.com\\\/?s={search_term_string}\"},\"query-input\":{\"@type\":\"PropertyValueSpecification\",\"valueRequired\":true,\"valueName\":\"search_term_string\"}}],\"inLanguage\":\"es-CO\"},{\"@type\":\"Organization\",\"@id\":\"https:\\\/\\\/alpelobydoggyinhome.com\\\/#organization\",\"name\":\"alpelobydoggyinhome.com\",\"url\":\"https:\\\/\\\/alpelobydoggyinhome.com\\\/\",\"logo\":{\"@type\":\"ImageObject\",\"inLanguage\":\"es-CO\",\"@id\":\"https:\\\/\\\/alpelobydoggyinhome.com\\\/#\\\/schema\\\/logo\\\/image\\\/\",\"url\":\"https:\\\/\\\/alpelobydoggyinhome.com\\\/wp-content\\\/uploads\\\/2024\\\/10\\\/WhatsApp_Image_2024-10-29_at_2.00.42_PM__2_-removebg-preview.png\",\"contentUrl\":\"https:\\\/\\\/alpelobydoggyinhome.com\\\/wp-content\\\/uploads\\\/2024\\\/10\\\/WhatsApp_Image_2024-10-29_at_2.00.42_PM__2_-removebg-preview.png\",\"width\":500,\"height\":500,\"caption\":\"alpelobydoggyinhome.com\"},\"image\":{\"@id\":\"https:\\\/\\\/alpelobydoggyinhome.com\\\/#\\\/schema\\\/logo\\\/image\\\/\"},\"sameAs\":[\"https:\\\/\\\/www.instagram.com\\\/alpelo_bydoggyinhome\"]}]}<\/script>\n<!-- \/ Yoast SEO plugin. -->","yoast_head_json":{"title":"Nexgard - Antiparasitario Masticable - alpelobydoggyinhome.com","robots":{"index":"index","follow":"follow","max-snippet":"max-snippet:-1","max-image-preview":"max-image-preview:large","max-video-preview":"max-video-preview:-1"},"canonical":"https:\/\/alpelobydoggyinhome.com\/?product=nexgard-antiparasitario-masticable","og_locale":"es_ES","og_type":"article","og_title":"Nexgard - Antiparasitario Masticable - alpelobydoggyinhome.com","og_description":"NexGard\u00ae es el \u00fanico comprimido masticable y con un agradable sabor a carne que contribuye al control de los par\u00e1sitos externos m\u00e1s frecuentes en los perros, su potente base activa Afoxolaner ha sido dise\u00f1ada para matar r\u00e1pidamente pulgas y garrapatas durante un mes completo antes de que tengan la oportunidad de poner sus huevos. \ud83d\udc3e Beneficios de NexGard Elimina pulgas y garrapatas r\u00e1pidamente \ud83e\udd9f Mata las pulgas antes de que puedan poner huevos, ayudando a prevenir infestaciones en el hogar. Controla diferentes tipos de garrapatas, reduciendo el riesgo de enfermedades transmitidas por ellas. Protecci\u00f3n prolongada \u23f3 Su efecto dura hasta 30 d\u00edas con una sola dosis, brindando protecci\u00f3n continua. Sabor agradable y f\u00e1cil administraci\u00f3n \ud83c\udf56 Es un comprimido masticable con sabor a carne que los perros aceptan f\u00e1cilmente, sin necesidad de esconderlo en comida. Seguro para diferentes tama\u00f1os y razas \ud83d\udc36 Disponible en distintas dosis seg\u00fan el peso del perro, garantizando su seguridad y eficacia. Previene enfermedades transmitidas por par\u00e1sitos \u2695\ufe0f Ayuda a reducir el riesgo de enfermedades como la babesiosis, ehrlichiosis y la enfermedad de Lyme, causadas por garrapatas. Resistente al agua y al ba\u00f1o \ud83d\udebf A diferencia de pipetas y collares antipulgas, NexGard no pierde efectividad si el perro se moja o se ba\u00f1a. \ud83d\udccc Consideraciones No se recomienda en cachorros menores de 8 semanas o perros con bajo peso (seg\u00fan el producto espec\u00edfico). Es importante consultar al veterinario antes de administrarlo, especialmente si el perro tiene alguna condici\u00f3n m\u00e9dica.","og_url":"https:\/\/alpelobydoggyinhome.com\/?product=nexgard-antiparasitario-masticable","og_site_name":"alpelobydoggyinhome.com","article_modified_time":"2025-02-21T14:47:53+00:00","og_image":[{"width":440,"height":440,"url":"https:\/\/alpelobydoggyinhome.com\/wp-content\/uploads\/2025\/02\/Nexgard-25-a-50Kg.jpg","type":"image\/jpeg"}],"twitter_card":"summary_large_image","twitter_misc":{"Tiempo de lectura":"1 minuto"},"schema":{"@context":"https:\/\/schema.org","@graph":[{"@type":"WebPage","@id":"https:\/\/alpelobydoggyinhome.com\/?product=nexgard-antiparasitario-masticable","url":"https:\/\/alpelobydoggyinhome.com\/?product=nexgard-antiparasitario-masticable","name":"Nexgard - Antiparasitario Masticable - alpelobydoggyinhome.com","isPartOf":{"@id":"https:\/\/alpelobydoggyinhome.com\/#website"},"primaryImageOfPage":{"@id":"https:\/\/alpelobydoggyinhome.com\/?product=nexgard-antiparasitario-masticable#primaryimage"},"image":{"@id":"https:\/\/alpelobydoggyinhome.com\/?product=nexgard-antiparasitario-masticable#primaryimage"},"thumbnailUrl":"https:\/\/alpelobydoggyinhome.com\/wp-content\/uploads\/2025\/02\/Nexgard-25-a-50Kg.jpg","datePublished":"2025-02-12T20:24:01+00:00","dateModified":"2025-02-21T14:47:53+00:00","breadcrumb":{"@id":"https:\/\/alpelobydoggyinhome.com\/?product=nexgard-antiparasitario-masticable#breadcrumb"},"inLanguage":"es-CO","potentialAction":[{"@type":"ReadAction","target":["https:\/\/alpelobydoggyinhome.com\/?product=nexgard-antiparasitario-masticable"]}]},{"@type":"ImageObject","inLanguage":"es-CO","@id":"https:\/\/alpelobydoggyinhome.com\/?product=nexgard-antiparasitario-masticable#primaryimage","url":"https:\/\/alpelobydoggyinhome.com\/wp-content\/uploads\/2025\/02\/Nexgard-25-a-50Kg.jpg","contentUrl":"https:\/\/alpelobydoggyinhome.com\/wp-content\/uploads\/2025\/02\/Nexgard-25-a-50Kg.jpg","width":440,"height":440},{"@type":"BreadcrumbList","@id":"https:\/\/alpelobydoggyinhome.com\/?product=nexgard-antiparasitario-masticable#breadcrumb","itemListElement":[{"@type":"ListItem","position":1,"name":"Home","item":"https:\/\/alpelobydoggyinhome.com\/"},{"@type":"ListItem","position":2,"name":"PRODUCTOS","item":"https:\/\/alpelobydoggyinhome.com\/?page_id=3021"},{"@type":"ListItem","position":3,"name":"Nexgard &#8211; Antiparasitario Masticable"}]},{"@type":"WebSite","@id":"https:\/\/alpelobydoggyinhome.com\/#website","url":"https:\/\/alpelobydoggyinhome.com\/","name":"alpelobydoggyinhome.com","description":"","publisher":{"@id":"https:\/\/alpelobydoggyinhome.com\/#organization"},"potentialAction":[{"@type":"SearchAction","target":{"@type":"EntryPoint","urlTemplate":"https:\/\/alpelobydoggyinhome.com\/?s={search_term_string}"},"query-input":{"@type":"PropertyValueSpecification","valueRequired":true,"valueName":"search_term_string"}}],"inLanguage":"es-CO"},{"@type":"Organization","@id":"https:\/\/alpelobydoggyinhome.com\/#organization","name":"alpelobydoggyinhome.com","url":"https:\/\/alpelobydoggyinhome.com\/","logo":{"@type":"ImageObject","inLanguage":"es-CO","@id":"https:\/\/alpelobydoggyinhome.com\/#\/schema\/logo\/image\/","url":"https:\/\/alpelobydoggyinhome.com\/wp-content\/uploads\/2024\/10\/WhatsApp_Image_2024-10-29_at_2.00.42_PM__2_-removebg-preview.png","contentUrl":"https:\/\/alpelobydoggyinhome.com\/wp-content\/uploads\/2024\/10\/WhatsApp_Image_2024-10-29_at_2.00.42_PM__2_-removebg-preview.png","width":500,"height":500,"caption":"alpelobydoggyinhome.com"},"image":{"@id":"https:\/\/alpelobydoggyinhome.com\/#\/schema\/logo\/image\/"},"sameAs":["https:\/\/www.instagram.com\/alpelo_bydoggyinhome"]}]}},"uagb_featured_image_src":{"full":["https:\/\/alpelobydoggyinhome.com\/wp-content\/uploads\/2025\/02\/Nexgard-25-a-50Kg.jpg",440,440,false],"thumbnail":["https:\/\/alpelobydoggyinhome.com\/wp-content\/uploads\/2025\/02\/Nexgard-25-a-50Kg-150x150.jpg",150,150,true],"medium":["https:\/\/alpelobydoggyinhome.com\/wp-content\/uploads\/2025\/02\/Nexgard-25-a-50Kg-300x300.jpg",300,300,true],"medium_large":["https:\/\/alpelobydoggyinhome.com\/wp-content\/uploads\/2025\/02\/Nexgard-25-a-50Kg.jpg",440,440,false],"large":["https:\/\/alpelobydoggyinhome.com\/wp-content\/uploads\/2025\/02\/Nexgard-25-a-50Kg.jpg",440,440,false],"1536x1536":["https:\/\/alpelobydoggyinhome.com\/wp-content\/uploads\/2025\/02\/Nexgard-25-a-50Kg.jpg",440,440,false],"2048x2048":["https:\/\/alpelobydoggyinhome.com\/wp-content\/uploads\/2025\/02\/Nexgard-25-a-50Kg.jpg",440,440,false],"woocommerce_thumbnail":["https:\/\/alpelobydoggyinhome.com\/wp-content\/uploads\/2025\/02\/Nexgard-25-a-50Kg-300x300.jpg",300,300,true],"woocommerce_single":["https:\/\/alpelobydoggyinhome.com\/wp-content\/uploads\/2025\/02\/Nexgard-25-a-50Kg.jpg",440,440,false],"woocommerce_gallery_thumbnail":["https:\/\/alpelobydoggyinhome.com\/wp-content\/uploads\/2025\/02\/Nexgard-25-a-50Kg-100x100.jpg",100,100,true]},"uagb_author_info":{"display_name":"David Casta\u00f1eda","author_link":"https:\/\/alpelobydoggyinhome.com\/?author=0"},"uagb_comment_info":0,"uagb_excerpt":"NexGard\u00ae es el \u00fanico comprimido masticable y con un agradable sabor a carne que contribuye al control de los par\u00e1sitos externos m\u00e1s frecuentes en los perros, su potente base activa Afoxolaner ha sido dise\u00f1ada para matar r\u00e1pidamente pulgas y garrapatas durante un mes completo antes de que tengan la oportunidad de poner sus huevos. \ud83d\udc3e&hellip;","_links":{"self":[{"href":"https:\/\/alpelobydoggyinhome.com\/index.php?rest_route=\/wp\/v2\/product\/3952","targetHints":{"allow":["GET"]}}],"collection":[{"href":"https:\/\/alpelobydoggyinhome.com\/index.php?rest_route=\/wp\/v2\/product"}],"about":[{"href":"https:\/\/alpelobydoggyinhome.com\/index.php?rest_route=\/wp\/v2\/types\/product"}],"replies":[{"embeddable":true,"href":"https:\/\/alpelobydoggyinhome.com\/index.php?rest_route=%2Fwp%2Fv2%2Fcomments&post=3952"}],"version-history":[{"count":1,"href":"https:\/\/alpelobydoggyinhome.com\/index.php?rest_route=\/wp\/v2\/product\/3952\/revisions"}],"predecessor-version":[{"id":3957,"href":"https:\/\/alpelobydoggyinhome.com\/index.php?rest_route=\/wp\/v2\/product\/3952\/revisions\/3957"}],"wp:featuredmedia":[{"embeddable":true,"href":"https:\/\/alpelobydoggyinhome.com\/index.php?rest_route=\/wp\/v2\/media\/3945"}],"wp:attachment":[{"href":"https:\/\/alpelobydoggyinhome.com\/index.php?rest_route=%2Fwp%2Fv2%2Fmedia&parent=3952"}],"wp:term":[{"taxonomy":"product_brand","embeddable":true,"href":"https:\/\/alpelobydoggyinhome.com\/index.php?rest_route=%2Fwp%2Fv2%2Fproduct_brand&post=3952"},{"taxonomy":"product_cat","embeddable":true,"href":"https:\/\/alpelobydoggyinhome.com\/index.php?rest_route=%2Fwp%2Fv2%2Fproduct_cat&post=3952"},{"taxonomy":"product_tag","embeddable":true,"href":"https:\/\/alpelobydoggyinhome.com\/index.php?rest_route=%2Fwp%2Fv2%2Fproduct_tag&post=3952"}],"curies":[{"name":"wp","href":"https:\/\/api.w.org\/{rel}","templated":true}]}}