{"id":4432,"date":"2025-04-30T14:14:10","date_gmt":"2025-04-30T14:14:10","guid":{"rendered":"https:\/\/alpelobydoggyinhome.com\/?post_type=product&#038;p=4432"},"modified":"2025-05-05T18:22:48","modified_gmt":"2025-05-05T18:22:48","slug":"premio-dental-treat-x-3-und","status":"publish","type":"product","link":"https:\/\/alpelobydoggyinhome.com\/?product=premio-dental-treat-x-3-und","title":{"rendered":"Premio Dental Treat X 3 Und"},"content":{"rendered":"<p class=\"mb-4\"><b>premio Dental Treats<\/b>\u00a0es un suplemento alimenticio para perros adultos de todas las razas, el cual puede ser suministrado a diario.<\/p>\n<h3>Presentaci\u00f3n<\/h3>\n<p class=\"mb-4\">3 Und.<\/p>\n<h5>Recomendaci\u00f3n<\/h5>\n<p class=\"mb-4\">El producto esta listo para su consumo, conservarse en lugar fresco y seco. Aseg\u00farese de que el paquete est\u00e9 bien cerrado despu\u00e9s de alimentar a su mascota.<\/p>\n","protected":false},"excerpt":{"rendered":"<p>premio Dental Treats\u00a0es un suplemento alimenticio para perros adultos de todas las razas, el cual puede ser suministrado a diario. Presentaci\u00f3n 3 Und. Recomendaci\u00f3n El producto esta listo para su consumo, conservarse en lugar fresco y seco. Aseg\u00farese de que el paquete est\u00e9 bien cerrado despu\u00e9s de alimentar a su mascota.<\/p>\n","protected":false},"featured_media":4436,"comment_status":"open","ping_status":"closed","template":"","meta":{"_uag_custom_page_level_css":"","site-sidebar-layout":"default","site-content-layout":"","ast-site-content-layout":"default","site-content-style":"default","site-sidebar-style":"default","ast-global-header-display":"","ast-banner-title-visibility":"","ast-main-header-display":"","ast-hfb-above-header-display":"","ast-hfb-below-header-display":"","ast-hfb-mobile-header-display":"","site-post-title":"","ast-breadcrumbs-content":"","ast-featured-img":"","footer-sml-layout":"","ast-disable-related-posts":"","theme-transparent-header-meta":"default","adv-header-id-meta":"","stick-header-meta":"","header-above-stick-meta":"","header-main-stick-meta":"","header-below-stick-meta":"","astra-migrate-meta-layouts":"set","ast-page-background-enabled":"default","ast-page-background-meta":{"desktop":{"background-color":"","background-image":"","background-repeat":"repeat","background-position":"center center","background-size":"auto","background-attachment":"scroll","background-type":"","background-media":"","overlay-type":"","overlay-color":"","overlay-opacity":"","overlay-gradient":""},"tablet":{"background-color":"","background-image":"","background-repeat":"repeat","background-position":"center center","background-size":"auto","background-attachment":"scroll","background-type":"","background-media":"","overlay-type":"","overlay-color":"","overlay-opacity":"","overlay-gradient":""},"mobile":{"background-color":"","background-image":"","background-repeat":"repeat","background-position":"center center","background-size":"auto","background-attachment":"scroll","background-type":"","background-media":"","overlay-type":"","overlay-color":"","overlay-opacity":"","overlay-gradient":""}},"ast-content-background-meta":{"desktop":{"background-color":"var(--ast-global-color-4)","background-image":"","background-repeat":"repeat","background-position":"center center","background-size":"auto","background-attachment":"scroll","background-type":"","background-media":"","overlay-type":"","overlay-color":"","overlay-opacity":"","overlay-gradient":""},"tablet":{"background-color":"var(--ast-global-color-4)","background-image":"","background-repeat":"repeat","background-position":"center center","background-size":"auto","background-attachment":"scroll","background-type":"","background-media":"","overlay-type":"","overlay-color":"","overlay-opacity":"","overlay-gradient":""},"mobile":{"background-color":"var(--ast-global-color-4)","background-image":"","background-repeat":"repeat","background-position":"center center","background-size":"auto","background-attachment":"scroll","background-type":"","background-media":"","overlay-type":"","overlay-color":"","overlay-opacity":"","overlay-gradient":""}}},"product_brand":[],"product_cat":[79,117],"product_tag":[],"class_list":{"0":"post-4432","1":"product","2":"type-product","3":"status-publish","4":"has-post-thumbnail","6":"product_cat-alimento","7":"product_cat-snacks","8":"desktop-align-left","9":"tablet-align-left","10":"mobile-align-left","12":"first","13":"instock","14":"shipping-taxable","15":"purchasable","16":"product-type-simple"},"yoast_head":"<!-- This site is optimized with the Yoast SEO plugin v27.4 - https:\/\/yoast.com\/product\/yoast-seo-wordpress\/ -->\n<title>Premio Dental Treat X 3 Und - alpelobydoggyinhome.com<\/title>\n<meta name=\"robots\" content=\"index, follow, max-snippet:-1, max-image-preview:large, max-video-preview:-1\" \/>\n<link rel=\"canonical\" href=\"https:\/\/alpelobydoggyinhome.com\/?product=premio-dental-treat-x-3-und\" \/>\n<meta property=\"og:locale\" content=\"es_ES\" \/>\n<meta property=\"og:type\" content=\"article\" \/>\n<meta property=\"og:title\" content=\"Premio Dental Treat X 3 Und - alpelobydoggyinhome.com\" \/>\n<meta property=\"og:description\" content=\"premio Dental Treats\u00a0es un suplemento alimenticio para perros adultos de todas las razas, el cual puede ser suministrado a diario. Presentaci\u00f3n 3 Und. Recomendaci\u00f3n El producto esta listo para su consumo, conservarse en lugar fresco y seco. Aseg\u00farese de que el paquete est\u00e9 bien cerrado despu\u00e9s de alimentar a su mascota.\" \/>\n<meta property=\"og:url\" content=\"https:\/\/alpelobydoggyinhome.com\/?product=premio-dental-treat-x-3-und\" \/>\n<meta property=\"og:site_name\" content=\"alpelobydoggyinhome.com\" \/>\n<meta property=\"article:modified_time\" content=\"2025-05-05T18:22:48+00:00\" \/>\n<meta property=\"og:image\" content=\"https:\/\/alpelobydoggyinhome.com\/wp-content\/uploads\/2025\/04\/bdb66ca3e507a408a7ba43b3e98b38c084cb4b50-1710785424-dentaltreatpremio-756x1024.png\" \/>\n\t<meta property=\"og:image:width\" content=\"756\" \/>\n\t<meta property=\"og:image:height\" content=\"1024\" \/>\n\t<meta property=\"og:image:type\" content=\"image\/png\" \/>\n<meta name=\"twitter:card\" content=\"summary_large_image\" \/>\n<script type=\"application\/ld+json\" class=\"yoast-schema-graph\">{\"@context\":\"https:\\\/\\\/schema.org\",\"@graph\":[{\"@type\":\"WebPage\",\"@id\":\"https:\\\/\\\/alpelobydoggyinhome.com\\\/?product=premio-dental-treat-x-3-und\",\"url\":\"https:\\\/\\\/alpelobydoggyinhome.com\\\/?product=premio-dental-treat-x-3-und\",\"name\":\"Premio Dental Treat X 3 Und - alpelobydoggyinhome.com\",\"isPartOf\":{\"@id\":\"https:\\\/\\\/alpelobydoggyinhome.com\\\/#website\"},\"primaryImageOfPage\":{\"@id\":\"https:\\\/\\\/alpelobydoggyinhome.com\\\/?product=premio-dental-treat-x-3-und#primaryimage\"},\"image\":{\"@id\":\"https:\\\/\\\/alpelobydoggyinhome.com\\\/?product=premio-dental-treat-x-3-und#primaryimage\"},\"thumbnailUrl\":\"https:\\\/\\\/alpelobydoggyinhome.com\\\/wp-content\\\/uploads\\\/2025\\\/04\\\/bdb66ca3e507a408a7ba43b3e98b38c084cb4b50-1710785424-dentaltreatpremio.png\",\"datePublished\":\"2025-04-30T14:14:10+00:00\",\"dateModified\":\"2025-05-05T18:22:48+00:00\",\"breadcrumb\":{\"@id\":\"https:\\\/\\\/alpelobydoggyinhome.com\\\/?product=premio-dental-treat-x-3-und#breadcrumb\"},\"inLanguage\":\"es-CO\",\"potentialAction\":[{\"@type\":\"ReadAction\",\"target\":[\"https:\\\/\\\/alpelobydoggyinhome.com\\\/?product=premio-dental-treat-x-3-und\"]}]},{\"@type\":\"ImageObject\",\"inLanguage\":\"es-CO\",\"@id\":\"https:\\\/\\\/alpelobydoggyinhome.com\\\/?product=premio-dental-treat-x-3-und#primaryimage\",\"url\":\"https:\\\/\\\/alpelobydoggyinhome.com\\\/wp-content\\\/uploads\\\/2025\\\/04\\\/bdb66ca3e507a408a7ba43b3e98b38c084cb4b50-1710785424-dentaltreatpremio.png\",\"contentUrl\":\"https:\\\/\\\/alpelobydoggyinhome.com\\\/wp-content\\\/uploads\\\/2025\\\/04\\\/bdb66ca3e507a408a7ba43b3e98b38c084cb4b50-1710785424-dentaltreatpremio.png\",\"width\":2100,\"height\":2846},{\"@type\":\"BreadcrumbList\",\"@id\":\"https:\\\/\\\/alpelobydoggyinhome.com\\\/?product=premio-dental-treat-x-3-und#breadcrumb\",\"itemListElement\":[{\"@type\":\"ListItem\",\"position\":1,\"name\":\"Home\",\"item\":\"https:\\\/\\\/alpelobydoggyinhome.com\\\/\"},{\"@type\":\"ListItem\",\"position\":2,\"name\":\"PRODUCTOS\",\"item\":\"https:\\\/\\\/alpelobydoggyinhome.com\\\/?page_id=3021\"},{\"@type\":\"ListItem\",\"position\":3,\"name\":\"Premio Dental Treat X 3 Und\"}]},{\"@type\":\"WebSite\",\"@id\":\"https:\\\/\\\/alpelobydoggyinhome.com\\\/#website\",\"url\":\"https:\\\/\\\/alpelobydoggyinhome.com\\\/\",\"name\":\"alpelobydoggyinhome.com\",\"description\":\"\",\"publisher\":{\"@id\":\"https:\\\/\\\/alpelobydoggyinhome.com\\\/#organization\"},\"potentialAction\":[{\"@type\":\"SearchAction\",\"target\":{\"@type\":\"EntryPoint\",\"urlTemplate\":\"https:\\\/\\\/alpelobydoggyinhome.com\\\/?s={search_term_string}\"},\"query-input\":{\"@type\":\"PropertyValueSpecification\",\"valueRequired\":true,\"valueName\":\"search_term_string\"}}],\"inLanguage\":\"es-CO\"},{\"@type\":\"Organization\",\"@id\":\"https:\\\/\\\/alpelobydoggyinhome.com\\\/#organization\",\"name\":\"alpelobydoggyinhome.com\",\"url\":\"https:\\\/\\\/alpelobydoggyinhome.com\\\/\",\"logo\":{\"@type\":\"ImageObject\",\"inLanguage\":\"es-CO\",\"@id\":\"https:\\\/\\\/alpelobydoggyinhome.com\\\/#\\\/schema\\\/logo\\\/image\\\/\",\"url\":\"https:\\\/\\\/alpelobydoggyinhome.com\\\/wp-content\\\/uploads\\\/2024\\\/10\\\/WhatsApp_Image_2024-10-29_at_2.00.42_PM__2_-removebg-preview.png\",\"contentUrl\":\"https:\\\/\\\/alpelobydoggyinhome.com\\\/wp-content\\\/uploads\\\/2024\\\/10\\\/WhatsApp_Image_2024-10-29_at_2.00.42_PM__2_-removebg-preview.png\",\"width\":500,\"height\":500,\"caption\":\"alpelobydoggyinhome.com\"},\"image\":{\"@id\":\"https:\\\/\\\/alpelobydoggyinhome.com\\\/#\\\/schema\\\/logo\\\/image\\\/\"},\"sameAs\":[\"https:\\\/\\\/www.instagram.com\\\/alpelo_bydoggyinhome\"]}]}<\/script>\n<!-- \/ Yoast SEO plugin. -->","yoast_head_json":{"title":"Premio Dental Treat X 3 Und - alpelobydoggyinhome.com","robots":{"index":"index","follow":"follow","max-snippet":"max-snippet:-1","max-image-preview":"max-image-preview:large","max-video-preview":"max-video-preview:-1"},"canonical":"https:\/\/alpelobydoggyinhome.com\/?product=premio-dental-treat-x-3-und","og_locale":"es_ES","og_type":"article","og_title":"Premio Dental Treat X 3 Und - alpelobydoggyinhome.com","og_description":"premio Dental Treats\u00a0es un suplemento alimenticio para perros adultos de todas las razas, el cual puede ser suministrado a diario. Presentaci\u00f3n 3 Und. Recomendaci\u00f3n El producto esta listo para su consumo, conservarse en lugar fresco y seco. Aseg\u00farese de que el paquete est\u00e9 bien cerrado despu\u00e9s de alimentar a su mascota.","og_url":"https:\/\/alpelobydoggyinhome.com\/?product=premio-dental-treat-x-3-und","og_site_name":"alpelobydoggyinhome.com","article_modified_time":"2025-05-05T18:22:48+00:00","og_image":[{"width":756,"height":1024,"url":"https:\/\/alpelobydoggyinhome.com\/wp-content\/uploads\/2025\/04\/bdb66ca3e507a408a7ba43b3e98b38c084cb4b50-1710785424-dentaltreatpremio-756x1024.png","type":"image\/png"}],"twitter_card":"summary_large_image","schema":{"@context":"https:\/\/schema.org","@graph":[{"@type":"WebPage","@id":"https:\/\/alpelobydoggyinhome.com\/?product=premio-dental-treat-x-3-und","url":"https:\/\/alpelobydoggyinhome.com\/?product=premio-dental-treat-x-3-und","name":"Premio Dental Treat X 3 Und - alpelobydoggyinhome.com","isPartOf":{"@id":"https:\/\/alpelobydoggyinhome.com\/#website"},"primaryImageOfPage":{"@id":"https:\/\/alpelobydoggyinhome.com\/?product=premio-dental-treat-x-3-und#primaryimage"},"image":{"@id":"https:\/\/alpelobydoggyinhome.com\/?product=premio-dental-treat-x-3-und#primaryimage"},"thumbnailUrl":"https:\/\/alpelobydoggyinhome.com\/wp-content\/uploads\/2025\/04\/bdb66ca3e507a408a7ba43b3e98b38c084cb4b50-1710785424-dentaltreatpremio.png","datePublished":"2025-04-30T14:14:10+00:00","dateModified":"2025-05-05T18:22:48+00:00","breadcrumb":{"@id":"https:\/\/alpelobydoggyinhome.com\/?product=premio-dental-treat-x-3-und#breadcrumb"},"inLanguage":"es-CO","potentialAction":[{"@type":"ReadAction","target":["https:\/\/alpelobydoggyinhome.com\/?product=premio-dental-treat-x-3-und"]}]},{"@type":"ImageObject","inLanguage":"es-CO","@id":"https:\/\/alpelobydoggyinhome.com\/?product=premio-dental-treat-x-3-und#primaryimage","url":"https:\/\/alpelobydoggyinhome.com\/wp-content\/uploads\/2025\/04\/bdb66ca3e507a408a7ba43b3e98b38c084cb4b50-1710785424-dentaltreatpremio.png","contentUrl":"https:\/\/alpelobydoggyinhome.com\/wp-content\/uploads\/2025\/04\/bdb66ca3e507a408a7ba43b3e98b38c084cb4b50-1710785424-dentaltreatpremio.png","width":2100,"height":2846},{"@type":"BreadcrumbList","@id":"https:\/\/alpelobydoggyinhome.com\/?product=premio-dental-treat-x-3-und#breadcrumb","itemListElement":[{"@type":"ListItem","position":1,"name":"Home","item":"https:\/\/alpelobydoggyinhome.com\/"},{"@type":"ListItem","position":2,"name":"PRODUCTOS","item":"https:\/\/alpelobydoggyinhome.com\/?page_id=3021"},{"@type":"ListItem","position":3,"name":"Premio Dental Treat X 3 Und"}]},{"@type":"WebSite","@id":"https:\/\/alpelobydoggyinhome.com\/#website","url":"https:\/\/alpelobydoggyinhome.com\/","name":"alpelobydoggyinhome.com","description":"","publisher":{"@id":"https:\/\/alpelobydoggyinhome.com\/#organization"},"potentialAction":[{"@type":"SearchAction","target":{"@type":"EntryPoint","urlTemplate":"https:\/\/alpelobydoggyinhome.com\/?s={search_term_string}"},"query-input":{"@type":"PropertyValueSpecification","valueRequired":true,"valueName":"search_term_string"}}],"inLanguage":"es-CO"},{"@type":"Organization","@id":"https:\/\/alpelobydoggyinhome.com\/#organization","name":"alpelobydoggyinhome.com","url":"https:\/\/alpelobydoggyinhome.com\/","logo":{"@type":"ImageObject","inLanguage":"es-CO","@id":"https:\/\/alpelobydoggyinhome.com\/#\/schema\/logo\/image\/","url":"https:\/\/alpelobydoggyinhome.com\/wp-content\/uploads\/2024\/10\/WhatsApp_Image_2024-10-29_at_2.00.42_PM__2_-removebg-preview.png","contentUrl":"https:\/\/alpelobydoggyinhome.com\/wp-content\/uploads\/2024\/10\/WhatsApp_Image_2024-10-29_at_2.00.42_PM__2_-removebg-preview.png","width":500,"height":500,"caption":"alpelobydoggyinhome.com"},"image":{"@id":"https:\/\/alpelobydoggyinhome.com\/#\/schema\/logo\/image\/"},"sameAs":["https:\/\/www.instagram.com\/alpelo_bydoggyinhome"]}]}},"uagb_featured_image_src":{"full":["https:\/\/alpelobydoggyinhome.com\/wp-content\/uploads\/2025\/04\/bdb66ca3e507a408a7ba43b3e98b38c084cb4b50-1710785424-dentaltreatpremio.png",2100,2846,false],"thumbnail":["https:\/\/alpelobydoggyinhome.com\/wp-content\/uploads\/2025\/04\/bdb66ca3e507a408a7ba43b3e98b38c084cb4b50-1710785424-dentaltreatpremio-150x150.png",150,150,true],"medium":["https:\/\/alpelobydoggyinhome.com\/wp-content\/uploads\/2025\/04\/bdb66ca3e507a408a7ba43b3e98b38c084cb4b50-1710785424-dentaltreatpremio-221x300.png",221,300,true],"medium_large":["https:\/\/alpelobydoggyinhome.com\/wp-content\/uploads\/2025\/04\/bdb66ca3e507a408a7ba43b3e98b38c084cb4b50-1710785424-dentaltreatpremio-768x1041.png",768,1041,true],"large":["https:\/\/alpelobydoggyinhome.com\/wp-content\/uploads\/2025\/04\/bdb66ca3e507a408a7ba43b3e98b38c084cb4b50-1710785424-dentaltreatpremio-756x1024.png",756,1024,true],"1536x1536":["https:\/\/alpelobydoggyinhome.com\/wp-content\/uploads\/2025\/04\/bdb66ca3e507a408a7ba43b3e98b38c084cb4b50-1710785424-dentaltreatpremio-1133x1536.png",1133,1536,true],"2048x2048":["https:\/\/alpelobydoggyinhome.com\/wp-content\/uploads\/2025\/04\/bdb66ca3e507a408a7ba43b3e98b38c084cb4b50-1710785424-dentaltreatpremio-1511x2048.png",1511,2048,true],"woocommerce_thumbnail":["https:\/\/alpelobydoggyinhome.com\/wp-content\/uploads\/2025\/04\/bdb66ca3e507a408a7ba43b3e98b38c084cb4b50-1710785424-dentaltreatpremio-300x300.png",300,300,true],"woocommerce_single":["https:\/\/alpelobydoggyinhome.com\/wp-content\/uploads\/2025\/04\/bdb66ca3e507a408a7ba43b3e98b38c084cb4b50-1710785424-dentaltreatpremio-600x813.png",600,813,true],"woocommerce_gallery_thumbnail":["https:\/\/alpelobydoggyinhome.com\/wp-content\/uploads\/2025\/04\/bdb66ca3e507a408a7ba43b3e98b38c084cb4b50-1710785424-dentaltreatpremio-100x100.png",100,100,true]},"uagb_author_info":{"display_name":"Admin Al Pelo","author_link":"https:\/\/alpelobydoggyinhome.com\/?author=0"},"uagb_comment_info":0,"uagb_excerpt":"premio Dental Treats\u00a0es un suplemento alimenticio para perros adultos de todas las razas, el cual puede ser suministrado a diario. Presentaci\u00f3n 3 Und. Recomendaci\u00f3n El producto esta listo para su consumo, conservarse en lugar fresco y seco. Aseg\u00farese de que el paquete est\u00e9 bien cerrado despu\u00e9s de alimentar a su mascota.","_links":{"self":[{"href":"https:\/\/alpelobydoggyinhome.com\/index.php?rest_route=\/wp\/v2\/product\/4432","targetHints":{"allow":["GET"]}}],"collection":[{"href":"https:\/\/alpelobydoggyinhome.com\/index.php?rest_route=\/wp\/v2\/product"}],"about":[{"href":"https:\/\/alpelobydoggyinhome.com\/index.php?rest_route=\/wp\/v2\/types\/product"}],"replies":[{"embeddable":true,"href":"https:\/\/alpelobydoggyinhome.com\/index.php?rest_route=%2Fwp%2Fv2%2Fcomments&post=4432"}],"version-history":[{"count":1,"href":"https:\/\/alpelobydoggyinhome.com\/index.php?rest_route=\/wp\/v2\/product\/4432\/revisions"}],"predecessor-version":[{"id":4437,"href":"https:\/\/alpelobydoggyinhome.com\/index.php?rest_route=\/wp\/v2\/product\/4432\/revisions\/4437"}],"wp:featuredmedia":[{"embeddable":true,"href":"https:\/\/alpelobydoggyinhome.com\/index.php?rest_route=\/wp\/v2\/media\/4436"}],"wp:attachment":[{"href":"https:\/\/alpelobydoggyinhome.com\/index.php?rest_route=%2Fwp%2Fv2%2Fmedia&parent=4432"}],"wp:term":[{"taxonomy":"product_brand","embeddable":true,"href":"https:\/\/alpelobydoggyinhome.com\/index.php?rest_route=%2Fwp%2Fv2%2Fproduct_brand&post=4432"},{"taxonomy":"product_cat","embeddable":true,"href":"https:\/\/alpelobydoggyinhome.com\/index.php?rest_route=%2Fwp%2Fv2%2Fproduct_cat&post=4432"},{"taxonomy":"product_tag","embeddable":true,"href":"https:\/\/alpelobydoggyinhome.com\/index.php?rest_route=%2Fwp%2Fv2%2Fproduct_tag&post=4432"}],"curies":[{"name":"wp","href":"https:\/\/api.w.org\/{rel}","templated":true}]}}