{"id":5180,"date":"2025-12-11T15:28:35","date_gmt":"2025-12-11T15:28:35","guid":{"rendered":"https:\/\/alpelobydoggyinhome.com\/?post_type=product&#038;p=5180"},"modified":"2025-12-11T15:31:09","modified_gmt":"2025-12-11T15:31:09","slug":"ecobag-robin","status":"publish","type":"product","link":"https:\/\/alpelobydoggyinhome.com\/?product=ecobag-robin","title":{"rendered":"Ecobag Robin"},"content":{"rendered":"<p>Este diciembre, lleva contigo una historia de amor y esperanza con nuestro Ecobag artesanal de <strong data-start=\"297\" data-end=\"306\">Robin<\/strong>, un perrito valiente que lucha contra la Leishmaniasis. Cada bolsito est\u00e1 ilustrado con su carita dulce y su mundo lleno de color, para recordarnos que los peluditos tambi\u00e9n necesitan una mano amiga.<br data-start=\"506\" data-end=\"509\" \/>Al comprarlo, no solo adquieres un accesorio \u00fanico hecho con cari\u00f1o\u2026 tambi\u00e9n contribuyes directamente a cubrir el medicamento que Robin necesita para seguir adelante, jugar, descansar sin dolor y vivir la vida que merece.<br data-start=\"730\" data-end=\"733\" \/>Tu compra es luz, es compa\u00f1\u00eda, es vida. Gracias por ayudar a Robin a escribir un diciembre m\u00e1s lleno de fuerza y amor. \ud83d\udc36\u2728\ud83d\udc9b<\/p>\n","protected":false},"excerpt":{"rendered":"<p>Este diciembre, lleva contigo una historia de amor y esperanza con nuestro Ecobag artesanal de Robin, un perrito valiente que lucha contra la Leishmaniasis. Cada bolsito est\u00e1 ilustrado con su carita dulce y su mundo lleno de color, para recordarnos que los peluditos tambi\u00e9n necesitan una mano amiga.Al comprarlo, no solo adquieres un accesorio \u00fanico hecho con cari\u00f1o\u2026 tambi\u00e9n contribuyes directamente a cubrir el medicamento que Robin necesita para seguir adelante, jugar, descansar sin dolor y vivir la vida que merece.Tu compra es luz, es compa\u00f1\u00eda, es vida. Gracias por ayudar a Robin a escribir un diciembre m\u00e1s lleno de fuerza y amor. \ud83d\udc36\u2728\ud83d\udc9b<\/p>\n","protected":false},"featured_media":5181,"comment_status":"open","ping_status":"closed","template":"","meta":{"_uag_custom_page_level_css":"","site-sidebar-layout":"default","site-content-layout":"","ast-site-content-layout":"default","site-content-style":"default","site-sidebar-style":"default","ast-global-header-display":"","ast-banner-title-visibility":"","ast-main-header-display":"","ast-hfb-above-header-display":"","ast-hfb-below-header-display":"","ast-hfb-mobile-header-display":"","site-post-title":"","ast-breadcrumbs-content":"","ast-featured-img":"","footer-sml-layout":"","theme-transparent-header-meta":"default","adv-header-id-meta":"","stick-header-meta":"","header-above-stick-meta":"","header-main-stick-meta":"","header-below-stick-meta":"","astra-migrate-meta-layouts":"set","ast-page-background-enabled":"default","ast-page-background-meta":{"desktop":{"background-color":"","background-image":"","background-repeat":"repeat","background-position":"center center","background-size":"auto","background-attachment":"scroll","background-type":"","background-media":"","overlay-type":"","overlay-color":"","overlay-opacity":"","overlay-gradient":""},"tablet":{"background-color":"","background-image":"","background-repeat":"repeat","background-position":"center center","background-size":"auto","background-attachment":"scroll","background-type":"","background-media":"","overlay-type":"","overlay-color":"","overlay-opacity":"","overlay-gradient":""},"mobile":{"background-color":"","background-image":"","background-repeat":"repeat","background-position":"center center","background-size":"auto","background-attachment":"scroll","background-type":"","background-media":"","overlay-type":"","overlay-color":"","overlay-opacity":"","overlay-gradient":""}},"ast-content-background-meta":{"desktop":{"background-color":"var(--ast-global-color-5)","background-image":"","background-repeat":"repeat","background-position":"center center","background-size":"auto","background-attachment":"scroll","background-type":"","background-media":"","overlay-type":"","overlay-color":"","overlay-opacity":"","overlay-gradient":""},"tablet":{"background-color":"var(--ast-global-color-5)","background-image":"","background-repeat":"repeat","background-position":"center center","background-size":"auto","background-attachment":"scroll","background-type":"","background-media":"","overlay-type":"","overlay-color":"","overlay-opacity":"","overlay-gradient":""},"mobile":{"background-color":"var(--ast-global-color-5)","background-image":"","background-repeat":"repeat","background-position":"center center","background-size":"auto","background-attachment":"scroll","background-type":"","background-media":"","overlay-type":"","overlay-color":"","overlay-opacity":"","overlay-gradient":""}}},"product_brand":[],"product_cat":[119,113,32],"product_tag":[136,135,137],"class_list":{"0":"post-5180","1":"product","2":"type-product","3":"status-publish","4":"has-post-thumbnail","6":"product_cat-humanos","7":"product_cat-modaalpelo","8":"product_cat-producto-social","9":"product_tag-bolsito","10":"product_tag-ecobag","11":"product_tag-robin","12":"desktop-align-left","13":"tablet-align-left","14":"mobile-align-left","16":"first","17":"instock","18":"shipping-taxable","19":"purchasable","20":"product-type-simple"},"yoast_head":"<!-- This site is optimized with the Yoast SEO plugin v26.8 - https:\/\/yoast.com\/product\/yoast-seo-wordpress\/ -->\n<title>Ecobag Robin - alpelobydoggyinhome.com<\/title>\n<meta name=\"description\" content=\"Este Ecobag de Robin no es solo un accesorio: es medicina, esperanza y amor. Ay\u00fadanos a seguir cuid\u00e1ndolo.\" \/>\n<meta name=\"robots\" content=\"index, follow, max-snippet:-1, max-image-preview:large, max-video-preview:-1\" \/>\n<link rel=\"canonical\" href=\"https:\/\/alpelobydoggyinhome.com\/?product=ecobag-robin\" \/>\n<meta property=\"og:locale\" content=\"es_ES\" \/>\n<meta property=\"og:type\" content=\"article\" \/>\n<meta property=\"og:title\" content=\"Ecobag Robin - alpelobydoggyinhome.com\" \/>\n<meta property=\"og:description\" content=\"Este Ecobag de Robin no es solo un accesorio: es medicina, esperanza y amor. Ay\u00fadanos a seguir cuid\u00e1ndolo.\" \/>\n<meta property=\"og:url\" content=\"https:\/\/alpelobydoggyinhome.com\/?product=ecobag-robin\" \/>\n<meta property=\"og:site_name\" content=\"alpelobydoggyinhome.com\" \/>\n<meta property=\"article:modified_time\" content=\"2025-12-11T15:31:09+00:00\" \/>\n<meta property=\"og:image\" content=\"https:\/\/alpelobydoggyinhome.com\/wp-content\/uploads\/2025\/12\/WhatsApp-Image-2025-12-11-at-7.44.00-AM.jpeg\" \/>\n\t<meta property=\"og:image:width\" content=\"1056\" \/>\n\t<meta property=\"og:image:height\" content=\"1600\" \/>\n\t<meta property=\"og:image:type\" content=\"image\/jpeg\" \/>\n<meta name=\"twitter:card\" content=\"summary_large_image\" \/>\n<meta name=\"twitter:label1\" content=\"Tiempo de lectura\" \/>\n\t<meta name=\"twitter:data1\" content=\"1 minuto\" \/>\n<script type=\"application\/ld+json\" class=\"yoast-schema-graph\">{\"@context\":\"https:\/\/schema.org\",\"@graph\":[{\"@type\":\"WebPage\",\"@id\":\"https:\/\/alpelobydoggyinhome.com\/?product=ecobag-robin\",\"url\":\"https:\/\/alpelobydoggyinhome.com\/?product=ecobag-robin\",\"name\":\"Ecobag Robin - alpelobydoggyinhome.com\",\"isPartOf\":{\"@id\":\"https:\/\/alpelobydoggyinhome.com\/#website\"},\"primaryImageOfPage\":{\"@id\":\"https:\/\/alpelobydoggyinhome.com\/?product=ecobag-robin#primaryimage\"},\"image\":{\"@id\":\"https:\/\/alpelobydoggyinhome.com\/?product=ecobag-robin#primaryimage\"},\"thumbnailUrl\":\"https:\/\/alpelobydoggyinhome.com\/wp-content\/uploads\/2025\/12\/WhatsApp-Image-2025-12-11-at-7.44.00-AM.jpeg\",\"datePublished\":\"2025-12-11T15:28:35+00:00\",\"dateModified\":\"2025-12-11T15:31:09+00:00\",\"description\":\"Este Ecobag de Robin no es solo un accesorio: es medicina, esperanza y amor. Ay\u00fadanos a seguir cuid\u00e1ndolo.\",\"breadcrumb\":{\"@id\":\"https:\/\/alpelobydoggyinhome.com\/?product=ecobag-robin#breadcrumb\"},\"inLanguage\":\"es-CO\",\"potentialAction\":[{\"@type\":\"ReadAction\",\"target\":[\"https:\/\/alpelobydoggyinhome.com\/?product=ecobag-robin\"]}]},{\"@type\":\"ImageObject\",\"inLanguage\":\"es-CO\",\"@id\":\"https:\/\/alpelobydoggyinhome.com\/?product=ecobag-robin#primaryimage\",\"url\":\"https:\/\/alpelobydoggyinhome.com\/wp-content\/uploads\/2025\/12\/WhatsApp-Image-2025-12-11-at-7.44.00-AM.jpeg\",\"contentUrl\":\"https:\/\/alpelobydoggyinhome.com\/wp-content\/uploads\/2025\/12\/WhatsApp-Image-2025-12-11-at-7.44.00-AM.jpeg\",\"width\":1056,\"height\":1600},{\"@type\":\"BreadcrumbList\",\"@id\":\"https:\/\/alpelobydoggyinhome.com\/?product=ecobag-robin#breadcrumb\",\"itemListElement\":[{\"@type\":\"ListItem\",\"position\":1,\"name\":\"Home\",\"item\":\"https:\/\/alpelobydoggyinhome.com\/\"},{\"@type\":\"ListItem\",\"position\":2,\"name\":\"PRODUCTOS\",\"item\":\"https:\/\/alpelobydoggyinhome.com\/?page_id=3021\"},{\"@type\":\"ListItem\",\"position\":3,\"name\":\"Ecobag Robin\"}]},{\"@type\":\"WebSite\",\"@id\":\"https:\/\/alpelobydoggyinhome.com\/#website\",\"url\":\"https:\/\/alpelobydoggyinhome.com\/\",\"name\":\"alpelobydoggyinhome.com\",\"description\":\"\",\"publisher\":{\"@id\":\"https:\/\/alpelobydoggyinhome.com\/#organization\"},\"potentialAction\":[{\"@type\":\"SearchAction\",\"target\":{\"@type\":\"EntryPoint\",\"urlTemplate\":\"https:\/\/alpelobydoggyinhome.com\/?s={search_term_string}\"},\"query-input\":{\"@type\":\"PropertyValueSpecification\",\"valueRequired\":true,\"valueName\":\"search_term_string\"}}],\"inLanguage\":\"es-CO\"},{\"@type\":\"Organization\",\"@id\":\"https:\/\/alpelobydoggyinhome.com\/#organization\",\"name\":\"alpelobydoggyinhome.com\",\"url\":\"https:\/\/alpelobydoggyinhome.com\/\",\"logo\":{\"@type\":\"ImageObject\",\"inLanguage\":\"es-CO\",\"@id\":\"https:\/\/alpelobydoggyinhome.com\/#\/schema\/logo\/image\/\",\"url\":\"https:\/\/alpelobydoggyinhome.com\/wp-content\/uploads\/2024\/10\/WhatsApp_Image_2024-10-29_at_2.00.42_PM__2_-removebg-preview.png\",\"contentUrl\":\"https:\/\/alpelobydoggyinhome.com\/wp-content\/uploads\/2024\/10\/WhatsApp_Image_2024-10-29_at_2.00.42_PM__2_-removebg-preview.png\",\"width\":500,\"height\":500,\"caption\":\"alpelobydoggyinhome.com\"},\"image\":{\"@id\":\"https:\/\/alpelobydoggyinhome.com\/#\/schema\/logo\/image\/\"},\"sameAs\":[\"https:\/\/www.instagram.com\/alpelo_bydoggyinhome\"]}]}<\/script>\n<!-- \/ Yoast SEO plugin. -->","yoast_head_json":{"title":"Ecobag Robin - alpelobydoggyinhome.com","description":"Este Ecobag de Robin no es solo un accesorio: es medicina, esperanza y amor. Ay\u00fadanos a seguir cuid\u00e1ndolo.","robots":{"index":"index","follow":"follow","max-snippet":"max-snippet:-1","max-image-preview":"max-image-preview:large","max-video-preview":"max-video-preview:-1"},"canonical":"https:\/\/alpelobydoggyinhome.com\/?product=ecobag-robin","og_locale":"es_ES","og_type":"article","og_title":"Ecobag Robin - alpelobydoggyinhome.com","og_description":"Este Ecobag de Robin no es solo un accesorio: es medicina, esperanza y amor. Ay\u00fadanos a seguir cuid\u00e1ndolo.","og_url":"https:\/\/alpelobydoggyinhome.com\/?product=ecobag-robin","og_site_name":"alpelobydoggyinhome.com","article_modified_time":"2025-12-11T15:31:09+00:00","og_image":[{"width":1056,"height":1600,"url":"https:\/\/alpelobydoggyinhome.com\/wp-content\/uploads\/2025\/12\/WhatsApp-Image-2025-12-11-at-7.44.00-AM.jpeg","type":"image\/jpeg"}],"twitter_card":"summary_large_image","twitter_misc":{"Tiempo de lectura":"1 minuto"},"schema":{"@context":"https:\/\/schema.org","@graph":[{"@type":"WebPage","@id":"https:\/\/alpelobydoggyinhome.com\/?product=ecobag-robin","url":"https:\/\/alpelobydoggyinhome.com\/?product=ecobag-robin","name":"Ecobag Robin - alpelobydoggyinhome.com","isPartOf":{"@id":"https:\/\/alpelobydoggyinhome.com\/#website"},"primaryImageOfPage":{"@id":"https:\/\/alpelobydoggyinhome.com\/?product=ecobag-robin#primaryimage"},"image":{"@id":"https:\/\/alpelobydoggyinhome.com\/?product=ecobag-robin#primaryimage"},"thumbnailUrl":"https:\/\/alpelobydoggyinhome.com\/wp-content\/uploads\/2025\/12\/WhatsApp-Image-2025-12-11-at-7.44.00-AM.jpeg","datePublished":"2025-12-11T15:28:35+00:00","dateModified":"2025-12-11T15:31:09+00:00","description":"Este Ecobag de Robin no es solo un accesorio: es medicina, esperanza y amor. Ay\u00fadanos a seguir cuid\u00e1ndolo.","breadcrumb":{"@id":"https:\/\/alpelobydoggyinhome.com\/?product=ecobag-robin#breadcrumb"},"inLanguage":"es-CO","potentialAction":[{"@type":"ReadAction","target":["https:\/\/alpelobydoggyinhome.com\/?product=ecobag-robin"]}]},{"@type":"ImageObject","inLanguage":"es-CO","@id":"https:\/\/alpelobydoggyinhome.com\/?product=ecobag-robin#primaryimage","url":"https:\/\/alpelobydoggyinhome.com\/wp-content\/uploads\/2025\/12\/WhatsApp-Image-2025-12-11-at-7.44.00-AM.jpeg","contentUrl":"https:\/\/alpelobydoggyinhome.com\/wp-content\/uploads\/2025\/12\/WhatsApp-Image-2025-12-11-at-7.44.00-AM.jpeg","width":1056,"height":1600},{"@type":"BreadcrumbList","@id":"https:\/\/alpelobydoggyinhome.com\/?product=ecobag-robin#breadcrumb","itemListElement":[{"@type":"ListItem","position":1,"name":"Home","item":"https:\/\/alpelobydoggyinhome.com\/"},{"@type":"ListItem","position":2,"name":"PRODUCTOS","item":"https:\/\/alpelobydoggyinhome.com\/?page_id=3021"},{"@type":"ListItem","position":3,"name":"Ecobag Robin"}]},{"@type":"WebSite","@id":"https:\/\/alpelobydoggyinhome.com\/#website","url":"https:\/\/alpelobydoggyinhome.com\/","name":"alpelobydoggyinhome.com","description":"","publisher":{"@id":"https:\/\/alpelobydoggyinhome.com\/#organization"},"potentialAction":[{"@type":"SearchAction","target":{"@type":"EntryPoint","urlTemplate":"https:\/\/alpelobydoggyinhome.com\/?s={search_term_string}"},"query-input":{"@type":"PropertyValueSpecification","valueRequired":true,"valueName":"search_term_string"}}],"inLanguage":"es-CO"},{"@type":"Organization","@id":"https:\/\/alpelobydoggyinhome.com\/#organization","name":"alpelobydoggyinhome.com","url":"https:\/\/alpelobydoggyinhome.com\/","logo":{"@type":"ImageObject","inLanguage":"es-CO","@id":"https:\/\/alpelobydoggyinhome.com\/#\/schema\/logo\/image\/","url":"https:\/\/alpelobydoggyinhome.com\/wp-content\/uploads\/2024\/10\/WhatsApp_Image_2024-10-29_at_2.00.42_PM__2_-removebg-preview.png","contentUrl":"https:\/\/alpelobydoggyinhome.com\/wp-content\/uploads\/2024\/10\/WhatsApp_Image_2024-10-29_at_2.00.42_PM__2_-removebg-preview.png","width":500,"height":500,"caption":"alpelobydoggyinhome.com"},"image":{"@id":"https:\/\/alpelobydoggyinhome.com\/#\/schema\/logo\/image\/"},"sameAs":["https:\/\/www.instagram.com\/alpelo_bydoggyinhome"]}]}},"uagb_featured_image_src":{"full":["https:\/\/alpelobydoggyinhome.com\/wp-content\/uploads\/2025\/12\/WhatsApp-Image-2025-12-11-at-7.44.00-AM.jpeg",1056,1600,false],"thumbnail":["https:\/\/alpelobydoggyinhome.com\/wp-content\/uploads\/2025\/12\/WhatsApp-Image-2025-12-11-at-7.44.00-AM-150x150.jpeg",150,150,true],"medium":["https:\/\/alpelobydoggyinhome.com\/wp-content\/uploads\/2025\/12\/WhatsApp-Image-2025-12-11-at-7.44.00-AM-198x300.jpeg",198,300,true],"medium_large":["https:\/\/alpelobydoggyinhome.com\/wp-content\/uploads\/2025\/12\/WhatsApp-Image-2025-12-11-at-7.44.00-AM-768x1164.jpeg",768,1164,true],"large":["https:\/\/alpelobydoggyinhome.com\/wp-content\/uploads\/2025\/12\/WhatsApp-Image-2025-12-11-at-7.44.00-AM-676x1024.jpeg",676,1024,true],"1536x1536":["https:\/\/alpelobydoggyinhome.com\/wp-content\/uploads\/2025\/12\/WhatsApp-Image-2025-12-11-at-7.44.00-AM-1014x1536.jpeg",1014,1536,true],"2048x2048":["https:\/\/alpelobydoggyinhome.com\/wp-content\/uploads\/2025\/12\/WhatsApp-Image-2025-12-11-at-7.44.00-AM.jpeg",1056,1600,false],"woocommerce_thumbnail":["https:\/\/alpelobydoggyinhome.com\/wp-content\/uploads\/2025\/12\/WhatsApp-Image-2025-12-11-at-7.44.00-AM-300x300.jpeg",300,300,true],"woocommerce_single":["https:\/\/alpelobydoggyinhome.com\/wp-content\/uploads\/2025\/12\/WhatsApp-Image-2025-12-11-at-7.44.00-AM-600x909.jpeg",600,909,true],"woocommerce_gallery_thumbnail":["https:\/\/alpelobydoggyinhome.com\/wp-content\/uploads\/2025\/12\/WhatsApp-Image-2025-12-11-at-7.44.00-AM-100x100.jpeg",100,100,true]},"uagb_author_info":{"display_name":"David Casta\u00f1eda","author_link":"https:\/\/alpelobydoggyinhome.com\/?author=0"},"uagb_comment_info":0,"uagb_excerpt":"Este diciembre, lleva contigo una historia de amor y esperanza con nuestro Ecobag artesanal de Robin, un perrito valiente que lucha contra la Leishmaniasis. Cada bolsito est\u00e1 ilustrado con su carita dulce y su mundo lleno de color, para recordarnos que los peluditos tambi\u00e9n necesitan una mano amiga.Al comprarlo, no solo adquieres un accesorio \u00fanico&hellip;","_links":{"self":[{"href":"https:\/\/alpelobydoggyinhome.com\/index.php?rest_route=\/wp\/v2\/product\/5180","targetHints":{"allow":["GET"]}}],"collection":[{"href":"https:\/\/alpelobydoggyinhome.com\/index.php?rest_route=\/wp\/v2\/product"}],"about":[{"href":"https:\/\/alpelobydoggyinhome.com\/index.php?rest_route=\/wp\/v2\/types\/product"}],"replies":[{"embeddable":true,"href":"https:\/\/alpelobydoggyinhome.com\/index.php?rest_route=%2Fwp%2Fv2%2Fcomments&post=5180"}],"version-history":[{"count":2,"href":"https:\/\/alpelobydoggyinhome.com\/index.php?rest_route=\/wp\/v2\/product\/5180\/revisions"}],"predecessor-version":[{"id":5184,"href":"https:\/\/alpelobydoggyinhome.com\/index.php?rest_route=\/wp\/v2\/product\/5180\/revisions\/5184"}],"wp:featuredmedia":[{"embeddable":true,"href":"https:\/\/alpelobydoggyinhome.com\/index.php?rest_route=\/wp\/v2\/media\/5181"}],"wp:attachment":[{"href":"https:\/\/alpelobydoggyinhome.com\/index.php?rest_route=%2Fwp%2Fv2%2Fmedia&parent=5180"}],"wp:term":[{"taxonomy":"product_brand","embeddable":true,"href":"https:\/\/alpelobydoggyinhome.com\/index.php?rest_route=%2Fwp%2Fv2%2Fproduct_brand&post=5180"},{"taxonomy":"product_cat","embeddable":true,"href":"https:\/\/alpelobydoggyinhome.com\/index.php?rest_route=%2Fwp%2Fv2%2Fproduct_cat&post=5180"},{"taxonomy":"product_tag","embeddable":true,"href":"https:\/\/alpelobydoggyinhome.com\/index.php?rest_route=%2Fwp%2Fv2%2Fproduct_tag&post=5180"}],"curies":[{"name":"wp","href":"https:\/\/api.w.org\/{rel}","templated":true}]}}