{"id":5322,"date":"2026-01-21T00:52:50","date_gmt":"2026-01-21T00:52:50","guid":{"rendered":"https:\/\/alpelobydoggyinhome.com\/?post_type=product&#038;p=5322"},"modified":"2026-01-21T00:52:50","modified_gmt":"2026-01-21T00:52:50","slug":"gorra-voluntario-ava","status":"publish","type":"product","link":"https:\/\/alpelobydoggyinhome.com\/?product=gorra-voluntario-ava","title":{"rendered":"Gorra Voluntario AVA"},"content":{"rendered":"<p data-start=\"427\" data-end=\"760\">La <strong data-start=\"430\" data-end=\"484\">Gorra Voluntario AVA de la Fundaci\u00f3n Doggy in Home<\/strong> representa mucho m\u00e1s que pertenecer a un equipo: es llevar con orgullo el compromiso de cambiar vidas \ud83d\udc36\ud83d\udc31\ud83d\udc9b. Dise\u00f1ada para quienes dan su tiempo, su energ\u00eda y su coraz\u00f3n por los animales en situaci\u00f3n de vulnerabilidad, esta gorra identifica a los verdaderos h\u00e9roes sin capa.<\/p>\n<p data-start=\"762\" data-end=\"1005\">Pensada para jornadas de rescate, brigadas, eventos, visitas veterinarias o actividades de campo, ofrece comodidad, frescura y un ajuste ideal para acompa\u00f1arte en cada labor. Su dise\u00f1o transmite identidad, uni\u00f3n y amor por la causa animalista.<\/p>\n<p data-start=\"1007\" data-end=\"1213\">Usar esta gorra es decirle al mundo que crees en la empat\u00eda, en el respeto por la vida y en que cada acci\u00f3n cuenta.<br data-start=\"1122\" data-end=\"1125\" \/>Ser <strong data-start=\"1129\" data-end=\"1147\">Voluntario AVA<\/strong> es actuar desde el amor\u2026 y esta gorra lo representa en cada paso.<\/p>\n","protected":false},"excerpt":{"rendered":"<p><strong data-start=\"250\" data-end=\"290\">Gorra Voluntario AVA \u2013 Doggy in Home<\/strong> \ud83d\udc3e<br data-start=\"293\" data-end=\"296\" \/>Un s\u00edmbolo de amor, compromiso y acci\u00f3n por los animales. C\u00f3moda, funcional y llena de prop\u00f3sito.<\/p>\n","protected":false},"featured_media":5315,"comment_status":"open","ping_status":"closed","template":"","meta":{"_uag_custom_page_level_css":"","site-sidebar-layout":"default","site-content-layout":"","ast-site-content-layout":"default","site-content-style":"default","site-sidebar-style":"default","ast-global-header-display":"","ast-banner-title-visibility":"","ast-main-header-display":"","ast-hfb-above-header-display":"","ast-hfb-below-header-display":"","ast-hfb-mobile-header-display":"","site-post-title":"","ast-breadcrumbs-content":"","ast-featured-img":"","footer-sml-layout":"","ast-disable-related-posts":"","theme-transparent-header-meta":"default","adv-header-id-meta":"","stick-header-meta":"","header-above-stick-meta":"","header-main-stick-meta":"","header-below-stick-meta":"","astra-migrate-meta-layouts":"set","ast-page-background-enabled":"default","ast-page-background-meta":{"desktop":{"background-color":"","background-image":"","background-repeat":"repeat","background-position":"center center","background-size":"auto","background-attachment":"scroll","background-type":"","background-media":"","overlay-type":"","overlay-color":"","overlay-opacity":"","overlay-gradient":""},"tablet":{"background-color":"","background-image":"","background-repeat":"repeat","background-position":"center center","background-size":"auto","background-attachment":"scroll","background-type":"","background-media":"","overlay-type":"","overlay-color":"","overlay-opacity":"","overlay-gradient":""},"mobile":{"background-color":"","background-image":"","background-repeat":"repeat","background-position":"center center","background-size":"auto","background-attachment":"scroll","background-type":"","background-media":"","overlay-type":"","overlay-color":"","overlay-opacity":"","overlay-gradient":""}},"ast-content-background-meta":{"desktop":{"background-color":"var(--ast-global-color-4)","background-image":"","background-repeat":"repeat","background-position":"center center","background-size":"auto","background-attachment":"scroll","background-type":"","background-media":"","overlay-type":"","overlay-color":"","overlay-opacity":"","overlay-gradient":""},"tablet":{"background-color":"var(--ast-global-color-4)","background-image":"","background-repeat":"repeat","background-position":"center center","background-size":"auto","background-attachment":"scroll","background-type":"","background-media":"","overlay-type":"","overlay-color":"","overlay-opacity":"","overlay-gradient":""},"mobile":{"background-color":"var(--ast-global-color-4)","background-image":"","background-repeat":"repeat","background-position":"center center","background-size":"auto","background-attachment":"scroll","background-type":"","background-media":"","overlay-type":"","overlay-color":"","overlay-opacity":"","overlay-gradient":""}}},"product_brand":[],"product_cat":[119,113],"product_tag":[140,141,49,139],"class_list":{"0":"post-5322","1":"product","2":"type-product","3":"status-publish","4":"has-post-thumbnail","6":"product_cat-humanos","7":"product_cat-modaalpelo","8":"product_tag-ava","9":"product_tag-ayudar","10":"product_tag-gorra","11":"product_tag-voluntario","12":"desktop-align-left","13":"tablet-align-left","14":"mobile-align-left","16":"first","17":"instock","18":"shipping-taxable","19":"purchasable","20":"product-type-simple"},"yoast_head":"<!-- This site is optimized with the Yoast SEO plugin v27.4 - https:\/\/yoast.com\/product\/yoast-seo-wordpress\/ -->\n<title>Gorra Voluntario AVA - alpelobydoggyinhome.com<\/title>\n<meta name=\"description\" content=\"Un s\u00edmbolo de amor, compromiso y acci\u00f3n por los animales. C\u00f3moda, funcional y llena de prop\u00f3sito\" \/>\n<meta name=\"robots\" content=\"index, follow, max-snippet:-1, max-image-preview:large, max-video-preview:-1\" \/>\n<link rel=\"canonical\" href=\"https:\/\/alpelobydoggyinhome.com\/?product=gorra-voluntario-ava\" \/>\n<meta property=\"og:locale\" content=\"es_ES\" \/>\n<meta property=\"og:type\" content=\"article\" \/>\n<meta property=\"og:title\" content=\"Gorra Voluntario AVA - alpelobydoggyinhome.com\" \/>\n<meta property=\"og:description\" content=\"Un s\u00edmbolo de amor, compromiso y acci\u00f3n por los animales. C\u00f3moda, funcional y llena de prop\u00f3sito\" \/>\n<meta property=\"og:url\" content=\"https:\/\/alpelobydoggyinhome.com\/?product=gorra-voluntario-ava\" \/>\n<meta property=\"og:site_name\" content=\"alpelobydoggyinhome.com\" \/>\n<meta property=\"og:image\" content=\"https:\/\/alpelobydoggyinhome.com\/wp-content\/uploads\/2026\/01\/WhatsApp-Image-2026-01-20-at-9.33.10-AM-2.jpeg\" \/>\n\t<meta property=\"og:image:width\" content=\"1278\" \/>\n\t<meta property=\"og:image:height\" content=\"1600\" \/>\n\t<meta property=\"og:image:type\" content=\"image\/jpeg\" \/>\n<meta name=\"twitter:card\" content=\"summary_large_image\" \/>\n<meta name=\"twitter:label1\" content=\"Tiempo de lectura\" \/>\n\t<meta name=\"twitter:data1\" content=\"1 minuto\" \/>\n<script type=\"application\/ld+json\" class=\"yoast-schema-graph\">{\"@context\":\"https:\\\/\\\/schema.org\",\"@graph\":[{\"@type\":\"WebPage\",\"@id\":\"https:\\\/\\\/alpelobydoggyinhome.com\\\/?product=gorra-voluntario-ava\",\"url\":\"https:\\\/\\\/alpelobydoggyinhome.com\\\/?product=gorra-voluntario-ava\",\"name\":\"Gorra Voluntario AVA - alpelobydoggyinhome.com\",\"isPartOf\":{\"@id\":\"https:\\\/\\\/alpelobydoggyinhome.com\\\/#website\"},\"primaryImageOfPage\":{\"@id\":\"https:\\\/\\\/alpelobydoggyinhome.com\\\/?product=gorra-voluntario-ava#primaryimage\"},\"image\":{\"@id\":\"https:\\\/\\\/alpelobydoggyinhome.com\\\/?product=gorra-voluntario-ava#primaryimage\"},\"thumbnailUrl\":\"https:\\\/\\\/alpelobydoggyinhome.com\\\/wp-content\\\/uploads\\\/2026\\\/01\\\/WhatsApp-Image-2026-01-20-at-9.33.10-AM-2.jpeg\",\"datePublished\":\"2026-01-21T00:52:50+00:00\",\"description\":\"Un s\u00edmbolo de amor, compromiso y acci\u00f3n por los animales. C\u00f3moda, funcional y llena de prop\u00f3sito\",\"breadcrumb\":{\"@id\":\"https:\\\/\\\/alpelobydoggyinhome.com\\\/?product=gorra-voluntario-ava#breadcrumb\"},\"inLanguage\":\"es-CO\",\"potentialAction\":[{\"@type\":\"ReadAction\",\"target\":[\"https:\\\/\\\/alpelobydoggyinhome.com\\\/?product=gorra-voluntario-ava\"]}]},{\"@type\":\"ImageObject\",\"inLanguage\":\"es-CO\",\"@id\":\"https:\\\/\\\/alpelobydoggyinhome.com\\\/?product=gorra-voluntario-ava#primaryimage\",\"url\":\"https:\\\/\\\/alpelobydoggyinhome.com\\\/wp-content\\\/uploads\\\/2026\\\/01\\\/WhatsApp-Image-2026-01-20-at-9.33.10-AM-2.jpeg\",\"contentUrl\":\"https:\\\/\\\/alpelobydoggyinhome.com\\\/wp-content\\\/uploads\\\/2026\\\/01\\\/WhatsApp-Image-2026-01-20-at-9.33.10-AM-2.jpeg\",\"width\":1278,\"height\":1600},{\"@type\":\"BreadcrumbList\",\"@id\":\"https:\\\/\\\/alpelobydoggyinhome.com\\\/?product=gorra-voluntario-ava#breadcrumb\",\"itemListElement\":[{\"@type\":\"ListItem\",\"position\":1,\"name\":\"Home\",\"item\":\"https:\\\/\\\/alpelobydoggyinhome.com\\\/\"},{\"@type\":\"ListItem\",\"position\":2,\"name\":\"PRODUCTOS\",\"item\":\"https:\\\/\\\/alpelobydoggyinhome.com\\\/?page_id=3021\"},{\"@type\":\"ListItem\",\"position\":3,\"name\":\"Gorra Voluntario AVA\"}]},{\"@type\":\"WebSite\",\"@id\":\"https:\\\/\\\/alpelobydoggyinhome.com\\\/#website\",\"url\":\"https:\\\/\\\/alpelobydoggyinhome.com\\\/\",\"name\":\"alpelobydoggyinhome.com\",\"description\":\"\",\"publisher\":{\"@id\":\"https:\\\/\\\/alpelobydoggyinhome.com\\\/#organization\"},\"potentialAction\":[{\"@type\":\"SearchAction\",\"target\":{\"@type\":\"EntryPoint\",\"urlTemplate\":\"https:\\\/\\\/alpelobydoggyinhome.com\\\/?s={search_term_string}\"},\"query-input\":{\"@type\":\"PropertyValueSpecification\",\"valueRequired\":true,\"valueName\":\"search_term_string\"}}],\"inLanguage\":\"es-CO\"},{\"@type\":\"Organization\",\"@id\":\"https:\\\/\\\/alpelobydoggyinhome.com\\\/#organization\",\"name\":\"alpelobydoggyinhome.com\",\"url\":\"https:\\\/\\\/alpelobydoggyinhome.com\\\/\",\"logo\":{\"@type\":\"ImageObject\",\"inLanguage\":\"es-CO\",\"@id\":\"https:\\\/\\\/alpelobydoggyinhome.com\\\/#\\\/schema\\\/logo\\\/image\\\/\",\"url\":\"https:\\\/\\\/alpelobydoggyinhome.com\\\/wp-content\\\/uploads\\\/2024\\\/10\\\/WhatsApp_Image_2024-10-29_at_2.00.42_PM__2_-removebg-preview.png\",\"contentUrl\":\"https:\\\/\\\/alpelobydoggyinhome.com\\\/wp-content\\\/uploads\\\/2024\\\/10\\\/WhatsApp_Image_2024-10-29_at_2.00.42_PM__2_-removebg-preview.png\",\"width\":500,\"height\":500,\"caption\":\"alpelobydoggyinhome.com\"},\"image\":{\"@id\":\"https:\\\/\\\/alpelobydoggyinhome.com\\\/#\\\/schema\\\/logo\\\/image\\\/\"},\"sameAs\":[\"https:\\\/\\\/www.instagram.com\\\/alpelo_bydoggyinhome\"]}]}<\/script>\n<!-- \/ Yoast SEO plugin. -->","yoast_head_json":{"title":"Gorra Voluntario AVA - alpelobydoggyinhome.com","description":"Un s\u00edmbolo de amor, compromiso y acci\u00f3n por los animales. C\u00f3moda, funcional y llena de prop\u00f3sito","robots":{"index":"index","follow":"follow","max-snippet":"max-snippet:-1","max-image-preview":"max-image-preview:large","max-video-preview":"max-video-preview:-1"},"canonical":"https:\/\/alpelobydoggyinhome.com\/?product=gorra-voluntario-ava","og_locale":"es_ES","og_type":"article","og_title":"Gorra Voluntario AVA - alpelobydoggyinhome.com","og_description":"Un s\u00edmbolo de amor, compromiso y acci\u00f3n por los animales. C\u00f3moda, funcional y llena de prop\u00f3sito","og_url":"https:\/\/alpelobydoggyinhome.com\/?product=gorra-voluntario-ava","og_site_name":"alpelobydoggyinhome.com","og_image":[{"width":1278,"height":1600,"url":"https:\/\/alpelobydoggyinhome.com\/wp-content\/uploads\/2026\/01\/WhatsApp-Image-2026-01-20-at-9.33.10-AM-2.jpeg","type":"image\/jpeg"}],"twitter_card":"summary_large_image","twitter_misc":{"Tiempo de lectura":"1 minuto"},"schema":{"@context":"https:\/\/schema.org","@graph":[{"@type":"WebPage","@id":"https:\/\/alpelobydoggyinhome.com\/?product=gorra-voluntario-ava","url":"https:\/\/alpelobydoggyinhome.com\/?product=gorra-voluntario-ava","name":"Gorra Voluntario AVA - alpelobydoggyinhome.com","isPartOf":{"@id":"https:\/\/alpelobydoggyinhome.com\/#website"},"primaryImageOfPage":{"@id":"https:\/\/alpelobydoggyinhome.com\/?product=gorra-voluntario-ava#primaryimage"},"image":{"@id":"https:\/\/alpelobydoggyinhome.com\/?product=gorra-voluntario-ava#primaryimage"},"thumbnailUrl":"https:\/\/alpelobydoggyinhome.com\/wp-content\/uploads\/2026\/01\/WhatsApp-Image-2026-01-20-at-9.33.10-AM-2.jpeg","datePublished":"2026-01-21T00:52:50+00:00","description":"Un s\u00edmbolo de amor, compromiso y acci\u00f3n por los animales. C\u00f3moda, funcional y llena de prop\u00f3sito","breadcrumb":{"@id":"https:\/\/alpelobydoggyinhome.com\/?product=gorra-voluntario-ava#breadcrumb"},"inLanguage":"es-CO","potentialAction":[{"@type":"ReadAction","target":["https:\/\/alpelobydoggyinhome.com\/?product=gorra-voluntario-ava"]}]},{"@type":"ImageObject","inLanguage":"es-CO","@id":"https:\/\/alpelobydoggyinhome.com\/?product=gorra-voluntario-ava#primaryimage","url":"https:\/\/alpelobydoggyinhome.com\/wp-content\/uploads\/2026\/01\/WhatsApp-Image-2026-01-20-at-9.33.10-AM-2.jpeg","contentUrl":"https:\/\/alpelobydoggyinhome.com\/wp-content\/uploads\/2026\/01\/WhatsApp-Image-2026-01-20-at-9.33.10-AM-2.jpeg","width":1278,"height":1600},{"@type":"BreadcrumbList","@id":"https:\/\/alpelobydoggyinhome.com\/?product=gorra-voluntario-ava#breadcrumb","itemListElement":[{"@type":"ListItem","position":1,"name":"Home","item":"https:\/\/alpelobydoggyinhome.com\/"},{"@type":"ListItem","position":2,"name":"PRODUCTOS","item":"https:\/\/alpelobydoggyinhome.com\/?page_id=3021"},{"@type":"ListItem","position":3,"name":"Gorra Voluntario AVA"}]},{"@type":"WebSite","@id":"https:\/\/alpelobydoggyinhome.com\/#website","url":"https:\/\/alpelobydoggyinhome.com\/","name":"alpelobydoggyinhome.com","description":"","publisher":{"@id":"https:\/\/alpelobydoggyinhome.com\/#organization"},"potentialAction":[{"@type":"SearchAction","target":{"@type":"EntryPoint","urlTemplate":"https:\/\/alpelobydoggyinhome.com\/?s={search_term_string}"},"query-input":{"@type":"PropertyValueSpecification","valueRequired":true,"valueName":"search_term_string"}}],"inLanguage":"es-CO"},{"@type":"Organization","@id":"https:\/\/alpelobydoggyinhome.com\/#organization","name":"alpelobydoggyinhome.com","url":"https:\/\/alpelobydoggyinhome.com\/","logo":{"@type":"ImageObject","inLanguage":"es-CO","@id":"https:\/\/alpelobydoggyinhome.com\/#\/schema\/logo\/image\/","url":"https:\/\/alpelobydoggyinhome.com\/wp-content\/uploads\/2024\/10\/WhatsApp_Image_2024-10-29_at_2.00.42_PM__2_-removebg-preview.png","contentUrl":"https:\/\/alpelobydoggyinhome.com\/wp-content\/uploads\/2024\/10\/WhatsApp_Image_2024-10-29_at_2.00.42_PM__2_-removebg-preview.png","width":500,"height":500,"caption":"alpelobydoggyinhome.com"},"image":{"@id":"https:\/\/alpelobydoggyinhome.com\/#\/schema\/logo\/image\/"},"sameAs":["https:\/\/www.instagram.com\/alpelo_bydoggyinhome"]}]}},"uagb_featured_image_src":{"full":["https:\/\/alpelobydoggyinhome.com\/wp-content\/uploads\/2026\/01\/WhatsApp-Image-2026-01-20-at-9.33.10-AM-2.jpeg",1278,1600,false],"thumbnail":["https:\/\/alpelobydoggyinhome.com\/wp-content\/uploads\/2026\/01\/WhatsApp-Image-2026-01-20-at-9.33.10-AM-2-150x150.jpeg",150,150,true],"medium":["https:\/\/alpelobydoggyinhome.com\/wp-content\/uploads\/2026\/01\/WhatsApp-Image-2026-01-20-at-9.33.10-AM-2-240x300.jpeg",240,300,true],"medium_large":["https:\/\/alpelobydoggyinhome.com\/wp-content\/uploads\/2026\/01\/WhatsApp-Image-2026-01-20-at-9.33.10-AM-2-768x962.jpeg",768,962,true],"large":["https:\/\/alpelobydoggyinhome.com\/wp-content\/uploads\/2026\/01\/WhatsApp-Image-2026-01-20-at-9.33.10-AM-2-818x1024.jpeg",818,1024,true],"1536x1536":["https:\/\/alpelobydoggyinhome.com\/wp-content\/uploads\/2026\/01\/WhatsApp-Image-2026-01-20-at-9.33.10-AM-2-1227x1536.jpeg",1227,1536,true],"2048x2048":["https:\/\/alpelobydoggyinhome.com\/wp-content\/uploads\/2026\/01\/WhatsApp-Image-2026-01-20-at-9.33.10-AM-2.jpeg",1278,1600,false],"woocommerce_thumbnail":["https:\/\/alpelobydoggyinhome.com\/wp-content\/uploads\/2026\/01\/WhatsApp-Image-2026-01-20-at-9.33.10-AM-2-300x300.jpeg",300,300,true],"woocommerce_single":["https:\/\/alpelobydoggyinhome.com\/wp-content\/uploads\/2026\/01\/WhatsApp-Image-2026-01-20-at-9.33.10-AM-2-600x751.jpeg",600,751,true],"woocommerce_gallery_thumbnail":["https:\/\/alpelobydoggyinhome.com\/wp-content\/uploads\/2026\/01\/WhatsApp-Image-2026-01-20-at-9.33.10-AM-2-100x100.jpeg",100,100,true]},"uagb_author_info":{"display_name":"David Casta\u00f1eda","author_link":"https:\/\/alpelobydoggyinhome.com\/?author=0"},"uagb_comment_info":0,"uagb_excerpt":"Gorra Voluntario AVA \u2013 Doggy in Home \ud83d\udc3eUn s\u00edmbolo de amor, compromiso y acci\u00f3n por los animales. C\u00f3moda, funcional y llena de prop\u00f3sito.","_links":{"self":[{"href":"https:\/\/alpelobydoggyinhome.com\/index.php?rest_route=\/wp\/v2\/product\/5322","targetHints":{"allow":["GET"]}}],"collection":[{"href":"https:\/\/alpelobydoggyinhome.com\/index.php?rest_route=\/wp\/v2\/product"}],"about":[{"href":"https:\/\/alpelobydoggyinhome.com\/index.php?rest_route=\/wp\/v2\/types\/product"}],"replies":[{"embeddable":true,"href":"https:\/\/alpelobydoggyinhome.com\/index.php?rest_route=%2Fwp%2Fv2%2Fcomments&post=5322"}],"version-history":[{"count":1,"href":"https:\/\/alpelobydoggyinhome.com\/index.php?rest_route=\/wp\/v2\/product\/5322\/revisions"}],"predecessor-version":[{"id":5323,"href":"https:\/\/alpelobydoggyinhome.com\/index.php?rest_route=\/wp\/v2\/product\/5322\/revisions\/5323"}],"wp:featuredmedia":[{"embeddable":true,"href":"https:\/\/alpelobydoggyinhome.com\/index.php?rest_route=\/wp\/v2\/media\/5315"}],"wp:attachment":[{"href":"https:\/\/alpelobydoggyinhome.com\/index.php?rest_route=%2Fwp%2Fv2%2Fmedia&parent=5322"}],"wp:term":[{"taxonomy":"product_brand","embeddable":true,"href":"https:\/\/alpelobydoggyinhome.com\/index.php?rest_route=%2Fwp%2Fv2%2Fproduct_brand&post=5322"},{"taxonomy":"product_cat","embeddable":true,"href":"https:\/\/alpelobydoggyinhome.com\/index.php?rest_route=%2Fwp%2Fv2%2Fproduct_cat&post=5322"},{"taxonomy":"product_tag","embeddable":true,"href":"https:\/\/alpelobydoggyinhome.com\/index.php?rest_route=%2Fwp%2Fv2%2Fproduct_tag&post=5322"}],"curies":[{"name":"wp","href":"https:\/\/api.w.org\/{rel}","templated":true}]}}