{"id":5336,"date":"2026-04-12T14:10:02","date_gmt":"2026-04-12T14:10:02","guid":{"rendered":"https:\/\/alpelobydoggyinhome.com\/?post_type=product&#038;p=5336"},"modified":"2026-04-12T14:10:02","modified_gmt":"2026-04-12T14:10:02","slug":"pines-catmom-dogmom","status":"publish","type":"product","link":"https:\/\/alpelobydoggyinhome.com\/?product=pines-catmom-dogmom","title":{"rendered":"Pines CatMom &#038; DogMom"},"content":{"rendered":"<p data-start=\"63\" data-end=\"315\">Demuestra al mundo el amor infinito que sientes por tus peluditos con nuestros pines <strong data-start=\"148\" data-end=\"158\">CatMom<\/strong> y <strong data-start=\"161\" data-end=\"171\">DogMom<\/strong>. \ud83d\udc36\ud83d\udc31 Dise\u00f1ados especialmente para quienes saben que ser mam\u00e1 de un gato o perro es un estilo de vida lleno de ternura, compromiso y coraz\u00f3n.<\/p>\n<p data-start=\"317\" data-end=\"352\">\u2728 <strong data-start=\"319\" data-end=\"350\">\u00bfPor qu\u00e9 te van a encantar?<\/strong><\/p>\n<ul data-start=\"353\" data-end=\"627\">\n<li data-section-id=\"1u691ay\" data-start=\"353\" data-end=\"413\">\ud83d\udc95 Expresan tu amor animalista de forma \u00fanica y elegante<\/li>\n<li data-section-id=\"snd0uf\" data-start=\"414\" data-end=\"484\">\ud83c\udf80 Dise\u00f1o delicado, ideal para usar en ropa, mochilas o accesorios<\/li>\n<li data-section-id=\"ckrn2h\" data-start=\"485\" data-end=\"540\">\ud83d\udc3e Perfectos para regalar a amantes de los animales<\/li>\n<li data-section-id=\"1pm39xz\" data-start=\"541\" data-end=\"627\">\ud83c\udf1f Apoyas directamente el rescate y cuidado de perritos y gatitos de Doggy in Home<\/li>\n<\/ul>\n<p data-start=\"629\" data-end=\"770\">\ud83d\udc9b Cada pin no es solo un accesorio\u2026 es una forma de ayudar a transformar vidas y darle una segunda oportunidad a quienes m\u00e1s lo necesitan.<\/p>\n<p data-start=\"772\" data-end=\"817\" data-is-last-node=\"\" data-is-only-node=\"\">\ud83d\udc3e <strong data-start=\"775\" data-end=\"817\" data-is-last-node=\"\">Ll\u00e9valo contigo y s\u00e9 parte del cambio.<\/strong><\/p>\n","protected":false},"excerpt":{"rendered":"<p data-start=\"35\" data-end=\"186\">Luce con orgullo tu amor por los animales con nuestros pines CatMom y DogMom. \ud83d\udc36\ud83d\udc31 Un accesorio lindo y significativo que puedes usar todos los d\u00edas.<\/p>\n<p data-start=\"188\" data-end=\"273\" data-is-last-node=\"\" data-is-only-node=\"\">\ud83d\udc9b Al comprarlos, apoyas el rescate y cuidado de perritos y gatitos de Doggy in Home.<\/p>\n","protected":false},"featured_media":5337,"comment_status":"open","ping_status":"closed","template":"","meta":{"_uag_custom_page_level_css":"","site-sidebar-layout":"default","site-content-layout":"","ast-site-content-layout":"default","site-content-style":"default","site-sidebar-style":"default","ast-global-header-display":"","ast-banner-title-visibility":"","ast-main-header-display":"","ast-hfb-above-header-display":"","ast-hfb-below-header-display":"","ast-hfb-mobile-header-display":"","site-post-title":"","ast-breadcrumbs-content":"","ast-featured-img":"","footer-sml-layout":"","theme-transparent-header-meta":"default","adv-header-id-meta":"","stick-header-meta":"","header-above-stick-meta":"","header-main-stick-meta":"","header-below-stick-meta":"","astra-migrate-meta-layouts":"set","ast-page-background-enabled":"default","ast-page-background-meta":{"desktop":{"background-color":"","background-image":"","background-repeat":"repeat","background-position":"center center","background-size":"auto","background-attachment":"scroll","background-type":"","background-media":"","overlay-type":"","overlay-color":"","overlay-opacity":"","overlay-gradient":""},"tablet":{"background-color":"","background-image":"","background-repeat":"repeat","background-position":"center center","background-size":"auto","background-attachment":"scroll","background-type":"","background-media":"","overlay-type":"","overlay-color":"","overlay-opacity":"","overlay-gradient":""},"mobile":{"background-color":"","background-image":"","background-repeat":"repeat","background-position":"center center","background-size":"auto","background-attachment":"scroll","background-type":"","background-media":"","overlay-type":"","overlay-color":"","overlay-opacity":"","overlay-gradient":""}},"ast-content-background-meta":{"desktop":{"background-color":"var(--ast-global-color-5)","background-image":"","background-repeat":"repeat","background-position":"center center","background-size":"auto","background-attachment":"scroll","background-type":"","background-media":"","overlay-type":"","overlay-color":"","overlay-opacity":"","overlay-gradient":""},"tablet":{"background-color":"var(--ast-global-color-5)","background-image":"","background-repeat":"repeat","background-position":"center center","background-size":"auto","background-attachment":"scroll","background-type":"","background-media":"","overlay-type":"","overlay-color":"","overlay-opacity":"","overlay-gradient":""},"mobile":{"background-color":"var(--ast-global-color-5)","background-image":"","background-repeat":"repeat","background-position":"center center","background-size":"auto","background-attachment":"scroll","background-type":"","background-media":"","overlay-type":"","overlay-color":"","overlay-opacity":"","overlay-gradient":""}}},"product_brand":[],"product_cat":[120,32],"product_tag":[145,144,143,142],"class_list":{"0":"post-5336","1":"product","2":"type-product","3":"status-publish","4":"has-post-thumbnail","6":"product_cat-merchandising","7":"product_cat-producto-social","8":"product_tag-accesorio","9":"product_tag-catmom","10":"product_tag-dogmom","11":"product_tag-pin","12":"desktop-align-left","13":"tablet-align-left","14":"mobile-align-left","16":"first","17":"instock","18":"shipping-taxable","19":"purchasable","20":"product-type-simple"},"yoast_head":"<!-- This site is optimized with the Yoast SEO plugin v26.8 - https:\/\/yoast.com\/product\/yoast-seo-wordpress\/ -->\n<title>Pines CatMom &amp; DogMom - alpelobydoggyinhome.com<\/title>\n<meta name=\"description\" content=\"Demuestra al mundo el amor infinito que sientes por tus peluditos con nuestros pines CatMom y DogMom. Dise\u00f1ados especialmente...\" \/>\n<meta name=\"robots\" content=\"index, follow, max-snippet:-1, max-image-preview:large, max-video-preview:-1\" \/>\n<link rel=\"canonical\" href=\"https:\/\/alpelobydoggyinhome.com\/?product=pines-catmom-dogmom\" \/>\n<meta property=\"og:locale\" content=\"es_ES\" \/>\n<meta property=\"og:type\" content=\"article\" \/>\n<meta property=\"og:title\" content=\"Pines CatMom &amp; DogMom - alpelobydoggyinhome.com\" \/>\n<meta property=\"og:description\" content=\"Demuestra al mundo el amor infinito que sientes por tus peluditos con nuestros pines CatMom y DogMom. Dise\u00f1ados especialmente...\" \/>\n<meta property=\"og:url\" content=\"https:\/\/alpelobydoggyinhome.com\/?product=pines-catmom-dogmom\" \/>\n<meta property=\"og:site_name\" content=\"alpelobydoggyinhome.com\" \/>\n<meta property=\"og:image\" content=\"https:\/\/alpelobydoggyinhome.com\/wp-content\/uploads\/2026\/04\/WhatsApp-Image-2026-04-08-at-5.51.05-AM-1.jpeg\" \/>\n\t<meta property=\"og:image:width\" content=\"1024\" \/>\n\t<meta property=\"og:image:height\" content=\"1024\" \/>\n\t<meta property=\"og:image:type\" content=\"image\/jpeg\" \/>\n<meta name=\"twitter:card\" content=\"summary_large_image\" \/>\n<meta name=\"twitter:label1\" content=\"Tiempo de lectura\" \/>\n\t<meta name=\"twitter:data1\" content=\"1 minuto\" \/>\n<script type=\"application\/ld+json\" class=\"yoast-schema-graph\">{\"@context\":\"https:\/\/schema.org\",\"@graph\":[{\"@type\":\"WebPage\",\"@id\":\"https:\/\/alpelobydoggyinhome.com\/?product=pines-catmom-dogmom\",\"url\":\"https:\/\/alpelobydoggyinhome.com\/?product=pines-catmom-dogmom\",\"name\":\"Pines CatMom & DogMom - alpelobydoggyinhome.com\",\"isPartOf\":{\"@id\":\"https:\/\/alpelobydoggyinhome.com\/#website\"},\"primaryImageOfPage\":{\"@id\":\"https:\/\/alpelobydoggyinhome.com\/?product=pines-catmom-dogmom#primaryimage\"},\"image\":{\"@id\":\"https:\/\/alpelobydoggyinhome.com\/?product=pines-catmom-dogmom#primaryimage\"},\"thumbnailUrl\":\"https:\/\/alpelobydoggyinhome.com\/wp-content\/uploads\/2026\/04\/WhatsApp-Image-2026-04-08-at-5.51.05-AM-1.jpeg\",\"datePublished\":\"2026-04-12T14:10:02+00:00\",\"description\":\"Demuestra al mundo el amor infinito que sientes por tus peluditos con nuestros pines CatMom y DogMom. Dise\u00f1ados especialmente...\",\"breadcrumb\":{\"@id\":\"https:\/\/alpelobydoggyinhome.com\/?product=pines-catmom-dogmom#breadcrumb\"},\"inLanguage\":\"es-CO\",\"potentialAction\":[{\"@type\":\"ReadAction\",\"target\":[\"https:\/\/alpelobydoggyinhome.com\/?product=pines-catmom-dogmom\"]}]},{\"@type\":\"ImageObject\",\"inLanguage\":\"es-CO\",\"@id\":\"https:\/\/alpelobydoggyinhome.com\/?product=pines-catmom-dogmom#primaryimage\",\"url\":\"https:\/\/alpelobydoggyinhome.com\/wp-content\/uploads\/2026\/04\/WhatsApp-Image-2026-04-08-at-5.51.05-AM-1.jpeg\",\"contentUrl\":\"https:\/\/alpelobydoggyinhome.com\/wp-content\/uploads\/2026\/04\/WhatsApp-Image-2026-04-08-at-5.51.05-AM-1.jpeg\",\"width\":1024,\"height\":1024},{\"@type\":\"BreadcrumbList\",\"@id\":\"https:\/\/alpelobydoggyinhome.com\/?product=pines-catmom-dogmom#breadcrumb\",\"itemListElement\":[{\"@type\":\"ListItem\",\"position\":1,\"name\":\"Home\",\"item\":\"https:\/\/alpelobydoggyinhome.com\/\"},{\"@type\":\"ListItem\",\"position\":2,\"name\":\"PRODUCTOS\",\"item\":\"https:\/\/alpelobydoggyinhome.com\/?page_id=3021\"},{\"@type\":\"ListItem\",\"position\":3,\"name\":\"Pines CatMom &#038; DogMom\"}]},{\"@type\":\"WebSite\",\"@id\":\"https:\/\/alpelobydoggyinhome.com\/#website\",\"url\":\"https:\/\/alpelobydoggyinhome.com\/\",\"name\":\"alpelobydoggyinhome.com\",\"description\":\"\",\"publisher\":{\"@id\":\"https:\/\/alpelobydoggyinhome.com\/#organization\"},\"potentialAction\":[{\"@type\":\"SearchAction\",\"target\":{\"@type\":\"EntryPoint\",\"urlTemplate\":\"https:\/\/alpelobydoggyinhome.com\/?s={search_term_string}\"},\"query-input\":{\"@type\":\"PropertyValueSpecification\",\"valueRequired\":true,\"valueName\":\"search_term_string\"}}],\"inLanguage\":\"es-CO\"},{\"@type\":\"Organization\",\"@id\":\"https:\/\/alpelobydoggyinhome.com\/#organization\",\"name\":\"alpelobydoggyinhome.com\",\"url\":\"https:\/\/alpelobydoggyinhome.com\/\",\"logo\":{\"@type\":\"ImageObject\",\"inLanguage\":\"es-CO\",\"@id\":\"https:\/\/alpelobydoggyinhome.com\/#\/schema\/logo\/image\/\",\"url\":\"https:\/\/alpelobydoggyinhome.com\/wp-content\/uploads\/2024\/10\/WhatsApp_Image_2024-10-29_at_2.00.42_PM__2_-removebg-preview.png\",\"contentUrl\":\"https:\/\/alpelobydoggyinhome.com\/wp-content\/uploads\/2024\/10\/WhatsApp_Image_2024-10-29_at_2.00.42_PM__2_-removebg-preview.png\",\"width\":500,\"height\":500,\"caption\":\"alpelobydoggyinhome.com\"},\"image\":{\"@id\":\"https:\/\/alpelobydoggyinhome.com\/#\/schema\/logo\/image\/\"},\"sameAs\":[\"https:\/\/www.instagram.com\/alpelo_bydoggyinhome\"]}]}<\/script>\n<!-- \/ Yoast SEO plugin. -->","yoast_head_json":{"title":"Pines CatMom & DogMom - alpelobydoggyinhome.com","description":"Demuestra al mundo el amor infinito que sientes por tus peluditos con nuestros pines CatMom y DogMom. Dise\u00f1ados especialmente...","robots":{"index":"index","follow":"follow","max-snippet":"max-snippet:-1","max-image-preview":"max-image-preview:large","max-video-preview":"max-video-preview:-1"},"canonical":"https:\/\/alpelobydoggyinhome.com\/?product=pines-catmom-dogmom","og_locale":"es_ES","og_type":"article","og_title":"Pines CatMom & DogMom - alpelobydoggyinhome.com","og_description":"Demuestra al mundo el amor infinito que sientes por tus peluditos con nuestros pines CatMom y DogMom. Dise\u00f1ados especialmente...","og_url":"https:\/\/alpelobydoggyinhome.com\/?product=pines-catmom-dogmom","og_site_name":"alpelobydoggyinhome.com","og_image":[{"width":1024,"height":1024,"url":"https:\/\/alpelobydoggyinhome.com\/wp-content\/uploads\/2026\/04\/WhatsApp-Image-2026-04-08-at-5.51.05-AM-1.jpeg","type":"image\/jpeg"}],"twitter_card":"summary_large_image","twitter_misc":{"Tiempo de lectura":"1 minuto"},"schema":{"@context":"https:\/\/schema.org","@graph":[{"@type":"WebPage","@id":"https:\/\/alpelobydoggyinhome.com\/?product=pines-catmom-dogmom","url":"https:\/\/alpelobydoggyinhome.com\/?product=pines-catmom-dogmom","name":"Pines CatMom & DogMom - alpelobydoggyinhome.com","isPartOf":{"@id":"https:\/\/alpelobydoggyinhome.com\/#website"},"primaryImageOfPage":{"@id":"https:\/\/alpelobydoggyinhome.com\/?product=pines-catmom-dogmom#primaryimage"},"image":{"@id":"https:\/\/alpelobydoggyinhome.com\/?product=pines-catmom-dogmom#primaryimage"},"thumbnailUrl":"https:\/\/alpelobydoggyinhome.com\/wp-content\/uploads\/2026\/04\/WhatsApp-Image-2026-04-08-at-5.51.05-AM-1.jpeg","datePublished":"2026-04-12T14:10:02+00:00","description":"Demuestra al mundo el amor infinito que sientes por tus peluditos con nuestros pines CatMom y DogMom. Dise\u00f1ados especialmente...","breadcrumb":{"@id":"https:\/\/alpelobydoggyinhome.com\/?product=pines-catmom-dogmom#breadcrumb"},"inLanguage":"es-CO","potentialAction":[{"@type":"ReadAction","target":["https:\/\/alpelobydoggyinhome.com\/?product=pines-catmom-dogmom"]}]},{"@type":"ImageObject","inLanguage":"es-CO","@id":"https:\/\/alpelobydoggyinhome.com\/?product=pines-catmom-dogmom#primaryimage","url":"https:\/\/alpelobydoggyinhome.com\/wp-content\/uploads\/2026\/04\/WhatsApp-Image-2026-04-08-at-5.51.05-AM-1.jpeg","contentUrl":"https:\/\/alpelobydoggyinhome.com\/wp-content\/uploads\/2026\/04\/WhatsApp-Image-2026-04-08-at-5.51.05-AM-1.jpeg","width":1024,"height":1024},{"@type":"BreadcrumbList","@id":"https:\/\/alpelobydoggyinhome.com\/?product=pines-catmom-dogmom#breadcrumb","itemListElement":[{"@type":"ListItem","position":1,"name":"Home","item":"https:\/\/alpelobydoggyinhome.com\/"},{"@type":"ListItem","position":2,"name":"PRODUCTOS","item":"https:\/\/alpelobydoggyinhome.com\/?page_id=3021"},{"@type":"ListItem","position":3,"name":"Pines CatMom &#038; DogMom"}]},{"@type":"WebSite","@id":"https:\/\/alpelobydoggyinhome.com\/#website","url":"https:\/\/alpelobydoggyinhome.com\/","name":"alpelobydoggyinhome.com","description":"","publisher":{"@id":"https:\/\/alpelobydoggyinhome.com\/#organization"},"potentialAction":[{"@type":"SearchAction","target":{"@type":"EntryPoint","urlTemplate":"https:\/\/alpelobydoggyinhome.com\/?s={search_term_string}"},"query-input":{"@type":"PropertyValueSpecification","valueRequired":true,"valueName":"search_term_string"}}],"inLanguage":"es-CO"},{"@type":"Organization","@id":"https:\/\/alpelobydoggyinhome.com\/#organization","name":"alpelobydoggyinhome.com","url":"https:\/\/alpelobydoggyinhome.com\/","logo":{"@type":"ImageObject","inLanguage":"es-CO","@id":"https:\/\/alpelobydoggyinhome.com\/#\/schema\/logo\/image\/","url":"https:\/\/alpelobydoggyinhome.com\/wp-content\/uploads\/2024\/10\/WhatsApp_Image_2024-10-29_at_2.00.42_PM__2_-removebg-preview.png","contentUrl":"https:\/\/alpelobydoggyinhome.com\/wp-content\/uploads\/2024\/10\/WhatsApp_Image_2024-10-29_at_2.00.42_PM__2_-removebg-preview.png","width":500,"height":500,"caption":"alpelobydoggyinhome.com"},"image":{"@id":"https:\/\/alpelobydoggyinhome.com\/#\/schema\/logo\/image\/"},"sameAs":["https:\/\/www.instagram.com\/alpelo_bydoggyinhome"]}]}},"uagb_featured_image_src":{"full":["https:\/\/alpelobydoggyinhome.com\/wp-content\/uploads\/2026\/04\/WhatsApp-Image-2026-04-08-at-5.51.05-AM-1.jpeg",1024,1024,false],"thumbnail":["https:\/\/alpelobydoggyinhome.com\/wp-content\/uploads\/2026\/04\/WhatsApp-Image-2026-04-08-at-5.51.05-AM-1-150x150.jpeg",150,150,true],"medium":["https:\/\/alpelobydoggyinhome.com\/wp-content\/uploads\/2026\/04\/WhatsApp-Image-2026-04-08-at-5.51.05-AM-1-300x300.jpeg",300,300,true],"medium_large":["https:\/\/alpelobydoggyinhome.com\/wp-content\/uploads\/2026\/04\/WhatsApp-Image-2026-04-08-at-5.51.05-AM-1-768x768.jpeg",768,768,true],"large":["https:\/\/alpelobydoggyinhome.com\/wp-content\/uploads\/2026\/04\/WhatsApp-Image-2026-04-08-at-5.51.05-AM-1.jpeg",1024,1024,false],"1536x1536":["https:\/\/alpelobydoggyinhome.com\/wp-content\/uploads\/2026\/04\/WhatsApp-Image-2026-04-08-at-5.51.05-AM-1.jpeg",1024,1024,false],"2048x2048":["https:\/\/alpelobydoggyinhome.com\/wp-content\/uploads\/2026\/04\/WhatsApp-Image-2026-04-08-at-5.51.05-AM-1.jpeg",1024,1024,false],"woocommerce_thumbnail":["https:\/\/alpelobydoggyinhome.com\/wp-content\/uploads\/2026\/04\/WhatsApp-Image-2026-04-08-at-5.51.05-AM-1-300x300.jpeg",300,300,true],"woocommerce_single":["https:\/\/alpelobydoggyinhome.com\/wp-content\/uploads\/2026\/04\/WhatsApp-Image-2026-04-08-at-5.51.05-AM-1-600x600.jpeg",600,600,true],"woocommerce_gallery_thumbnail":["https:\/\/alpelobydoggyinhome.com\/wp-content\/uploads\/2026\/04\/WhatsApp-Image-2026-04-08-at-5.51.05-AM-1-100x100.jpeg",100,100,true]},"uagb_author_info":{"display_name":"David Casta\u00f1eda","author_link":"https:\/\/alpelobydoggyinhome.com\/?author=0"},"uagb_comment_info":0,"uagb_excerpt":"Luce con orgullo tu amor por los animales con nuestros pines CatMom y DogMom. \ud83d\udc36\ud83d\udc31 Un accesorio lindo y significativo que puedes usar todos los d\u00edas. \ud83d\udc9b Al comprarlos, apoyas el rescate y cuidado de perritos y gatitos de Doggy in Home.","_links":{"self":[{"href":"https:\/\/alpelobydoggyinhome.com\/index.php?rest_route=\/wp\/v2\/product\/5336","targetHints":{"allow":["GET"]}}],"collection":[{"href":"https:\/\/alpelobydoggyinhome.com\/index.php?rest_route=\/wp\/v2\/product"}],"about":[{"href":"https:\/\/alpelobydoggyinhome.com\/index.php?rest_route=\/wp\/v2\/types\/product"}],"replies":[{"embeddable":true,"href":"https:\/\/alpelobydoggyinhome.com\/index.php?rest_route=%2Fwp%2Fv2%2Fcomments&post=5336"}],"version-history":[{"count":1,"href":"https:\/\/alpelobydoggyinhome.com\/index.php?rest_route=\/wp\/v2\/product\/5336\/revisions"}],"predecessor-version":[{"id":5339,"href":"https:\/\/alpelobydoggyinhome.com\/index.php?rest_route=\/wp\/v2\/product\/5336\/revisions\/5339"}],"wp:featuredmedia":[{"embeddable":true,"href":"https:\/\/alpelobydoggyinhome.com\/index.php?rest_route=\/wp\/v2\/media\/5337"}],"wp:attachment":[{"href":"https:\/\/alpelobydoggyinhome.com\/index.php?rest_route=%2Fwp%2Fv2%2Fmedia&parent=5336"}],"wp:term":[{"taxonomy":"product_brand","embeddable":true,"href":"https:\/\/alpelobydoggyinhome.com\/index.php?rest_route=%2Fwp%2Fv2%2Fproduct_brand&post=5336"},{"taxonomy":"product_cat","embeddable":true,"href":"https:\/\/alpelobydoggyinhome.com\/index.php?rest_route=%2Fwp%2Fv2%2Fproduct_cat&post=5336"},{"taxonomy":"product_tag","embeddable":true,"href":"https:\/\/alpelobydoggyinhome.com\/index.php?rest_route=%2Fwp%2Fv2%2Fproduct_tag&post=5336"}],"curies":[{"name":"wp","href":"https:\/\/api.w.org\/{rel}","templated":true}]}}